{"id":1221,"date":"2025-12-28T14:57:10","date_gmt":"2025-12-28T14:57:10","guid":{"rendered":"https:\/\/great-ocean-waterproof.com\/?post_type=product&#038;p=1221"},"modified":"2025-12-28T14:57:10","modified_gmt":"2025-12-28T14:57:10","slug":"jy-znu-self-adhesive-polymer-waterproofing-membrane-n","status":"publish","type":"product","link":"https:\/\/great-ocean-waterproof.com\/cy\/product\/jy-znu-self-adhesive-polymer-waterproofing-membrane-n\/","title":{"rendered":"Pilen Diddosi Polymer Hunan-gludiog JY-ZNU [N]"},"content":{"rendered":"<h2 dir=\"auto\">Cyflwyniad Cynnyrch<\/h2>\n<p dir=\"auto\">Mae Pilen Gwrth-dd\u0175r Polymer Hunan-Glynudol JY-ZNU [N] yn ddeunydd gwrth-dd\u0175r o fath nad yw'n deiar ac sydd wedi'i gynllunio ar gyfer cymwysiadau sydd angen amddiffyniad rhag lleithder. Mae'n defnyddio asffalt petrolewm fel y prif sail, ynghyd ag SBS (styren-bwtadien-styren) ac SBR (rwber styren-bwtadien) fel addaswyr i wella hyblygrwydd a phriodweddau adlyniad.<\/p>\n<p dir=\"auto\">Mae'r bilen yn cynnwys ffilm polyethylen (PE) wedi'i lamineiddio'n groes neu ffilm polyester (PET) ar yr wyneb uchaf, ynghyd \u00e2 ffilm ynysu wedi'i gorchuddio \u00e2 silicon y gellir ei phlicio ar yr wynebau uchaf ac isaf. Mae'r ffurfweddiad hwn yn caniat\u00e1u iddi ffurfio dalen gyrliog y gellir ei rhoi'n uniongyrchol heb ludyddion ychwanegol mewn llawer o achosion.<\/p>\n<p dir=\"auto\">Mae'r manylebau sydd ar gael yn cynnwys:<\/p>\n<table style=\"width: 100%;\" border=\"1\" width=\"100%\" cellspacing=\"0\" cellpadding=\"0\">\n<thead>\n<tr>\n<th data-col-size=\"md\">Paramedr<\/th>\n<th data-col-size=\"md\">Dewisiadau\/Gwerthoedd<\/th>\n<\/tr>\n<\/thead>\n<tbody>\n<tr>\n<td data-col-size=\"md\">Trwch (mm)<\/td>\n<td data-col-size=\"md\">1.2 \/ 1.5 \/ 2.0<\/td>\n<\/tr>\n<tr>\n<td data-col-size=\"md\">Hyd (m)<\/td>\n<td data-col-size=\"md\">15 \/ 20<\/td>\n<\/tr>\n<tr>\n<td data-col-size=\"md\">Lled (m)<\/td>\n<td data-col-size=\"md\">1.0<\/td>\n<\/tr>\n<tr>\n<td data-col-size=\"md\">Arwyneb<\/td>\n<td data-col-size=\"md\">PE \/ PET<\/td>\n<\/tr>\n<tr>\n<td data-col-size=\"md\">Is-wyneb<\/td>\n<td data-col-size=\"md\">Gwahanydd<\/td>\n<\/tr>\n<\/tbody>\n<\/table>\n<p dir=\"auto\">Mae'r cynnyrch hwn yn cyd-fynd \u00e2 safonau cyffredin y diwydiant ar gyfer pilenni asffalt wedi'u haddasu \u00e2 pholymer hunanlynol, a ddefnyddir fel arfer mewn toeau, isloriau, a senarios adeiladu eraill lle mae angen gwrth-dd\u0175r. Mae'r gosodiad yn cynnwys plicio'r ffilmiau ynysu a phwyso'r bilen ar arwynebau parod.<\/p>\n<p dir=\"auto\"><img loading=\"lazy\" decoding=\"async\" class=\"size-full wp-image-1227 aligncenter\" src=\"https:\/\/great-ocean-waterproof.com\/wp-content\/uploads\/2025\/12\/JY-ZNU-Self-Adhesive-Polymer-Waterproofing-Membrane-N2_1.webp\" alt=\"Pilen Diddosi Polymer Hunan-gludiog JY-ZNU [N]\" width=\"1920\" height=\"700\" srcset=\"https:\/\/great-ocean-waterproof.com\/wp-content\/uploads\/2025\/12\/JY-ZNU-Self-Adhesive-Polymer-Waterproofing-Membrane-N2_1.webp 1920w, https:\/\/great-ocean-waterproof.com\/wp-content\/uploads\/2025\/12\/JY-ZNU-Self-Adhesive-Polymer-Waterproofing-Membrane-N2_1-1280x467.webp 1280w, https:\/\/great-ocean-waterproof.com\/wp-content\/uploads\/2025\/12\/JY-ZNU-Self-Adhesive-Polymer-Waterproofing-Membrane-N2_1-980x357.webp 980w, https:\/\/great-ocean-waterproof.com\/wp-content\/uploads\/2025\/12\/JY-ZNU-Self-Adhesive-Polymer-Waterproofing-Membrane-N2_1-480x175.webp 480w\" sizes=\"(min-width: 0px) and (max-width: 480px) 480px, (min-width: 481px) and (max-width: 980px) 980px, (min-width: 981px) and (max-width: 1280px) 1280px, (min-width: 1281px) 1920px, 100vw\" \/><\/p>\n<h3 dir=\"auto\">Nodweddion Cynnyrch<\/h3>\n<p dir=\"auto\">Mae pilen gwrth-dd\u0175r hunanlynol JY-ZNU yn cynnig sawl nodwedd perfformiad allweddol yn seiliedig ar ei ddyluniad a'i ddeunyddiau:<\/p>\n<ul dir=\"auto\">\n<li><strong>Cryfder Bondio Uchel<\/strong>Mae'r resin gludiog yn gwella cryfder bondio'r coil, gan sicrhau ymlyniad cadarn i'r haen sylfaen wrth flaenoriaethu diogelwch, cyfeillgarwch amgylcheddol, a rhwyddineb defnydd.<\/li>\n<li><strong>Gludiad Cychwynnol Cryf<\/strong>Ar dymheredd uwchlaw 5\u00b0C, mae'n cyflawni bondio cadarn heb fod angen offer gwresogi, gan gynnal diogelwch, ystyriaethau amgylcheddol, a chyfleustra.<\/li>\n<li><strong>Gludiant Hirhoedlog<\/strong>Yn darparu adlyniad gwydn heb unrhyw ddatgysylltiad na gollyngiad d\u0175r o'r haen sylfaen, gan gynnwys hunan-fondio wrth gymalau glin sy'n cyd-fynd \u00e2 hyd oes y deunydd rholio.<\/li>\n<li><strong>Cryfder Tynnol Uchel<\/strong>Yn cynnwys cryfder tynnol o leiaf 350N\/50mm ac ymestyniad o 30% neu fwy, gan gynnig addasrwydd i grebachu, anffurfio a chracio'r sylfaen.<\/li>\n<li><strong>Ystod Tymheredd Eang<\/strong>Yn gwrthsefyll llif mewn tymereddau uchel hyd at 70\u00b0C ac yn osgoi cracio mewn tymereddau isel i lawr i -20\u00b0C, gan gefnogi defnydd ar draws amrywiol amodau.<\/li>\n<li><strong>Gallu Hunan-Iach\u00e2d Rhagorol<\/strong>Yn dangos y gallu i hunan-iach\u00e1u craciau m\u00e2n sy'n deillio o straen allanol.<\/li>\n<\/ul>\n<h3>Mynegai Perfformiad<\/h3>\n<table style=\"width: 100%;\" border=\"1\" width=\"100%\" cellspacing=\"0\" cellpadding=\"0\">\n<thead>\n<tr>\n<th>Na.<\/th>\n<th colspan=\"2\">Eitem<\/th>\n<th colspan=\"2\">Addysg Gorfforol<\/th>\n<th colspan=\"2\">PET<\/th>\n<th>D<\/th>\n<\/tr>\n<tr>\n<th><\/th>\n<th colspan=\"2\"><\/th>\n<th>\u2160<\/th>\n<th>\u2161<\/th>\n<th>\u2160<\/th>\n<th>\u2161<\/th>\n<th><\/th>\n<\/tr>\n<\/thead>\n<tbody>\n<tr>\n<td rowspan=\"4\">1<\/td>\n<td rowspan=\"4\">Priodwedd tynnol<\/td>\n<td>Grym tynnu\/(N\/50mm) \u2265<\/td>\n<td>150<\/td>\n<td>200<\/td>\n<td>150<\/td>\n<td>200<\/td>\n<td>–<\/td>\n<\/tr>\n<tr>\n<td>Ymestyniad ar y tensiwn mwyaf\/% \u2265<\/td>\n<td>200<\/td>\n<td>–<\/td>\n<td>30<\/td>\n<td>–<\/td>\n<td>–<\/td>\n<\/tr>\n<tr>\n<td>Cyfradd ymestyn toriad\/% \u2265<\/td>\n<td>250<\/td>\n<td>–<\/td>\n<td>150<\/td>\n<td>–<\/td>\n<td>450<\/td>\n<\/tr>\n<tr>\n<td>Ffenomen yn ystod ymestyn<\/td>\n<td colspan=\"6\">Yn ystod y broses ymestyn, nid oes gwahanu rhwng yr haen asffalt<\/td>\n<\/tr>\n<tr>\n<td>2<\/td>\n<td colspan=\"2\">Tear strength – nail rod\/N \u2265<\/td>\n<td>60<\/td>\n<td>110<\/td>\n<td>30<\/td>\n<td>40<\/td>\n<td>–<\/td>\n<\/tr>\n<tr>\n<td>3<\/td>\n<td colspan=\"2\">Gwrthiant gwres<\/td>\n<td colspan=\"6\">Llithro ar 70 \u2103 heb fod yn fwy na 2mm<\/td>\n<\/tr>\n<tr>\n<td rowspan=\"2\">4<\/td>\n<td colspan=\"2\" rowspan=\"2\">Hyblygrwydd tymheredd isel\/\u00b0C<\/td>\n<td colspan=\"6\">5 colofn<\/td>\n<\/tr>\n<tr>\n<td colspan=\"6\">Dim craciau<\/td>\n<\/tr>\n<tr>\n<td>5<\/td>\n<td colspan=\"2\">Anhydraidd<\/td>\n<td colspan=\"6\">0.2 MPa, anhydraidd am 120 munud<\/td>\n<\/tr>\n<\/tbody>\n<\/table>\n<h3>Cais<\/h3>\n<p dir=\"auto\">Mae Pilen Diddosi Polymer Hunangludiog JY-ZNU [N] yn gwasanaethu fel pilen diddosi hunangludiog sy'n berthnasol i doeau nad ydynt yn agored a strwythurau tanddaearol, fel isffyrdd agored. Mae hefyd yn cefnogi diddosi mewn pyllau, sianeli d\u0175r, a gosodiadau cysylltiedig, gan ei gwneud yn bilen diddosi hunangludiog ymarferol ar gyfer prosiectau to lle na ellir defnyddio fflamau agored.<\/p>\n<p dir=\"auto\"><img loading=\"lazy\" decoding=\"async\" class=\"size-full wp-image-1228 aligncenter\" src=\"https:\/\/great-ocean-waterproof.com\/wp-content\/uploads\/2025\/12\/JY-ZNU-Self-Adhesive-Polymer-Waterproofing-Membrane-N3_1.webp\" alt=\"Pilen Diddosi Polymer Hunan-gludiog JY-ZNU [N]\" width=\"2550\" height=\"820\" srcset=\"https:\/\/great-ocean-waterproof.com\/wp-content\/uploads\/2025\/12\/JY-ZNU-Self-Adhesive-Polymer-Waterproofing-Membrane-N3_1.webp 2550w, https:\/\/great-ocean-waterproof.com\/wp-content\/uploads\/2025\/12\/JY-ZNU-Self-Adhesive-Polymer-Waterproofing-Membrane-N3_1-1280x412.webp 1280w, https:\/\/great-ocean-waterproof.com\/wp-content\/uploads\/2025\/12\/JY-ZNU-Self-Adhesive-Polymer-Waterproofing-Membrane-N3_1-980x315.webp 980w, https:\/\/great-ocean-waterproof.com\/wp-content\/uploads\/2025\/12\/JY-ZNU-Self-Adhesive-Polymer-Waterproofing-Membrane-N3_1-480x154.webp 480w\" sizes=\"(min-width: 0px) and (max-width: 480px) 480px, (min-width: 481px) and (max-width: 980px) 980px, (min-width: 981px) and (max-width: 1280px) 1280px, (min-width: 1281px) 2550px, 100vw\" \/><\/p>\n<h3 dir=\"auto\">Dull Adeiladu<\/h3>\n<p dir=\"auto\">Mae'r dull adeiladu ar gyfer y Bilen Diddosi Polymer Hunan-Glynudol JY-ZNU [N] yn dilyn proses ddilyniannol: triniaeth ar lawr gwlad, adeiladu haen ychwanegol, adeiladu arwyneb hunan-lynudol, cywasgu gwac\u00e1u, prawf d\u0175r caeedig, ac adeiladu haen amddiffynnol.<\/p>\n<ul dir=\"auto\">\n<li><strong>Triniaeth Lawr Gwlad<\/strong>Dechreuwch drwy lanhau'r wyneb i sicrhau bod y sylfaen yn gadarn, yn wastad, ac yn rhydd o falurion. Rhowch asiant trin sylfaen yn gyfartal ar draws yr ardal, gan osgoi unrhyw fannau sydd wedi'u methu neu sydd wedi'u hamlygu. Gadewch i'r wyneb sychu'n llwyr cyn bwrw ymlaen \u00e2'r deunydd rholio.<\/li>\n<li><strong>Adeiladu Haen Ychwanegol<\/strong>Rhowch driniaeth ychwanegol i ardaloedd penodol fel corneli mewnol ac allanol, gwreiddiau pibellau, cwteri bondo, a chymalau anffurfio. Torrwch y rholiau ymlaen llaw i'r maint a'r si\u00e2p gofynnol, yna gosodwch nhw ar yr haen sylfaen. Ar gyfer adrannau sy'n anodd eu glynu, defnyddiwch offer gwresogi i gynorthwyo i fondio'r coil.<\/li>\n<li><strong>Adeiladu ar Raddfa Fawr<\/strong>Unwaith y bydd yr asiant triniaeth sylfaenol wedi sychu, marciwch linellau cyfeirio ar yr wyneb. Gosodwch y deunydd rholio mewn modd amserol trwy drwsio'r pen cychwynnol yn gyntaf a'i ddatblygu'n raddol. Wrth i chi symud ymlaen, datgelwch y deunydd ynysu a gosodwch y rholyn ar hyd y llinell gyfeirio wrth ei rolio allan.<\/li>\n<\/ul>\n<p dir=\"auto\">Mae'r system gwrth-dd\u0175r bilen hunanlynol hon yn gofyn am gywasgu gwac\u00e1u gofalus yn ystod y gosodiad: Ar yr un pryd \u00e2'r gosodiad, tynnwch unrhyw bocedi aer trwy wasgu neu rolio'r deunydd i sicrhau cyswllt a glynu'n llawn.<\/p>\n<ul dir=\"auto\">\n<li><strong>Arbrawf D\u0175r Caeedig<\/strong>Perfformiwch brawf d\u0175r caeedig yn unol \u00e2 gofynion y cynllun adeiladu i wirio cyfanrwydd y gwrth-dd\u0175r.<\/li>\n<li><strong>Adeiladu Haen Ynysu Amddiffynnol<\/strong>Rhowch haen amddiffynnol ar wyneb allanol yr haen gwrth-dd\u0175r, gan ddilyn manylebau neu ganllawiau dylunio perthnasol.<\/li>\n<\/ul>\n<p dir=\"auto\">Fel pilen gwrth-dd\u0175r bitwminaidd hunanlynol, mae'r cynnyrch hwn yn pwysleisio arwynebau sych, gl\u00e2n a dilyniant priodol i gyflawni canlyniadau effeithiol mewn cymwysiadau nad ydynt yn agored i niwed neu dan ddaear.<\/p>\n<h2 dir=\"auto\">Cymhariaeth o Bilen Diddosi Polymer Hunan-Glynudol JY-ZNU \u00e2 Philennau a Gymhwysol \u00e2 Fflam<\/h2>\n<p dir=\"auto\">Mae pilen JY-ZNU yn fath hunanlynol, gan ddefnyddio asffalt wedi'i addasu gydag SBS ac SBR ar gyfer hyblygrwydd a bondio heb wres. Mae pilenni a roddir \u00e2 fflam, a wneir yn aml o bitwmen wedi'i addasu tebyg fel APP neu SBS, angen eu gwresogi \u00e2 fflam propan i doddi'r deunydd ar gyfer adlyniad. Isod mae cymhariaeth ochr yn ochr yn seiliedig ar ffactorau allweddol fel gosod, diogelwch, gwydnwch, cost a chymwysiadau.<\/p>\n<div>\n<div dir=\"auto\">\n<table style=\"width: 100%;\" border=\"1\" width=\"100%\" cellspacing=\"0\" cellpadding=\"0\">\n<thead>\n<tr>\n<th data-col-size=\"sm\">Agwedd<\/th>\n<th data-col-size=\"lg\">Pilen Hunan-gludiog JY-ZNU<\/th>\n<th data-col-size=\"lg\">Pilenni a Gymhwysol i Fflam<\/th>\n<\/tr>\n<\/thead>\n<tbody>\n<tr>\n<td data-col-size=\"sm\"><strong>Gosod<\/strong><\/td>\n<td data-col-size=\"lg\">Wedi'i gymhwyso trwy blicio'r ffilm rhyddhau a'i phwyso ar yr wyneb; nid oes angen offer gwresogi, yn addas uwchlaw 5\u00b0C; yn gyflymach ac yn symlach, yn ddelfrydol ar gyfer prosiectau DIY neu brosiectau llai.<\/td>\n<td data-col-size=\"lg\">Angen ffagl i doddi'r asffalt ar gyfer bondio; angen llafur medrus, amodau sych, a mwy o amser; addasadwy yn ystod y defnydd ar gyfer siapiau cymhleth.<\/td>\n<\/tr>\n<tr>\n<td data-col-size=\"sm\"><strong>Diogelwch<\/strong><\/td>\n<td data-col-size=\"lg\">Dim fflamau agored, gan leihau risgiau t\u00e2n a llosgiadau; addas ar gyfer ardaloedd cyfyngedig o ran fflamau fel pyllau nofio neu brosiectau tanddaearol.<\/td>\n<td data-col-size=\"lg\">Yn cynnwys ffaglau tymheredd uchel, gan achosi peryglon t\u00e2n ac angen hyfforddiant diogelwch; nid yw'n ddelfrydol ar gyfer amgylcheddau sensitif.<\/td>\n<\/tr>\n<tr>\n<td data-col-size=\"sm\"><strong>Gwydnwch<\/strong><\/td>\n<td data-col-size=\"lg\">Yn cynnig cryfder tynnol da (\u2265350N\/50mm), ymestyniad (\u226530%), a hunan-iach\u00e2d ar gyfer craciau; gall brofi datgysylltiad s\u00eam dros amser mewn rhai achosion.<\/td>\n<td data-col-size=\"lg\">Yn darparu adlyniad hirdymor cryfach, gwell ymwrthedd i UV, cemegau, a difrod mecanyddol; ymwrthedd uwch i wynt ac effaith, gyda photensial am oes o 20+ mlynedd os caiff ei osod yn iawn.<\/td>\n<\/tr>\n<tr>\n<td data-col-size=\"sm\"><strong>Cost<\/strong><\/td>\n<td data-col-size=\"lg\">Yn gyffredinol yn is oherwydd gosodiad symlach a dim offer arbenigol; cost-effeithiol ar gyfer cymwysiadau sylfaenol.<\/td>\n<td data-col-size=\"lg\">Costau ymlaen llaw uwch o ran llafur, offer a hyfforddiant, er y gall deunyddiau fod yn gymharol; wedi'u cyfiawnhau ar gyfer prosiectau heriol.<\/td>\n<\/tr>\n<tr>\n<td data-col-size=\"sm\"><strong>Cymwysiadau<\/strong><\/td>\n<td data-col-size=\"lg\">Gorau ar gyfer toeau nad ydynt yn agored i'r wyneb, strwythurau tanddaearol (e.e. isffyrdd), pyllau, a sianeli d\u0175r lle gwaherddir fflamau; addasadwy i wahanol swbstradau fel concrit neu fetel.<\/td>\n<td data-col-size=\"lg\">Addas ar gyfer toeau cymhleth, isloriau, ac ardaloedd sydd angen gwydnwch uchel; yn perfformio'n dda mewn tymereddau eithafol ond wedi'i gyfyngu gan gyfyngiadau fflam.<\/td>\n<\/tr>\n<\/tbody>\n<\/table>\n<div><\/div>\n<\/div>\n<\/div>\n<p dir=\"auto\">At ei gilydd, mae'r opsiwn hunanlynol JY-ZNU yn blaenoriaethu rhwyddineb a diogelwch, gan ei wneud yn ddewis ymarferol ar gyfer tasgau diddosi syml, tra bod pilenni a roddir \u00e2 fflam yn rhagori o ran cadernid ar gyfer anghenion mwy heriol neu hirdymor. Mae'r dewis yn dibynnu ar fanylion y prosiect, megis amodau amgylcheddol a chyllideb.<\/p>\n<h2 dir=\"auto\">Achosion Cais<\/h2>\n<p dir=\"auto\">Defnyddir y bilen JY-ZNU, fel deunydd asffalt hunanlynol wedi'i addasu \u00e2 pholymer, yn gyffredin mewn amrywiol senarios adeiladu lle mae angen gosod di-fflam. Isod mae enghreifftiau o gymwysiadau ymarferol wedi'u tynnu o ddefnyddiau nodweddiadol yn y diwydiant.<\/p>\n<p dir=\"auto\"><b>Diddosi Islawr Tanddaearol\u00a0<\/b><\/p>\n<p dir=\"auto\">Mewn prosiectau islawr preswyl a masnachol, rhoddir y bilen ar waliau a lloriau sylfaen concrit i atal d\u0175r daear rhag mynd i mewn. Mae paratoi'r wyneb yn cynnwys glanhau a phreimio'r swbstrad, ac yna plicio'r ffilm rhyddhau a rholio'r bilen i sicrhau ei bod yn glynu'n llwyr. Mae'n ymdrin \u00e2 symudiad bach o'r swbstrad ac yn darparu amddiffyniad parhaol rhag lleithder, yn aml wedi'i gyfuno \u00e2 bwrdd amddiffynnol cyn \u00f4l-lenwi.<\/p>\n<p dir=\"auto\"><b>Diddosi Toeau Gwastad Heb eu Datguddio\u00a0<\/b><\/p>\n<p dir=\"auto\">Ar gyfer toeau gwastad neu lethr isel ar adeiladau fel warysau neu estyniadau, mae'r bilen yn gwasanaethu fel haen sylfaenol o dan inswleiddio neu falast. Mae'r gosodiad yn dechrau gyda thriniaeth sylfaen, yna dad-rolio a phwyso'r dalennau gyda gorgyffwrdd wedi'u selio gan y priodweddau hunanlynol. Mae'n addas ar gyfer ardaloedd lle mae llosgi yn gyfyngedig, gan gynnig perfformiad dibynadwy o dan orchuddion amddiffynnol.<\/p>\n<p dir=\"auto\"><img loading=\"lazy\" decoding=\"async\" class=\"size-full wp-image-1223 aligncenter\" src=\"https:\/\/great-ocean-waterproof.com\/wp-content\/uploads\/2025\/12\/JY-ZNU-Self-Adhesive-Polymer-Waterproofing-Membrane-case_1.webp\" alt=\"Achos bilen Diddosi Polymer Hunan-gludiog JY-ZNU\" width=\"1152\" height=\"384\" srcset=\"https:\/\/great-ocean-waterproof.com\/wp-content\/uploads\/2025\/12\/JY-ZNU-Self-Adhesive-Polymer-Waterproofing-Membrane-case_1.webp 1152w, https:\/\/great-ocean-waterproof.com\/wp-content\/uploads\/2025\/12\/JY-ZNU-Self-Adhesive-Polymer-Waterproofing-Membrane-case_1-480x160.webp 480w\" sizes=\"(min-width: 0px) and (max-width: 480px) 480px, (min-width: 481px) 1152px, 100vw\" \/><\/p>\n<p dir=\"auto\"><b>Diddosi Pwll a Sianel D\u0175r\u00a0<\/b><\/p>\n<p dir=\"auto\">Mewn pyllau nofio, cronfeydd d\u0175r, neu sianeli, mae'r bilen yn leinio'r strwythur concrit i gynnwys d\u0175r heb ollyngiadau. Mae'r dull cymhwyso oer yn caniat\u00e1u gosod diogel mewn mannau cyfyng neu lle mae fflam yn cael ei wahardd. Mae haenau ychwanegol mewn cymalau a chorneli yn sicrhau cyfanrwydd, gyda gorffeniad amddiffynnol terfynol yn cael ei roi dros y bilen.<\/p>\n<p dir=\"auto\"><b>Prosiectau Twnnel Tanddaearol a Thanffordd\u00a0<\/b><\/p>\n<p dir=\"auto\">Ar gyfer rhannau isffordd agored neu dwneli cyfleustodau, defnyddir y bilen ar waliau a slabiau i rwystro diferion. Mae'n glynu'n uniongyrchol at arwynebau parod, gan ddarparu ar gyfer yr ystod tymheredd eang a darparu hunan-iach\u00e2d ar gyfer craciau bach. Mae'r dull hwn yn gyffredin mewn seilwaith trefol lle mae diogelwch a chyflymder yn flaenoriaethau.<\/p>\n<h3 dir=\"auto\">Adolygiadau Cwsmeriaid<\/h3>\n<ul dir=\"auto\">\n<li><strong>John o'r Unol Daleithiau<\/strong>: I used this membrane for my basement waterproofing project last summer. It stuck well to the concrete walls after priming, and I didn’t need any heat or special tools, which was a plus since I’m not a pro. It’s held up through some heavy rains without leaks so far, though I noticed a few air bubbles during installation that I had to roll out carefully. Decent value for the price.<\/li>\n<li><strong>Emma o'r DU<\/strong>: Applied it to our flat roof extension. The self-adhesive feature made it straightforward to lay down, especially in cooler weather above 5\u00b0C as recommended. No issues with detachment after six months, and it seems to handle the British dampness okay. It’s not the cheapest option out there, but it saved us on labor costs compared to hiring someone for torch-on stuff.<\/li>\n<li><strong>Carlos o Sbaen<\/strong>: We installed this on an underground garage floor. The material unrolled evenly, and the adhesion was solid once we cleaned the surface properly. It has good flexibility for minor cracks, but in our hot climate, we had to work quickly to avoid it getting too sticky. Overall, it’s performed as expected without any water seepage.<\/li>\n<li><strong>Sophie o Awstralia<\/strong>: Used it for pool surrounds where flames aren’t allowed. Easy to cut and fit around edges, and the PET surface option worked well with our tiles. After a year, no peeling or cracking from the sun exposure, though we added a protective layer on top. It’s reliable, but make sure the base is completely dry or it won’t bond right.<\/li>\n<li><strong>Hans o'r Almaen<\/strong>: For our balcony renovation, this membrane was a practical choice. Strong initial stick without heating, and it adapted to some base movement without issues. Tensile strength seems adequate, but I found the roll a bit heavy to handle alone. It’s been leak-free through winter freezes, matching what we needed for non-exposed areas.<\/li>\n<li><strong>Maria o Ganada<\/strong>: Tried it on water channels in a rural property. The wide temperature range helped with our cold snaps down to -20\u00b0C\u2014no cracking noted. Installation was convenient, but we had to be careful with overlaps to ensure long-lasting adhesion. It’s held up against snow melt, though I’d suggest extra sealant at joints for peace of mind. Good for the money spent.<\/li>\n<\/ul>\n<h3 dir=\"auto\">Cwestiynau Cyffredin<\/h3>\n<p dir=\"auto\"><strong>Beth yw'r Bilen Diddosi Polymer Hunan-Glynudol JY-ZNU [N]?<\/strong> Pilen asffalt wedi'i haddasu gan bolymer hunanlynol nad yw'n defnyddio teiars yw hon, wedi'i gwneud gydag asffalt petrolewm fel y sylfaen, wedi'i gwella gan addaswyr SBS ac SBR. Mae'n cynnwys ffilm PE neu PET wedi'i lamineiddio ar draws yr wyneb uchaf a ffilmiau ynysu wedi'u gorchuddio \u00e2 silicon y gellir eu plicio ar y ddwy ochr, gan ffurfio dalen gyrliog ar gyfer cymwysiadau gwrth-dd\u0175r.<\/p>\n<p dir=\"auto\"><strong>Beth yw'r manylebau sydd ar gael ar gyfer y bilen hon?<\/strong> Daw'r bilen mewn trwch o 1.2 mm, 1.5 mm, neu 2.0 mm; hyd o 15 m neu 20 m; a lled safonol o 1.0 m. Mae'r opsiynau arwyneb yn cynnwys PE neu PET, gyda gwahanydd isaf.<\/p>\n<p dir=\"auto\"><strong>Sut mae'n cymharu \u00e2 philenni gwrth-dd\u0175r a roddir \u00e2 fflam?<\/strong> Yn wahanol i bilenni a roddir \u00e2 fflam sy'n gofyn am wresogi \u00e2 fflam ar gyfer glynu, mae'r fersiwn hunanlynol hon yn bondio heb wres, gan leihau risgiau t\u00e2n a symleiddio'r gosodiad. Mae'n cynnig gwydnwch tebyg o ran cryfder tynnol ac ymestyniad ond efallai y bydd angen paratoi'r wyneb yn ofalus i osgoi swigod aer, tra bod rhai a roddir \u00e2 fflam yn aml yn darparu bondiau hirdymor cryfach mewn amodau agored.<\/p>\n<p dir=\"auto\"><strong>Ar gyfer pa gymwysiadau mae'r bilen hon yn addas?<\/strong> It is designed for non-exposed roofs, underground projects like open-cut subways, pools, water channels, and similar structures where open flames are not allowed. It’s not recommended for areas requiring flame-based installation.<\/p>\n<p dir=\"auto\"><strong>Sut ydw i'n gosod y bilen JY-ZNU?<\/strong> Dechreuwch gyda thriniaeth ar lawr gwlad trwy lanhau a phreimio'r wyneb sylfaen nes ei fod yn sych. Rhowch haenau ychwanegol ar gorneli a chymalau, yna gosodwch y bilen trwy blicio'r ffilm ynysu, ei halinio ar hyd llinellau cyfeirio, a'i chywasgu i gael gwared ar aer. Cynhaliwch brawf d\u0175r caeedig ac ychwanegwch haen amddiffynnol yn \u00f4l yr angen. Nid oes angen gwresogi fel arfer uwchlaw 5\u00b0C.<\/p>\n<p dir=\"auto\"><strong>Pa ystod tymheredd y gall y bilen hon ei wrthsefyll?<\/strong> Mae'n perfformio heb lifo ar dymheredd uchel hyd at 70\u00b0C ac yn osgoi cracio i lawr i -20\u00b0C, gan ei wneud yn addas ar gyfer amrywiaeth o hinsoddau, er bod y gosodiad orau uwchlaw 5\u00b0C ar gyfer adlyniad gorau posibl.<\/p>\n<p dir=\"auto\"><strong>A oes angen unrhyw offer neu gyfarpar arbennig arno?<\/strong> Mae offer sylfaenol fel rholeri ar gyfer cywasgu a thorwyr ar gyfer mesur maint yn ddigonol. Gellir defnyddio offer gwresogi ar gyfer mannau anodd, ond nid oes angen ffaglau na gosodiadau uwch, yn wahanol i rai pilenni eraill.<\/p>\n<p dir=\"auto\"><strong>Pa mor wydn yw'r bilen, a beth am ei hoes?<\/strong> It provides high tensile strength (\u2265350N\/50mm) and elongation (\u226530%), with self-healing for fine cracks and long-lasting adhesion matching the material’s life. Actual lifespan depends on installation quality and conditions, often lasting several years in proper non-exposed uses, but it’s not specified with a formal warranty here.<\/p>\n<h2 dir=\"auto\">Yngl\u0177n \u00e2 Shandong Great Ocean Waterproof Technology Co., Ltd.<\/h2>\n<p dir=\"auto\">Shandong Great Ocean Waterproof Technology Co., Ltd. (formerly Weifang Juyang New Waterproof Materials Co., Ltd.) was founded in 1999 and is situated in Tai Tou Town, Shouguang City \u2013 recognized as China’s largest waterproof materials production hub.<\/p>\n<p dir=\"auto\">Mae'r cwmni'n cwmpasu 26,000 metr sgw\u00e2r ac yn rhedeg sawl llinell gynhyrchu uwch ar gyfer pilenni, dalennau a gorchuddion gwrth-dd\u0175r. Mae ei bortffolio amrywiol yn cynnwys deunyddiau gwrth-dd\u0175r polymer ac asffalt wedi'i addasu, pilenni hunanlynol, pilenni gwrth-wreiddiau, byrddau draenio, a <a href=\"https:\/\/great-ocean-waterproof.com\/cy\/polyurethane-waterproof-coating\/\">gorchudd gwrth-dd\u0175r polywrethan<\/a>.<\/p>\n<p dir=\"auto\">Wedi'i gefnogi gan arbenigedd technegol cryf, offer modern, a chyfleusterau profi ansawdd cynhwysfawr, mae'r cwmni'n sicrhau ansawdd cynnyrch sefydlog a dibynadwy, wedi'i ardystio gan awdurdodau cenedlaethol. Mae ei gynhyrchion yn cael eu dosbarthu ar draws mwy nag 20 talaith yn Tsieina ac yn cael eu hallforio i nifer o wledydd, gan ennill adborth cadarnhaol yn gyson gan gwsmeriaid.<\/p>\n<p dir=\"auto\">Wedi'i yrru gan egwyddorion uniondeb, pragmatiaeth ac arloesedd, mae Great Ocean Waterproof wedi ymrwymo i ddarparu cynhyrchion dibynadwy a gwasanaeth o safon i bartneriaid ledled y byd.<\/p>\n<p><iframe loading=\"lazy\" title=\"Darganfyddwch Great Ocean Waterproof: Arloesedd Arweiniol mewn Datrysiadau Diddosi Ers 1999\" width=\"1080\" height=\"608\" src=\"https:\/\/www.youtube.com\/embed\/IKMWgr-NHKU?feature=oembed\"  allow=\"accelerometer; autoplay; clipboard-write; encrypted-media; gyroscope; picture-in-picture; web-share\" referrerpolicy=\"strict-origin-when-cross-origin\" allowfullscreen><\/iframe><\/p>","protected":false},"excerpt":{"rendered":"<p dir=\"auto\">Mae Pilen Diddosi Polymer Hunan-Glynudol JY-ZNU [N] yn gynnyrch math nad yw'n deiar ac sy'n seiliedig ar asffalt petrolewm wedi'i addasu ag SBS ac SBR, wedi'i orchuddio \u00e2 ffilm polyethylen (PE) neu polyester (PET) wedi'i lamineiddio ar draws yr wyneb uchaf a ffilm ynysu wedi'i gorchuddio \u00e2 silicon y gellir ei phlicio ar yr wyneb isaf, a gyflenwir fel dalennau cyrliog ar gyfer diddosi mewn adeiladu.<br \/>\nAr gael mewn trwch o 1.2 mm, 1.5 mm, neu 2.0 mm, hyd o 15 m neu 20 m, a lled safonol o 1.0 m, mae'r bilen hon yn addas ar gyfer cymwysiadau fel toeau ac isloriau.<br \/>\nFel gwneuthurwr yn Tsieina, mae ein ffatri yn cynnig yr eitem hon am bris safonol y farchnad.<\/p>","protected":false},"featured_media":1222,"template":"","meta":{"_et_pb_use_builder":"","_et_pb_old_content":"","_et_gb_content_width":""},"product_brand":[],"product_cat":[23],"product_tag":[],"class_list":{"0":"post-1221","1":"product","2":"type-product","3":"status-publish","4":"has-post-thumbnail","6":"product_cat-waterproofing-membrane","8":"first","9":"instock","10":"shipping-taxable","11":"product-type-simple"},"_links":{"self":[{"href":"https:\/\/great-ocean-waterproof.com\/cy\/wp-json\/wp\/v2\/product\/1221","targetHints":{"allow":["GET"]}}],"collection":[{"href":"https:\/\/great-ocean-waterproof.com\/cy\/wp-json\/wp\/v2\/product"}],"about":[{"href":"https:\/\/great-ocean-waterproof.com\/cy\/wp-json\/wp\/v2\/types\/product"}],"wp:featuredmedia":[{"embeddable":true,"href":"https:\/\/great-ocean-waterproof.com\/cy\/wp-json\/wp\/v2\/media\/1222"}],"wp:attachment":[{"href":"https:\/\/great-ocean-waterproof.com\/cy\/wp-json\/wp\/v2\/media?parent=1221"}],"wp:term":[{"taxonomy":"product_brand","embeddable":true,"href":"https:\/\/great-ocean-waterproof.com\/cy\/wp-json\/wp\/v2\/product_brand?post=1221"},{"taxonomy":"product_cat","embeddable":true,"href":"https:\/\/great-ocean-waterproof.com\/cy\/wp-json\/wp\/v2\/product_cat?post=1221"},{"taxonomy":"product_tag","embeddable":true,"href":"https:\/\/great-ocean-waterproof.com\/cy\/wp-json\/wp\/v2\/product_tag?post=1221"}],"curies":[{"name":"wp","href":"https:\/\/api.w.org\/{rel}","templated":true}]}}