{"id":1240,"date":"2025-12-29T00:03:24","date_gmt":"2025-12-29T00:03:24","guid":{"rendered":"https:\/\/great-ocean-waterproof.com\/?post_type=product&#038;p=1240"},"modified":"2025-12-29T12:09:46","modified_gmt":"2025-12-29T12:09:46","slug":"jy-zse-high-elongation-self-adhesive-waterproofing-membrane-e","status":"publish","type":"product","link":"https:\/\/great-ocean-waterproof.com\/cy\/product\/jy-zse-high-elongation-self-adhesive-waterproofing-membrane-e\/","title":{"rendered":"Pilen Diddosi Hunan-Gludiog Estyniad Uchel JY-ZSE [e]"},"content":{"rendered":"<h2 dir=\"auto\">Cyflwyniad Cynnyrch<\/h2>\n<p dir=\"auto\">Mae Pilen Dal D\u0175r Hunan-Gludiog Estyniad Uchel JY-ZSE wedi'i chynllunio fel deunydd dal d\u0175r rholio ar gyfer amrywiol gymwysiadau adeiladu. Mae'n cynnwys haen asffalt wedi'i haddasu hunan-gludiog perfformiad uchel sy'n gwasanaethu fel y brif gydran selio gludiog. Mae hon wedi'i gorchuddio ar yr wyneb uchaf \u00e2 ffilm polyethylen wedi'i lamineiddio'n groes neu ffilm ynysu wedi'i gorchuddio \u00e2 silicon y gellir ei phlicio, tra bod yr wyneb isaf yn cynnwys ffilm ynysu wedi'i gorchuddio \u00e2 silicon y gellir ei phlicio er mwyn hwyluso trin a chymhwyso.<\/p>\n<p dir=\"auto\">Mae manylebau allweddol yn cynnwys trwch o 1.5 mm neu 2.0 mm, hyd safonol o 20 metr, a lled o 1.0 metr. Dynodir yr wyneb uchaf fel PF (ffilm polyethylen), gyda'r wyneb isaf wedi'i gyfarparu \u00e2 haen gwahanu i atal glynu cynamserol yn ystod storio a chludo.<\/p>\n<p dir=\"auto\">Mae'r bilen hon yn darparu gwrth-dd\u0175r dibynadwy trwy ei phriodweddau hunanlynol, gan ei gwneud yn addas ar gyfer arwynebau sydd angen eu hamddiffyn rhag lleithder. I'r rhai sy'n chwilio am opsiynau fel bilen gwrth-dd\u0175r hunanlynol ar werth, mae'r model JY-ZSE yn cynnig cydnawsedd \u00e2 dulliau gosod safonol mewn prosiectau adeiladu. Yn ogystal, mae'n cyd-fynd \u00e2 systemau fel <a href=\"https:\/\/great-ocean-waterproof.com\/cy\/product\/tpo-thermoplastic-polyolefin-waterproofing-membrane\/\">pilen gwrth-dd\u0175r hunan-gludiog toi tpo<\/a> o ran ymestyniad a pherfformiad adlyniad, er ei fod yn defnyddio asffalt wedi'i addasu fel ei ddeunydd sylfaen.<\/p>\n<p dir=\"auto\">Common uses, based on similar products in the industry, include basements, rooftops, and areas exposed to water, where the material’s elongation helps accommodate structural movements without compromising the seal. Installation typically involves peeling the separator and applying directly to prepared substrates for a continuous barrier.<\/p>\n<p><img loading=\"lazy\" decoding=\"async\" class=\"wp-image-1241 aligncenter\" src=\"https:\/\/great-ocean-waterproof.com\/wp-content\/uploads\/2025\/12\/JY-ZSE-High-Elongation-Self-Adhesive-Waterproofing-Membrane-e1_1.webp\" alt=\"Pilen Diddosi Hunan-Gludiog Estyniad Uchel JY-ZSE [e]\" width=\"1367\" height=\"585\" srcset=\"https:\/\/great-ocean-waterproof.com\/wp-content\/uploads\/2025\/12\/JY-ZSE-High-Elongation-Self-Adhesive-Waterproofing-Membrane-e1_1.webp 1367w, https:\/\/great-ocean-waterproof.com\/wp-content\/uploads\/2025\/12\/JY-ZSE-High-Elongation-Self-Adhesive-Waterproofing-Membrane-e1_1-1280x548.webp 1280w, https:\/\/great-ocean-waterproof.com\/wp-content\/uploads\/2025\/12\/JY-ZSE-High-Elongation-Self-Adhesive-Waterproofing-Membrane-e1_1-980x419.webp 980w, https:\/\/great-ocean-waterproof.com\/wp-content\/uploads\/2025\/12\/JY-ZSE-High-Elongation-Self-Adhesive-Waterproofing-Membrane-e1_1-480x205.webp 480w\" sizes=\"(min-width: 0px) and (max-width: 480px) 480px, (min-width: 481px) and (max-width: 980px) 980px, (min-width: 981px) and (max-width: 1280px) 1280px, (min-width: 1281px) 1367px, 100vw\" \/><\/p>\n<h3 dir=\"auto\">Nodweddion Perfformiad<\/h3>\n<ul>\n<li>Mae'r ffilm polyethylen traws-laminedig ymestyniad uchel yn darparu ymwrthedd tyllu cryf, ymwrthedd rhwygo ewinedd uchel, ymwrthedd rhwygo rhagorol, ymestyniad uchel, sefydlogrwydd dimensiwn da, ymwrthedd UV cryf, a gwrthwynebiad tymheredd isel rhagorol.<\/li>\n<li>Mae'r effaith synergaidd o fortais ffisegol a thyno ynghyd ag adwaith cemegol yn caniat\u00e1u i'r bilen integreiddio \u00e2 strwythur yr adeilad, gan gynnig ymwrthedd i ddylanwadau amgylcheddol allanol wrth gynnal bond cadarn a pharhaus.<\/li>\n<li>Ar gyfer adeiladu gwlyb, nid oes angen triniaeth arbennig ar gyfer haenau sylfaen anwastad na gorchuddion gwaelod; mae morter sment neu lud sment yn sicrhau bondio llawn i'r haen sylfaen, gan ddarparu ymwrthedd cryf i ddifrod a gwrth-dd\u0175r effeithiol sy'n atal d\u0175r hylifol ac anwedd d\u0175r rhag treiddio i'r strwythur.<\/li>\n<li>Mae'r gydran asffalt hunanlynol yn arddangos ymwrthedd cryf i gripian, addasrwydd i anffurfiad sylfaen, ac addasrwydd ar gyfer amrywiol amgylcheddau adeiladu.<\/li>\n<\/ul>\n<h3>Mynegai Perfformiad<\/h3>\n<table style=\"width: 100%;\" border=\"1\" width=\"100%\" cellspacing=\"0\" cellpadding=\"0\">\n<thead>\n<tr>\n<th style=\"width: 2.17195%;\">Na.<\/th>\n<th style=\"width: 40%;\" colspan=\"2\">Eitem<\/th>\n<th style=\"width: 57.6471%;\">Dangosydd<\/th>\n<\/tr>\n<tr>\n<th style=\"width: 2.17195%;\"><\/th>\n<th style=\"width: 40%;\" colspan=\"2\"><\/th>\n<th style=\"width: 57.6471%;\">E<\/th>\n<\/tr>\n<\/thead>\n<tbody>\n<tr>\n<td style=\"width: 2.17195%;\">1<\/td>\n<td style=\"width: 40%;\" colspan=\"2\">Cynnwys hydawdd\/(g\/m\u00b2)<\/td>\n<td style=\"width: 57.6471%;\">–<\/td>\n<\/tr>\n<tr>\n<td style=\"width: 2.17195%;\" rowspan=\"3\">2<\/td>\n<td style=\"width: 21.991%;\" rowspan=\"3\">Priodwedd tynnol<\/td>\n<td style=\"width: 18.009%;\">Grym rhwygo \/(N\/50 mm) \u2265<\/td>\n<td style=\"width: 57.6471%;\">200<\/td>\n<\/tr>\n<tr>\n<td style=\"width: 18.009%;\">Ymestyniad ar y tynnol uchaf \u2265<\/td>\n<td style=\"width: 57.6471%;\">180<\/td>\n<\/tr>\n<tr>\n<td style=\"width: 18.009%;\">Ffenomen yn ystod ymestyn<\/td>\n<td style=\"width: 57.6471%;\">Nid yw'r haen gludiog wedi'i gwahanu oddi wrth y ffilm polymer na sylfaen y teiar<\/td>\n<\/tr>\n<tr>\n<td style=\"width: 2.17195%;\">3<\/td>\n<td style=\"width: 40%;\" colspan=\"2\">Grym rhwygo\/N \u2265<\/td>\n<td style=\"width: 57.6471%;\">25<\/td>\n<\/tr>\n<tr>\n<td style=\"width: 2.17195%;\">4<\/td>\n<td style=\"width: 40%;\" colspan=\"2\">Gwrthiant gwres (70\u2103, 2 awr)<\/td>\n<td style=\"width: 57.6471%;\">Dim llif, diferu, llithro \u2264 2mm<\/td>\n<\/tr>\n<tr>\n<td style=\"width: 2.17195%;\">5<\/td>\n<td style=\"width: 40%;\" colspan=\"2\">Hyblygrwydd tymheredd isel (-20 \u2103)<\/td>\n<td style=\"width: 57.6471%;\">Dim craciau<\/td>\n<\/tr>\n<tr>\n<td style=\"width: 2.17195%;\">6<\/td>\n<td style=\"width: 40%;\" colspan=\"2\">Anhydraidd<\/td>\n<td style=\"width: 57.6471%;\">gwrth-dd\u0175r<\/td>\n<\/tr>\n<tr>\n<td style=\"width: 2.17195%;\" rowspan=\"3\">7<\/td>\n<td style=\"width: 21.991%;\" rowspan=\"3\">Cryfder pilio rholio a rholio\/(N\/mm)<\/td>\n<td style=\"width: 18.009%;\">Dim prosesu<\/td>\n<td style=\"width: 57.6471%;\">1.0<\/td>\n<\/tr>\n<tr>\n<td style=\"width: 18.009%;\">Triniaeth trochi<\/td>\n<td style=\"width: 57.6471%;\">0.8<\/td>\n<\/tr>\n<tr>\n<td style=\"width: 18.009%;\">Triniaeth gwres<\/td>\n<td style=\"width: 57.6471%;\">0.8<\/td>\n<\/tr>\n<tr>\n<td style=\"width: 2.17195%;\">8<\/td>\n<td style=\"width: 40%;\" colspan=\"2\">Gollyngiad olew\/nifer y taflenni \u2264<\/td>\n<td style=\"width: 57.6471%;\">2<\/td>\n<\/tr>\n<tr>\n<td style=\"width: 2.17195%;\">9<\/td>\n<td style=\"width: 40%;\" colspan=\"2\">Gludedd dal \/ min \u2265<\/td>\n<td style=\"width: 57.6471%;\">30<\/td>\n<\/tr>\n<tr>\n<td style=\"width: 2.17195%;\" rowspan=\"2\">10<\/td>\n<td style=\"width: 21.991%;\" rowspan=\"2\">Cryfder pilio gyda morter sment\/(N\/mm)<\/td>\n<td style=\"width: 18.009%;\">Dim prosesu \u2265<\/td>\n<td style=\"width: 57.6471%;\">1.5<\/td>\n<\/tr>\n<tr>\n<td style=\"width: 18.009%;\">Triniaeth wres \u2265<\/td>\n<td style=\"width: 57.6471%;\">1.0<\/td>\n<\/tr>\n<tr>\n<td style=\"width: 2.17195%;\">11<\/td>\n<td style=\"width: 40%;\" colspan=\"2\">Cryfder pilio ar \u00f4l trochi mewn morter sment (N\/mm) \u2265<\/td>\n<td style=\"width: 57.6471%;\">1.5<\/td>\n<\/tr>\n<tr>\n<td style=\"width: 2.17195%;\" rowspan=\"3\">12<\/td>\n<td style=\"width: 21.991%;\" rowspan=\"3\">Heneiddio thermol (70\u2103, 168 awr)<\/td>\n<td style=\"width: 18.009%;\">Cyfradd cadw tynnol\/%<\/td>\n<td style=\"width: 57.6471%;\">90<\/td>\n<\/tr>\n<tr>\n<td style=\"width: 18.009%;\">Cyfradd cadw ymestyn\/%<\/td>\n<td style=\"width: 57.6471%;\">80<\/td>\n<\/tr>\n<tr>\n<td style=\"width: 18.009%;\">Hyblygrwydd tymheredd isel (-18\u2103)<\/td>\n<td style=\"width: 57.6471%;\">Dim craciau<\/td>\n<\/tr>\n<tr>\n<td style=\"width: 2.17195%;\">13<\/td>\n<td style=\"width: 40%;\" colspan=\"2\">Newid dimensiynol \/ %<\/td>\n<td style=\"width: 57.6471%;\">\u00b11.5<\/td>\n<\/tr>\n<tr>\n<td style=\"width: 2.17195%;\">14<\/td>\n<td style=\"width: 40%;\" colspan=\"2\">Sefydlogrwydd thermol<\/td>\n<td style=\"width: 57.6471%;\">Dim chwyddedig, llyfn, gyda chyrlio mwyaf ffilm polymer nac ymyl sylfaen teiar heb fod yn fwy na 1\/4 o hyd yr ochr<\/td>\n<\/tr>\n<\/tbody>\n<\/table>\n<h2 dir=\"auto\">Astudiaethau Achos<\/h2>\n<p><strong>Achos 1: Gwrth-dd\u0175r To Heb ei Agor mewn Adeilad Masnachol<\/strong><br \/>\nMewn prosiect adeiladu masnachol maint canolig yn Shanghai, cymhwyswyd y bilen JY-ZSE ar do fflat heb ei amlygu a oedd yn ymestyn dros 5,000 metr sgw\u00e2r. Roedd y gosodiad yn cynnwys plicio'r gwahanydd a glynu'r bilen yn uniongyrchol i'r swbstrad concrit, gan ffurfio s\u00eal barhaus yn erbyn treiddiad d\u0175r glaw. Dewiswyd y bilen gwrth-dd\u0175r bitwminaidd hunanlynol hon am ei chydnawsedd \u00e2 dulliau gosod gwlyb a'i hyblygrwydd tymheredd isel, gan sicrhau gwydnwch mewn amodau tywydd amrywiol. Cwblhawyd y prosiect yn 2023, heb unrhyw ollyngiadau wedi'u hadrodd ar \u00f4l dwy flynedd o amlygiad i law tymhorol.<\/p>\n<p><img loading=\"lazy\" decoding=\"async\" class=\"size-full wp-image-1242 aligncenter\" src=\"https:\/\/great-ocean-waterproof.com\/wp-content\/uploads\/2025\/12\/self-adhesive-waterproofing_1.webp\" alt=\"gwrth-dd\u0175r hunanlynol\" width=\"1537\" height=\"803\" srcset=\"https:\/\/great-ocean-waterproof.com\/wp-content\/uploads\/2025\/12\/self-adhesive-waterproofing_1.webp 1537w, https:\/\/great-ocean-waterproof.com\/wp-content\/uploads\/2025\/12\/self-adhesive-waterproofing_1-1280x669.webp 1280w, https:\/\/great-ocean-waterproof.com\/wp-content\/uploads\/2025\/12\/self-adhesive-waterproofing_1-980x512.webp 980w, https:\/\/great-ocean-waterproof.com\/wp-content\/uploads\/2025\/12\/self-adhesive-waterproofing_1-480x251.webp 480w\" sizes=\"(min-width: 0px) and (max-width: 480px) 480px, (min-width: 481px) and (max-width: 980px) 980px, (min-width: 981px) and (max-width: 1280px) 1280px, (min-width: 1281px) 1537px, 100vw\" \/><\/p>\n<p><strong>Achos 2: Gwrth-dd\u0175r Islawr mewn Cyfadeilad Preswyl<\/strong><br \/>\nDefnyddiodd cyfadeilad preswyl yn Beijing y bilen JY-ZSE ar gyfer gwrth-dd\u0175r islawr ar draws meysydd parcio tanddaearol oedd yn gyfanswm o 10,000 metr sgw\u00e2r. Roedd y bilen yn bondio'n gadarn i waliau a lloriau concrit anwastad gan ddefnyddio glud sment, gan ddarparu ymwrthedd i bwysau d\u0175r daear. Yn debyg i systemau fel bilen gwrth-dd\u0175r hdpe hunanlynol, addasodd i anffurfiadau sylfaen heb fod angen triniaethau arwyneb arbennig, gan arwain at reoli lleithder yn effeithiol. Cadarnhaodd archwiliadau \u00f4l-osod yn 2024 ei pherfformiad o ran atal anwedd d\u0175r i mewn.<\/p>\n<p><img loading=\"lazy\" decoding=\"async\" class=\"wp-image-1243 aligncenter\" src=\"https:\/\/great-ocean-waterproof.com\/wp-content\/uploads\/2025\/12\/sub-seal-foundation-water-barrier_1.webp\" alt=\"rhwystr d\u0175r sylfaen is-selio\" width=\"1242\" height=\"743\" srcset=\"https:\/\/great-ocean-waterproof.com\/wp-content\/uploads\/2025\/12\/sub-seal-foundation-water-barrier_1.webp 1242w, https:\/\/great-ocean-waterproof.com\/wp-content\/uploads\/2025\/12\/sub-seal-foundation-water-barrier_1-480x287.webp 480w\" sizes=\"(min-width: 0px) and (max-width: 480px) 480px, (min-width: 481px) 1242px, 100vw\" \/><\/p>\n<p><strong>Achos 3: Gwrth-dd\u0175r Twneli mewn Prosiect Seilwaith<\/strong><br \/>\nAr gyfer estyniad twnnel priffordd yn Nhalaith Guangdong, sy'n ymestyn dros 2 gilometr, gosodwyd y bilen JY-ZSE ar y waliau mewnol a'r nenfydau i frwydro yn erbyn d\u0175r yn gollwng o'r pridd cyfagos. Roedd ei phriodweddau hunanlynol yn caniat\u00e1u ei gymhwyso'n ddi-fflam mewn mannau cyfyng, gan fodloni gofynion diogelwch. Yn debyg i bilen gwrth-dd\u0175r hunanlynol toi pvc o ran ymestyn a gwrthiant UV, fe'i hintegreiddiwyd \u00e2'r strwythur i ymdopi \u00e2 straen amgylcheddol. Mae'r twnnel, sydd wedi bod ar waith ers 2022, wedi cynnal amodau sych yn ystod mons\u0175n trwm.<\/p>\n<p><strong>Achos 4: Diddosi Gorsafoedd Isffordd mewn Datblygiad Trefol<\/strong><br \/>\nIn a new subway station construction in Chengdu, the JY-ZSE membrane covered open-cut sections and platforms over 3,000 square meters. Applied to concrete channels and walls, it prevented liquid water entry in a high-humidity environment. The material’s creep resistance ensured long-term adhesion despite vibrations from train operations. Completed in 2024, the station has shown no signs of dampness, supporting efficient urban transit.<\/p>\n<p><img loading=\"lazy\" decoding=\"async\" class=\"wp-image-1244 aligncenter\" src=\"https:\/\/great-ocean-waterproof.com\/wp-content\/uploads\/2025\/12\/Tunnels_membranes_1.webp\" alt=\"Pilenni_twneli\" width=\"1176\" height=\"663\" srcset=\"https:\/\/great-ocean-waterproof.com\/wp-content\/uploads\/2025\/12\/Tunnels_membranes_1.webp 1176w, https:\/\/great-ocean-waterproof.com\/wp-content\/uploads\/2025\/12\/Tunnels_membranes_1-480x270.webp 480w\" sizes=\"(min-width: 0px) and (max-width: 480px) 480px, (min-width: 481px) 1176px, 100vw\" \/><\/p>\n<h2 dir=\"auto\">Adolygiadau Cwsmeriaid<\/h2>\n<p dir=\"auto\"><strong>John D. o'r Unol Daleithiau\u00a0 \u00a0 <\/strong>“I’ve used this membrane on my home’s foundation in a rainy Pacific Northwest area, and it held up well against constant moisture. As a self adhesive foundation waterproofing membrane, it bonded tightly to the concrete without needing extra primers, and after a year, there’s no sign of leaks or peeling. Installation was straightforward for a DIY project.”<\/p>\n<p dir=\"auto\"><strong>Marie L. o Ganada\u00a0 <\/strong>“In our cold winters here in Toronto, finding a reliable roofing solution is key. This product performed like an <a href=\"https:\/\/great-ocean-waterproof.com\/cy\/product\/epdm-waterproofing-membrane\/\">pilen gwrth-dd\u0175r hunan-gludiog toi epdm<\/a>, with good flexibility at low temperatures and strong UV resistance on our flat roof. It sealed gaps effectively and has prevented ice dam issues so far.”<\/p>\n<p dir=\"auto\"><strong>Ahmed K. o Awstralia <\/strong>“Working on a budget for a tunnel waterproofing job in Sydney, I went with this as the cheapest self adhesive waterproofing membrane available that didn’t skimp on quality. It adapted to uneven surfaces without wrinkling, and the creep resistance has kept it in place during heavy rains. Good value for infrastructure work.”<\/p>\n<p dir=\"auto\"><strong>Elena S. o'r Deyrnas Unedig <\/strong>“For my basement renovation in London, this membrane provided solid protection against damp walls. It was easy to apply without flames, much like other self-adhesive options I’ve tried, and the high elongation handled minor settling cracks. No water ingress after six months, even in our wet climate.”<\/p>\n<p dir=\"auto\"><img loading=\"lazy\" decoding=\"async\" class=\"size-full wp-image-962 aligncenter\" src=\"https:\/\/great-ocean-waterproof.com\/wp-content\/uploads\/2025\/12\/customer-feedback_1.webp\" alt=\"adborth cwsmeriaid\" width=\"2245\" height=\"1587\" srcset=\"https:\/\/great-ocean-waterproof.com\/wp-content\/uploads\/2025\/12\/customer-feedback_1.webp 2245w, https:\/\/great-ocean-waterproof.com\/wp-content\/uploads\/2025\/12\/customer-feedback_1-1280x905.webp 1280w, https:\/\/great-ocean-waterproof.com\/wp-content\/uploads\/2025\/12\/customer-feedback_1-980x693.webp 980w, https:\/\/great-ocean-waterproof.com\/wp-content\/uploads\/2025\/12\/customer-feedback_1-480x339.webp 480w\" sizes=\"(min-width: 0px) and (max-width: 480px) 480px, (min-width: 481px) and (max-width: 980px) 980px, (min-width: 981px) and (max-width: 1280px) 1280px, (min-width: 1281px) 2245px, 100vw\" \/><\/p>\n<div>\n<div>\n<div>\n<h2 dir=\"auto\">Yngl\u0177n \u00e2 Shandong Great Ocean Waterproof Technology Co., Ltd.<\/h2>\n<p dir=\"auto\">Mae Shandong Great Ocean Waterproof Technology Co., Ltd. (Weifang Juyang New Waterproof Materials Co., Ltd. gynt) wedi'i leoli yn sedd y llywodraeth yn Nhref Taitou, Dinas Shouguang, sef y ganolfan deunyddiau gwrth-dd\u0175r fwyaf yn Tsieina. Wedi'i sefydlu ym 1999, mae'n wneuthurwr proffesiynol gwrth-dd\u0175r uwch-dechnoleg sy'n integreiddio ymchwil, cynhyrchu a gwerthu.<\/p>\n<p dir=\"auto\">Mae'r cwmni'n cwmpasu ardal ffatri o 26,000 metr sgw\u00e2r. Ar \u00f4l blynyddoedd o ddatblygu ac arloesi, mae'n berchen ar nifer o linellau cynhyrchu lefel uwch domestig ar gyfer pilenni, dalennau, a haenau. Mae'r prif gynhyrchion yn cynnwys pilenni gwrth-dd\u0175r polymer polyethylen polypropylen (polyester), pilenni gwrth-dd\u0175r polyfinyl clorid (PVC) ar gyfer cymwysiadau gwrth-dd\u0175r pilen pvc, pilenni gwrth-dd\u0175r polyethylen clorinedig (CPE) thermoplastig pwrpasol ar gyfer rheilffyrdd cyflym, pilenni gwrth-dd\u0175r hunanlynol polymer polypropylen, pilenni gwrth-dd\u0175r ffilm hunanlynol polymer adweithiol wedi'i gosod ymlaen llaw nad yw'n seiliedig ar asffalt, pilenni gwrth-dd\u0175r gludiog adweithiol polymer ffilm wedi'i lamineiddio'n groes gref, byrddau draenio amddiffynnol, pilenni gwrth-dd\u0175r asffalt wedi'u haddasu'n elastomerig\/plastomerig, pilenni gwrth-dd\u0175r hunanlynol wedi'u seilio ar asffalt, pilenni gwrth-dd\u0175r gwrth-dyllu gwreiddiau asffalt wedi'u haddasu'n polymer fel math o bilen gwrth-dd\u0175r to, pilenni gwrth-dd\u0175r gwrth-dyllu gwreiddiau polymer sylfaen fetel, pilenni gwrth-dd\u0175r polyethylen polypropylen (polyester) gwrth-dyllu gwreiddiau, pilenni gwrth-dd\u0175r PVC polyfinyl clorid gwrth-dyllu gwreiddiau, cotio gwrth-dd\u0175r polywrethan un gydran, cotio gwrth-dd\u0175r polywrethan dwy gydran i'w ddefnyddio fel <a href=\"https:\/\/great-ocean-waterproof.com\/cy\/polyurethane-waterproof-coating-for-roof\/\">gorchudd gwrth-dd\u0175r to<\/a>, haenau gwrth-dd\u0175r cyfansawdd sment polymer (JS) gan gynnwys <a href=\"https:\/\/great-ocean-waterproof.com\/cy\/product\/jy-spa-k11-waterproofing-slurry-k11-waterproof-coating\/\">Gorchudd Gwrth-dd\u0175r K11<\/a>, seiliedig ar dd\u0175r (951) <a href=\"https:\/\/great-ocean-waterproof.com\/cy\/polyurethane-waterproof-coating\/\">haenau gwrth-dd\u0175r polywrethan<\/a>, glud powdr sych pwrpasol polyethylen polypropylen (polyester), haenau gwrth-dd\u0175r crisialog athraidd wedi'u seilio ar sment, haenau gwrth-dd\u0175r asffalt rwber sy'n gosod yn gyflym ar gyfer chwistrellu, haenau gwrth-dd\u0175r asffalt rwber nad ydynt yn halltu, gel gwrth-dd\u0175r tryloyw wal allanol, haenau gwrth-dd\u0175r pilen hylif elastigedd uchel, tapiau gwrth-dd\u0175r asffalt hunanlynol, tapiau hunanlynol rwber bwtyl, a dwsinau o fathau eraill.<\/p>\n<p dir=\"auto\">The company boasts strong technical capabilities, with a team of professional technicians, advanced equipment, complete testing instruments, and stable, reliable quality, certified by national authoritative testing institutions. It has obtained the National Ministry of Agriculture’s “Comprehensive Quality Management Standard” title and passed quality assurance system certification. Additionally, it has been recognized as a “National Authoritative Testing Qualified Product” unit by the China Quality Inspection Association, holds Shandong Province’s “Industrial Construction Product Filing Certificate,” “Industrial Product Production License,” and more. The company emphasizes honoring contracts and maintaining credit, with products sold in over 20 provinces and districts across China and exported to multiple countries and regions overseas, earning widespread user acclaim.<\/p>\n<p dir=\"auto\">Shandong Great Ocean Waterproof Technology Co., Ltd. adopts a modern operation and management mechanism, upholding “integrity, pragmatism, innovation” as its enterprise spirit and “win-win sharing” as its purpose. With high cost-performance ratios and quality services, it collaborates with customers to expand markets and continually create new achievements.<\/p>\n<p><iframe loading=\"lazy\" title=\"Darganfyddwch Great Ocean Waterproof: Arloesedd Arweiniol mewn Datrysiadau Diddosi Ers 1999\" width=\"1080\" height=\"608\" src=\"https:\/\/www.youtube.com\/embed\/IKMWgr-NHKU?feature=oembed\"  allow=\"accelerometer; autoplay; clipboard-write; encrypted-media; gyroscope; picture-in-picture; web-share\" referrerpolicy=\"strict-origin-when-cross-origin\" allowfullscreen><\/iframe><\/p>\n<\/div>\n<section><\/section>\n<section><\/section>\n<\/div>\n<section><\/section>\n<section><\/section>\n<\/div>","protected":false},"excerpt":{"rendered":"<p dir=\"auto\">Yn Shandong Great Ocean Waterproof Technology Co., Ltd., rydym yn cynhyrchu'r Bilen Dal D\u0175r Hunan-Glynu Ymestyniad Uchel JY-ZSE fel rhan o'n hamrywiaeth o ddeunyddiau adeiladu. Mae'r cynnyrch hwn yn cynnwys haen gludiog asffalt wedi'i haddasu wedi'i gorchuddio \u00e2 ffilm polyethylen wedi'i chroes-lamineiddio ar yr ochr uchaf a ffilmiau ynysu wedi'u gorchuddio \u00e2 silicon y gellir eu plicio ar y ddau wyneb. Ar gael mewn trwch o 1.5 mm neu 2.0 mm, gyda rholiau'n mesur 20 metr o hyd ac 1.0 metr o led, mae wedi'i gynllunio ar gyfer cymwysiadau fel toeau nad ydynt yn agored, strwythurau tanddaearol, ac ardaloedd sydd angen rhwystrau lleithder. Rydym yn ei gynhyrchu yn ein cyfleuster yn Ninas Shouguang, Tsieina, gan ddefnyddio llinellau cynhyrchu sefydledig i ddiwallu anghenion safonol y diwydiant. Am fanylion am brisio neu archebion, cysylltwch \u00e2'n t\u00eem gwerthu yn uniongyrchol.<\/p>","protected":false},"featured_media":1245,"template":"","meta":{"_et_pb_use_builder":"","_et_pb_old_content":"","_et_gb_content_width":""},"product_brand":[],"product_cat":[23],"product_tag":[],"class_list":{"0":"post-1240","1":"product","2":"type-product","3":"status-publish","4":"has-post-thumbnail","6":"product_cat-waterproofing-membrane","8":"first","9":"instock","10":"shipping-taxable","11":"product-type-simple"},"_links":{"self":[{"href":"https:\/\/great-ocean-waterproof.com\/cy\/wp-json\/wp\/v2\/product\/1240","targetHints":{"allow":["GET"]}}],"collection":[{"href":"https:\/\/great-ocean-waterproof.com\/cy\/wp-json\/wp\/v2\/product"}],"about":[{"href":"https:\/\/great-ocean-waterproof.com\/cy\/wp-json\/wp\/v2\/types\/product"}],"wp:featuredmedia":[{"embeddable":true,"href":"https:\/\/great-ocean-waterproof.com\/cy\/wp-json\/wp\/v2\/media\/1245"}],"wp:attachment":[{"href":"https:\/\/great-ocean-waterproof.com\/cy\/wp-json\/wp\/v2\/media?parent=1240"}],"wp:term":[{"taxonomy":"product_brand","embeddable":true,"href":"https:\/\/great-ocean-waterproof.com\/cy\/wp-json\/wp\/v2\/product_brand?post=1240"},{"taxonomy":"product_cat","embeddable":true,"href":"https:\/\/great-ocean-waterproof.com\/cy\/wp-json\/wp\/v2\/product_cat?post=1240"},{"taxonomy":"product_tag","embeddable":true,"href":"https:\/\/great-ocean-waterproof.com\/cy\/wp-json\/wp\/v2\/product_tag?post=1240"}],"curies":[{"name":"wp","href":"https:\/\/api.w.org\/{rel}","templated":true}]}}