{"id":898,"date":"2025-12-01T00:15:48","date_gmt":"2025-12-01T00:15:48","guid":{"rendered":"https:\/\/great-ocean-waterproof.com\/?post_type=product&#038;p=898"},"modified":"2025-12-01T00:32:18","modified_gmt":"2025-12-01T00:32:18","slug":"jy-tos-organic-silicone-rubber-waterproof-coating","status":"publish","type":"product","link":"https:\/\/great-ocean-waterproof.com\/cy\/product\/jy-tos-organic-silicone-rubber-waterproof-coating\/","title":{"rendered":"Gorchudd Gwrth-dd\u0175r Rwber Silicon Organig JY-TOS"},"content":{"rendered":"<h2 class=\"auto-hide-last-sibling-br paragraph-pP9ZLC paragraph-element br-paragraph-space\">Trosolwg o'r Cynnyrch<\/h2>\n<p dir=\"auto\">Mae Gorchudd Gwrth-dd\u0175r Rwber Silicon Organig JY-TOS yn ddeunydd un-gydran, wedi'i seilio ar dd\u0175r sy'n defnyddio eli rwber silicon organig fel ei brif gydran ffurfio ffilm. Fe'i defnyddir yn bennaf ar gyfer gwrth-dd\u0175r ac amddiffyniad gwrth-drychiad ar doeau, isloriau, pyllau nofio, pontydd, ac amrywiol strwythurau concrit, gyda bywyd gwasanaeth nodweddiadol o hyd at 20 mlynedd.<\/p>\n<p dir=\"auto\">Mae'r haen yn treiddio tua 0.3 mm i'r matrics concrit i greu haen drwchus sy'n dal d\u0175r. Mae'n cynnal perfformiad ar draws ystod eang o dymheredd o \u201320 \u00b0C i 100 \u00b0C, yn cynnig hydwythedd uchel, adlyniad da, ac yn parhau i fod yn anadlu wrth rwystro d\u0175r hylifol. Mae'r deunydd yn gwrthsefyll heneiddio UV, nid yw'n wenwynig, yn isel mewn VOC, ac yn bodloni gofynion amgylcheddol. Mae ar gael mewn sawl lliw i weddu i anghenion addurniadol sylfaenol.<\/p>\n<p dir=\"auto\">Mae'r defnydd yn syml gan ddefnyddio brwsh, rholer, neu chwistrell ar arwynebau concrit neu waith maen gl\u00e2n. Mae'r haen yn caledu ar dymheredd ystafell ac nid oes angen gwresogi na phreimio arbennig yn y rhan fwyaf o sefyllfaoedd.<\/p>\n<p dir=\"auto\"><img loading=\"lazy\" decoding=\"async\" class=\"size-full wp-image-901 aligncenter\" src=\"https:\/\/great-ocean-waterproof.com\/wp-content\/uploads\/2025\/12\/JY-TOS-Organic-Silicone-Rubber-Waterproof-Coating2_1.jpg\" alt=\"Gorchudd Gwrth-dd\u0175r Rwber Silicon Organig JY-TOS\" width=\"1200\" height=\"1200\" srcset=\"https:\/\/great-ocean-waterproof.com\/wp-content\/uploads\/2025\/12\/JY-TOS-Organic-Silicone-Rubber-Waterproof-Coating2_1.jpg 1200w, https:\/\/great-ocean-waterproof.com\/wp-content\/uploads\/2025\/12\/JY-TOS-Organic-Silicone-Rubber-Waterproof-Coating2_1-980x980.jpg 980w, https:\/\/great-ocean-waterproof.com\/wp-content\/uploads\/2025\/12\/JY-TOS-Organic-Silicone-Rubber-Waterproof-Coating2_1-480x480.jpg 480w\" sizes=\"(min-width: 0px) and (max-width: 480px) 480px, (min-width: 481px) and (max-width: 980px) 980px, (min-width: 981px) 1200px, 100vw\" \/><\/p>\n<h3 dir=\"auto\">Nodweddion Perfformiad<\/h3>\n<ul>\n<li>Gorchudd un gydran, wedi'i seilio ar dd\u0175r gyda lleithydd rwber silicon organig fel y prif ddeunydd sy'n ffurfio ffilm<\/li>\n<li>Yn darparu amddiffyniad gwrth-dd\u0175r hirhoedlog a gwrth-drychiad ar gyfer toeau, isloriau, pyllau nofio, pontydd a strwythurau concrit<\/li>\n<li>Bywyd gwasanaeth disgwyliedig hyd at 20 mlynedd o dan amodau arferol<\/li>\n<li>Yn treiddio \u22480.3 mm i goncrit i ffurfio rhwystr gwrth-dd\u0175r trwchus, integredig<\/li>\n<li>Elastigedd uchel gyda chyfanrwydd ffilm rhagorol a gallu pontio craciau<\/li>\n<li>Gwrthiant tymheredd eang: \u201320 \u00b0C i +100 \u00b0C<\/li>\n<li>Gwrthiant da i dymheredd uchel\/isel, amlygiad i UV, a heneiddio hirdymor<\/li>\n<li>Gludiant cryf ac anadlu wrth rwystro d\u0175r hylif<\/li>\n<li>Diwenwyn, di-arogl, VOC isel, ac yn gyfeillgar i'r amgylchedd<\/li>\n<li>Adeiladwaith syml a diogel: cymhwysiad brwsh, rholer, neu chwistrell; yn caledu ar dymheredd ystafell<\/li>\n<li>Ar gael mewn sawl lliw ac yn addasadwy ar gyfer gofynion addurniadol sylfaenol<\/li>\n<\/ul>\n<h3 dir=\"auto\">Meysydd Cymhwyso<\/h3>\n<ul dir=\"auto\">\n<li>Toeau newydd a rhai sy'n bodoli eisoes, toeau gwastad, toeau teils tair-crwm, ac arwynebau teils gwydrog<\/li>\n<li>Pyllau nofio, cronfeydd d\u0175r, pyllau pysgod a thanciau trin carthion<\/li>\n<li>Toeau metel a strwythurau dur<\/li>\n<li>Ceginau, ystafelloedd ymolchi, isloriau a garejys<\/li>\n<li>Prosiectau gwrth-dd\u0175r ar raddfa fawr gan gynnwys pontydd, twneli a chyfleusterau amddiffyn awyr sifil<\/li>\n<li>Arwynebau concrit a gwaith maen cyffredinol sydd angen amddiffyniad hirdymor rhag d\u0175r<\/li>\n<\/ul>\n<p><img loading=\"lazy\" decoding=\"async\" class=\"size-full wp-image-902 aligncenter\" src=\"https:\/\/great-ocean-waterproof.com\/wp-content\/uploads\/2025\/12\/JY-TOS-Organic-Silicone-Rubber-Waterproof-Coating3_1.webp\" alt=\"Gorchudd Gwrth-dd\u0175r Rwber Silicon Organig JY-TOS\" width=\"1800\" height=\"1200\" srcset=\"https:\/\/great-ocean-waterproof.com\/wp-content\/uploads\/2025\/12\/JY-TOS-Organic-Silicone-Rubber-Waterproof-Coating3_1.webp 1800w, https:\/\/great-ocean-waterproof.com\/wp-content\/uploads\/2025\/12\/JY-TOS-Organic-Silicone-Rubber-Waterproof-Coating3_1-1280x853.webp 1280w, https:\/\/great-ocean-waterproof.com\/wp-content\/uploads\/2025\/12\/JY-TOS-Organic-Silicone-Rubber-Waterproof-Coating3_1-980x653.webp 980w, https:\/\/great-ocean-waterproof.com\/wp-content\/uploads\/2025\/12\/JY-TOS-Organic-Silicone-Rubber-Waterproof-Coating3_1-480x320.webp 480w\" sizes=\"(min-width: 0px) and (max-width: 480px) 480px, (min-width: 481px) and (max-width: 980px) 980px, (min-width: 981px) and (max-width: 1280px) 1280px, (min-width: 1281px) 1800px, 100vw\" \/><\/p>\n<h3 dir=\"auto\">Canllawiau Adeiladu<\/h3>\n<p dir=\"auto\"><strong>Proses adeiladu sylfaenol<\/strong> Arolygu a glanhau sylfaen \u2192 Asiant trin sylfaen (os oes angen) \u2192 Haen ychwanegol yn y manylion \u2192 Prif haenau cotio gwrth-dd\u0175r \u2192 Selio haen gwrth-dd\u0175r \u2192 Haen amddiffynnol (dewisol) \u2192 Prawf storio d\u0175r neu lifogydd.<\/p>\n<p dir=\"auto\"><strong>Nodiadau allweddol ar gyfer y cais<\/strong><\/p>\n<ol dir=\"auto\">\n<li>Cymysgwch y cotio'n drylwyr cyn ei ddefnyddio. Peidiwch ag ychwanegu d\u0175r na theneuo'r deunydd ar hap.<\/li>\n<li>Defnyddiwch frwsh neu rholer i roi'r haenen ar waith. Cadwch gyfeiriad brwshio a hyd str\u00f4c cyson. Rhowch bob haen mewn cyfeiriadau bob yn ail i gael gorchudd unffurf. Adeiladwch yr haen gwrth-dd\u0175r haen wrth haen.<\/li>\n<li>Rhowch yr haen nesaf dim ond ar \u00f4l i'r un flaenorol sych i'r cyffwrdd (ni ddylai cyffyrddiad bysedd deimlo'n ludiog).<\/li>\n<li>Wrth atgyfnerthu \u00e2 ffabrig polyester (brethyn corff teiar) neu rwyll gwydr ffibr:\n<ul dir=\"auto\">\n<li>Gorgyffwrddwch gymalau ffabrig o leiaf 5 cm.<\/li>\n<li>Gosodwch y ffabrig atgyfnerthu tra bod y gorchudd yn dal yn wlyb.<\/li>\n<li>Pwyswch a chrafwch y ffabrig yn fflat i gael gwared \u00e2 swigod aer, gan sicrhau bod y cotio yn treiddio'n llwyr ac yn gorchuddio'r ffabrig yn llwyr heb unrhyw ffibrau agored.<\/li>\n<\/ul>\n<\/li>\n<\/ol>\n<p dir=\"auto\">Dilynwch amodau paratoi a halltu arwyneb safonol i gael y canlyniadau gorau.<\/p>\n<div>\n<div>\n<h2 dir=\"auto\">Powdr Gludiog Ar Unwaith ar gyfer Adeiladu<\/h2>\n<p dir=\"auto\"><img loading=\"lazy\" decoding=\"async\" class=\"wp-image-899 alignleft\" src=\"https:\/\/great-ocean-waterproof.com\/wp-content\/uploads\/2025\/12\/Instant-Adhesive-Powder-For-Construction_1.webp\" alt=\"Powdr Gludiog Ar Unwaith ar gyfer Adeiladu\" width=\"124\" height=\"172\" \/>Mae'r broses gynhyrchu yn defnyddio system fwydo pwysau positif ac offer cymysgu awtomataidd i sicrhau unffurfiaeth gronynnau ac ansawdd cynnyrch sefydlog trwy reolaeth fanwl gywir ar gymhareb y prif ddeunyddiau a'r deunyddiau ategol. Mae'r prif briodweddau ffisegol yn cynnwys cryfder bondio uchel, ymwrthedd i dywydd, a gwrthsefyll craciau, gan alluogi integreiddio llawn \u00e2 deunyddiau sy'n seiliedig ar sment i ffurfio haen bondio cryfder uchel.<\/p>\n<ul dir=\"auto\">\n<li><strong>Priodweddau ffisegol<\/strong>: mae caledwch yn cyrraedd 3.2 MPa; mae prawf gwrthsefyll tywydd yn pasio 2000 awr o arbelydru UV<\/li>\n<li><strong>Nodweddion diddymu<\/strong>yn hydoddi'n llwyr mewn d\u0175r oer o fewn 3 munud, gan ffurfio colloid gyda gludedd o 8000 CPS<\/li>\n<li><strong>Cryfder gludiog<\/strong>: ar \u00f4l cymysgu \u00e2 sment, mae cryfder y bondio yn cynyddu'n sylweddol; addas ar gyfer amgylcheddau o -20 \u00b0C i 80 \u00b0C<\/li>\n<li><strong>Sefydlogrwydd<\/strong>: mae'r colloid yn aros yn sefydlog am 72 awr heb haenu; cynhelir y gwerth pH rhwng 8.5\u20139.5<\/li>\n<\/ul>\n<h2 dir=\"auto\">Adolygiadau Cwsmeriaid<\/h2>\n<p dir=\"auto\"><strong>Ahmed Al-Mansoori \u2013 Dubai, Emiradau Arabaidd Unedig (Contractwr to)<\/strong> Defnyddiwyd JY-TOS ar sawl to concrit gwastad yr haf diwethaf pan oedd y tymheredd uwchlaw 45 \u00b0C. Aeth y cotio ymlaen heb broblemau, dim arogl cryf, a sychodd yn gyflym hyd yn oed yn y gwres. Ar \u00f4l blwyddyn a dau dymor glawog, ni chafodd unrhyw ollyngiadau eu hadrodd hyd yn hyn. Helpodd y lliw llwyd golau i leihau tymheredd yr wyneb ychydig. Perfformiad cadarn am y pris.<\/p>\n<p dir=\"auto\"><strong>Maria Costa \u2013 Lisbon, Portiwgal (Perchennog y T\u0177)<\/strong> Rhoddais ddwy g\u00f4t fy hun ar hen falconi concrit o'r 1970au a oedd bob amser yn gollwng i'r ystafell wely. Glanhawyd yr wyneb ac roedd ychydig yn llaith - roedd y deunydd yn dal i lynu'n dda. Mae wedi bod yn 14 mis gan gynnwys gaeaf gwlyb iawn, ac mae'r balconi'n aros yn sych. Mae'r gorffeniad yn matte ac nid yw'n edrych yn sgleiniog nac yn blastig, sy'n well gen i.<\/p>\n<p dir=\"auto\"><strong>Tan Wei Jie \u2013 Singap\u00f4r (Cwmni adnewyddu)<\/strong> Rydym yn pennu JY-TOS ar gyfer waliau meysydd parcio islawr ac ardaloedd o amgylch pyllau nofio. Mae'r treiddiad i goncrit yn amlwg ac mae'r ffilm yn aros yn elastig ar \u00f4l halltu. Mae'r criw yn hoffi ei bod yn un gydran ac yn arogl isel - sy'n bwysig wrth weithio mewn adeiladau \u00e2 phobl ynddynt. Hyd yn hyn mae pob prosiect wedi pasio'r prawf pyllau d\u0175r 24 awr heb broblemau.<\/p>\n<p dir=\"auto\"><strong>John Davies \u2013 Manceinion, DU (Syrf\u00ebwr adeiladau)<\/strong> Argymhellais y gorchudd gwrth-dd\u0175r rwber silicon organig hwn ar gyfer bloc tai yn y 1990au gyda thyfiant to parhaus. Rhoddodd y contractwr dair cot dros yr asffalt presennol. Dangosodd archwiliad 18 mis yn ddiweddarach fod y gorchudd yn dal yn gyfan, dim pothellu hyd yn oed ar \u00f4l gaeaf gwlyb nodweddiadol ym Mhrydain. Mae'n ymddangos bod anadlu da yn atal lleithder rhag cael ei ddal oddi tano.<\/p>\n<p dir=\"auto\"><strong>Carlos Ram\u00edrez - Bogot\u00e1, Colombia (peiriannydd sifil)<\/strong> Fe'i defnyddiwyd ar bont gerdded agored. Mae'r wyneb yn rhewi o bryd i'w gilydd yn y nos (tua \u20132 \u00b0C) ac yn cael golau haul uniongyrchol yn ystod y dydd. Ar \u00f4l dwy flynedd mae'r haen dal d\u0175r yn dal yn hyblyg ac ni ymddangosodd unrhyw graciau yn y cymalau symud. Mae'r lliw wedi pylu ychydig ond mae'r amddiffyniad yn parhau i fod yn effeithiol.<\/p>\n<h2 dir=\"auto\">Cwestiynau Cyffredin<\/h2>\n<p dir=\"auto\"><strong>C1: A yw JY-TOS yn addas ar gyfer cyswllt uniongyrchol \u00e2 d\u0175r yfed?<\/strong> Na, mae wedi'i gynllunio ar gyfer gwrth-dd\u0175r adeiladu cyffredinol (toeau, isloriau, pyllau, ac ati). Nid yw'n wenwynig ar \u00f4l caledu'n llwyr, ond nid yw wedi'i ardystio ar gyfer tanciau d\u0175r yfed.<\/p>\n<p dir=\"auto\"><strong>C2: A ellir ei roi ar arwyneb llaith?<\/strong> Ydy, gall oddef concrit sydd ychydig yn llaith (nid yn wlyb). Rhaid cael gwared \u00e2 d\u0175r llonydd a dylai'r wyneb fod yn rhydd o ronynnau rhydd.<\/p>\n<p dir=\"auto\"><strong>C3: Oes angen paent preimio arno?<\/strong> Yn y rhan fwyaf o achosion ar swbstradau concrit gl\u00e2n neu sment, nid oes angen paent preimio. Ar arwynebau llyfn neu lwchlyd iawn, gellir defnyddio cot wan o JY-TOS ei hun (1:1 gyda d\u0175r) fel paent preimio.<\/p>\n<p dir=\"auto\"><strong>C4: Beth yw'r trwch\/dos a argymhellir?<\/strong> Y cyfanswm defnydd nodweddiadol yw 1.6\u20132.2 kg\/m\u00b2 ar gyfer trwch ffilm sych 1.0\u20131.2 mm (fel arfer 2\u20133 cot). Cynghorir dos uwch (2.5\u20133.0 kg\/m\u00b2) ar gyfer toeau agored neu strwythurau sy'n dal d\u0175r.<\/p>\n<p dir=\"auto\"><strong>C5: A ellir ei ddefnyddio ar doeau metel?<\/strong> Ydy, ond rhaid i'r wyneb metel fod yn l\u00e2n, yn rhydd o rwd, ac yn sefydlog. Argymhellir defnyddio primer gwrth-cyrydu addas cyn rhoi JY-TOS ar waith.<\/p>\n<p dir=\"auto\"><strong>C6: Pa mor hir mae'n ei gymryd i wella?<\/strong> Sych i'w gyffwrdd mewn 2\u20134 awr, gellir ei ail-baentio ar \u00f4l 4\u20138 awr (yn dibynnu ar y tymheredd a'r lleithder). Cyrhaeddir caledu llawn a'r gwrthiant d\u0175r mwyaf ar \u00f4l 5\u20137 diwrnod.<\/p>\n<p dir=\"auto\"><strong>C7: A fydd y lliw yn pylu o dan olau haul?<\/strong> Mae lliwiau golau (llwyd, beige) yn dangos pylu lleiaf posibl. Gall lliwiau tywyllach bylu ychydig dros 2-3 blynedd ond nid yw perfformiad gwrth-dd\u0175r yn cael ei effeithio.<\/p>\n<p dir=\"auto\"><strong>C8: A ellir cerdded arno ar \u00f4l ei roi (e.e., ar y to)?<\/strong> Ydy, ar \u00f4l caledu'n llwyr gall wrthsefyll traffig traed. Ar gyfer traffig cynnal a chadw rheolaidd, argymhellir sgr\u00eed sment-tywod amddiffynnol neu badiau cerdded.<\/p>\n<p dir=\"auto\"><strong>C9: Beth yw'r oes silff?<\/strong> 24 mis o'r dyddiad cynhyrchu os c\u00e2nt eu storio mewn bwcedi gwreiddiol wedi'u selio mewn lle oer, sych (5\u201335 \u00b0C).<\/p>\n<p dir=\"auto\"><strong>C10: A all bontio craciau?<\/strong> Gall bontio craciau llinell wallt statig hyd at tua 0.4 mm. Ar gyfer craciau symudol neu gymalau sy'n lletach nag 1 mm, mae angen atgyfnerthiad ychwanegol (ffabrig polyester + haenau ychwanegol).<\/p>\n<\/div>\n<h2 dir=\"auto\">Yngl\u0177n \u00e2 Great Ocean Waterproof Technology Co., Ltd.<\/h2>\n<p dir=\"auto\">Sefydlwyd Great Ocean Waterproof Technology Co., Ltd. (Weifang Great Ocean New Waterproof Materials Co., Ltd. gynt) ym 1999 ac mae wedi'i leoli yn Nhref Taitou, Dinas Shouguang \u2013 y ganolfan gynhyrchu deunyddiau gwrth-dd\u0175r fwyaf yn Tsieina.<\/p>\n<p dir=\"auto\">Mae'r cwmni'n meddiannu safle ffatri 26,000 m\u00b2 ac mae wedi datblygu i fod yn fenter uwch-dechnoleg genedlaethol sy'n integreiddio ymchwil a datblygu, cynhyrchu a gwerthu deunyddiau gwrth-dd\u0175r. Rydym yn gweithredu nifer o linellau cynhyrchu uwch ar gyfer pilenni, dalennau a gorchuddion gwrth-dd\u0175r sy'n bodloni safonau domestig cyfredol.<\/p>\n<p dir=\"auto\">Mae ein prif ystod o gynhyrchion yn cynnwys:<\/p>\n<ul dir=\"auto\">\n<li>Pilenni gwrth-dd\u0175r polymer (PE\/polyester, PVC, TPO, CPE ar gyfer rheilffordd gyflym, polymer hunanlynol, polymer wedi'i osod ymlaen llaw, pilenni bondio adweithiol wedi'u lamineiddio ar draws)<\/li>\n<li>Pilenni gwrth-dd\u0175r bitwmen wedi'u haddasu (SBS\/APP, bitwmen hunanlynol, cyfres gwrth-wreiddiau)<\/li>\n<li>Byrddau amddiffyn a draenio<\/li>\n<li>Haenau gwrth-dd\u0175r (polywrethan un\/deuol gydran, sment polymer JS, polywrethan wedi'i seilio ar dd\u0175r, crisialog smentiol, asffalt rwber wedi'i chwistrellu, asffalt rwber nad yw'n halltu, glud gwrth-dd\u0175r wal allanol tryloyw, pilen hylif elastig iawn, ac ati)<\/li>\n<li>Cynhyrchion ategol (gludyddion powdr sych arbennig, tapiau bwtyl, ac ati)<\/li>\n<\/ul>\n<p dir=\"auto\">Mae gan y cwmni alluoedd technegol cryf gyda th\u00eem Ymchwil a Datblygu ymroddedig, offer cynhyrchu uwch a chyfleusterau profi cyflawn i sicrhau ansawdd cynnyrch sefydlog a dibynadwy. Rydym wedi pasio ardystiad system rheoli ansawdd ISO, yn dal trwyddedau cynhyrchu cynnyrch diwydiannol cenedlaethol, ac mae ein cynnyrch wedi derbyn cydnabyddiaeth \u201cCynnyrch Cymwys Profi Awdurdodol Cenedlaethol\u201d gan Gymdeithas Arolygu Ansawdd Tsieina.<\/p>\n<p dir=\"auto\">Defnyddir cynhyrchion Great Ocean yn helaeth ar draws mwy nag 20 talaith yn Tsieina ac fe'u hallforir i sawl gwlad a rhanbarth tramor. Rydym yn gweithredu o dan system reoli fodern a arweinir gan egwyddorion uniondeb, pragmatiaeth ac arloesedd, gan anelu at gydweithrediad lle mae pawb ar eu hennill a phartneriaethau hirdymor gyda chwsmeriaid ledled y byd.<\/p>\n<table style=\"width: 100%; height: 24px;\" border=\"0\" width=\"100%\" cellspacing=\"0\" cellpadding=\"0\">\n<tbody>\n<tr style=\"height: 14.00pt;\">\n<td style=\"height: 10px; width: 177pt;\" width=\"354\" height=\"28\"><img loading=\"lazy\" decoding=\"async\" class=\"size-full wp-image-649 aligncenter\" src=\"https:\/\/great-ocean-waterproof.com\/wp-content\/uploads\/2025\/11\/Great-Ocean-Waterproof-Factory-47_1-scaled.webp\" alt=\"Ffatri Great Ocean Waterproof\" width=\"2560\" height=\"1920\" srcset=\"https:\/\/great-ocean-waterproof.com\/wp-content\/uploads\/2025\/11\/Great-Ocean-Waterproof-Factory-47_1-scaled.webp 2560w, https:\/\/great-ocean-waterproof.com\/wp-content\/uploads\/2025\/11\/Great-Ocean-Waterproof-Factory-47_1-1280x960.webp 1280w, https:\/\/great-ocean-waterproof.com\/wp-content\/uploads\/2025\/11\/Great-Ocean-Waterproof-Factory-47_1-980x735.webp 980w, https:\/\/great-ocean-waterproof.com\/wp-content\/uploads\/2025\/11\/Great-Ocean-Waterproof-Factory-47_1-480x360.webp 480w\" sizes=\"(min-width: 0px) and (max-width: 480px) 480px, (min-width: 481px) and (max-width: 980px) 980px, (min-width: 981px) and (max-width: 1280px) 1280px, (min-width: 1281px) 2560px, 100vw\" \/><\/td>\n<td style=\"width: 235pt; height: 10px;\" width=\"470\"><img loading=\"lazy\" decoding=\"async\" class=\"size-full wp-image-608 aligncenter\" src=\"https:\/\/great-ocean-waterproof.com\/wp-content\/uploads\/2025\/11\/Great-Ocean-Waterproof-Factory-6_1-scaled.webp\" alt=\"Ffatri Great Ocean Waterproof\" width=\"2560\" height=\"1439\" srcset=\"https:\/\/great-ocean-waterproof.com\/wp-content\/uploads\/2025\/11\/Great-Ocean-Waterproof-Factory-6_1-scaled.webp 2560w, https:\/\/great-ocean-waterproof.com\/wp-content\/uploads\/2025\/11\/Great-Ocean-Waterproof-Factory-6_1-1280x720.webp 1280w, https:\/\/great-ocean-waterproof.com\/wp-content\/uploads\/2025\/11\/Great-Ocean-Waterproof-Factory-6_1-980x551.webp 980w, https:\/\/great-ocean-waterproof.com\/wp-content\/uploads\/2025\/11\/Great-Ocean-Waterproof-Factory-6_1-480x270.webp 480w\" sizes=\"(min-width: 0px) and (max-width: 480px) 480px, (min-width: 481px) and (max-width: 980px) 980px, (min-width: 981px) and (max-width: 1280px) 1280px, (min-width: 1281px) 2560px, 100vw\" \/><\/td>\n<\/tr>\n<tr style=\"height: 14.00pt;\">\n<td style=\"height: 14px;\" height=\"28\"><img loading=\"lazy\" decoding=\"async\" class=\"size-full wp-image-641 aligncenter\" src=\"https:\/\/great-ocean-waterproof.com\/wp-content\/uploads\/2025\/11\/Great-Ocean-Waterproof-Factory-39_1-scaled.webp\" alt=\"Ffatri Great Ocean Waterproof\" width=\"2560\" height=\"2560\" srcset=\"https:\/\/great-ocean-waterproof.com\/wp-content\/uploads\/2025\/11\/Great-Ocean-Waterproof-Factory-39_1-scaled.webp 2560w, https:\/\/great-ocean-waterproof.com\/wp-content\/uploads\/2025\/11\/Great-Ocean-Waterproof-Factory-39_1-1280x1280.webp 1280w, https:\/\/great-ocean-waterproof.com\/wp-content\/uploads\/2025\/11\/Great-Ocean-Waterproof-Factory-39_1-980x980.webp 980w, https:\/\/great-ocean-waterproof.com\/wp-content\/uploads\/2025\/11\/Great-Ocean-Waterproof-Factory-39_1-480x480.webp 480w\" sizes=\"(min-width: 0px) and (max-width: 480px) 480px, (min-width: 481px) and (max-width: 980px) 980px, (min-width: 981px) and (max-width: 1280px) 1280px, (min-width: 1281px) 2560px, 100vw\" \/><\/td>\n<td style=\"height: 14px;\"><img loading=\"lazy\" decoding=\"async\" class=\"size-full wp-image-627 aligncenter\" src=\"https:\/\/great-ocean-waterproof.com\/wp-content\/uploads\/2025\/11\/Great-Ocean-Waterproof-Factory-25_1-scaled.webp\" alt=\"Ffatri Great Ocean Waterproof\" width=\"2560\" height=\"1920\" srcset=\"https:\/\/great-ocean-waterproof.com\/wp-content\/uploads\/2025\/11\/Great-Ocean-Waterproof-Factory-25_1-scaled.webp 2560w, https:\/\/great-ocean-waterproof.com\/wp-content\/uploads\/2025\/11\/Great-Ocean-Waterproof-Factory-25_1-1280x960.webp 1280w, https:\/\/great-ocean-waterproof.com\/wp-content\/uploads\/2025\/11\/Great-Ocean-Waterproof-Factory-25_1-980x735.webp 980w, https:\/\/great-ocean-waterproof.com\/wp-content\/uploads\/2025\/11\/Great-Ocean-Waterproof-Factory-25_1-480x360.webp 480w\" sizes=\"(min-width: 0px) and (max-width: 480px) 480px, (min-width: 481px) and (max-width: 980px) 980px, (min-width: 981px) and (max-width: 1280px) 1280px, (min-width: 1281px) 2560px, 100vw\" \/><\/td>\n<\/tr>\n<\/tbody>\n<\/table>\n<section><\/section>\n<section><\/section>\n<\/div>","protected":false},"excerpt":{"rendered":"<p dir=\"auto\">Mae Gorchudd Gwrth-dd\u0175r Rwber Silicon Organig JY-TOS yn ddeunydd gwrth-dd\u0175r treiddiol sy'n seiliedig ar dd\u0175r a gynhyrchir yn ein ffatri yn Tsieina, gyda eli rwber silicon organig fel y prif gydran. Fel gwneuthurwr uniongyrchol, rydym yn cyflenwi'r gorchudd hwn ar gyfer toeau, isloriau, pyllau nofio, pontydd a strwythurau concrit eraill. Mae'n cynnig oes gwasanaeth nodweddiadol o hyd at 20 mlynedd, hydwythedd da, ymwrthedd tymheredd o -20\u00b0C i 100\u00b0C, priodweddau gwrth-heneiddio, ac yn parhau i fod yn ddiwenwyn. Mae'r cynnyrch ar gael mewn sawl lliw, yn dangos adlyniad cryf, ac yn treiddio tua 0.3mm i'r swbstrad concrit i greu haen gwrth-dd\u0175r drwchus. Mae pris ffatri cystadleuol ar gael ar gyfer archebion swmp a phrosiect.<\/p>","protected":false},"featured_media":900,"template":"","meta":{"_et_pb_use_builder":"","_et_pb_old_content":"","_et_gb_content_width":""},"product_brand":[],"product_cat":[22],"product_tag":[],"class_list":{"0":"post-898","1":"product","2":"type-product","3":"status-publish","4":"has-post-thumbnail","6":"product_cat-waterproof-coating","8":"first","9":"instock","10":"shipping-taxable","11":"product-type-simple"},"_links":{"self":[{"href":"https:\/\/great-ocean-waterproof.com\/cy\/wp-json\/wp\/v2\/product\/898","targetHints":{"allow":["GET"]}}],"collection":[{"href":"https:\/\/great-ocean-waterproof.com\/cy\/wp-json\/wp\/v2\/product"}],"about":[{"href":"https:\/\/great-ocean-waterproof.com\/cy\/wp-json\/wp\/v2\/types\/product"}],"wp:featuredmedia":[{"embeddable":true,"href":"https:\/\/great-ocean-waterproof.com\/cy\/wp-json\/wp\/v2\/media\/900"}],"wp:attachment":[{"href":"https:\/\/great-ocean-waterproof.com\/cy\/wp-json\/wp\/v2\/media?parent=898"}],"wp:term":[{"taxonomy":"product_brand","embeddable":true,"href":"https:\/\/great-ocean-waterproof.com\/cy\/wp-json\/wp\/v2\/product_brand?post=898"},{"taxonomy":"product_cat","embeddable":true,"href":"https:\/\/great-ocean-waterproof.com\/cy\/wp-json\/wp\/v2\/product_cat?post=898"},{"taxonomy":"product_tag","embeddable":true,"href":"https:\/\/great-ocean-waterproof.com\/cy\/wp-json\/wp\/v2\/product_tag?post=898"}],"curies":[{"name":"wp","href":"https:\/\/api.w.org\/{rel}","templated":true}]}}