{"id":1240,"date":"2025-12-29T00:03:24","date_gmt":"2025-12-29T00:03:24","guid":{"rendered":"https:\/\/great-ocean-waterproof.com\/?post_type=product&#038;p=1240"},"modified":"2025-12-29T12:09:46","modified_gmt":"2025-12-29T12:09:46","slug":"jy-zse-high-elongation-self-adhesive-waterproofing-membrane-e","status":"publish","type":"product","link":"https:\/\/great-ocean-waterproof.com\/is\/product\/jy-zse-high-elongation-self-adhesive-waterproofing-membrane-e\/","title":{"rendered":"JY-ZSE Sj\u00e1lfl\u00edmandi vatnsheldandi himna me\u00f0 mikilli teygju [e]"},"content":{"rendered":"<h2 dir=\"auto\">Kynning \u00e1 v\u00f6ru<\/h2>\n<p dir=\"auto\">JY-ZSE sj\u00e1lfl\u00edmandi vatnsheldandi himna me\u00f0 mikilli teygju er h\u00f6nnu\u00f0 sem r\u00fallandi vatnsheld efni fyrir \u00fdmsar byggingarframkv\u00e6mdir. H\u00fan samanstendur af afkastamiklu sj\u00e1lfl\u00edmandi breyttu asfaltlagi sem \u00fej\u00f3nar sem a\u00f0al l\u00edm\u00fe\u00e9ttiefni\u00f0. \u00deetta er \u00feaki\u00f0 a\u00f0 ofan me\u00f0 krosslaga\u00f0ri p\u00f3l\u00fdet\u00fdlenfilmu e\u00f0a afh\u00fd\u00f0anlegri s\u00edlikonh\u00fa\u00f0a\u00f0ri einangrunarfilmu, en ne\u00f0ri yfirbor\u00f0i\u00f0 er me\u00f0 afh\u00fd\u00f0anlegri s\u00edlikonh\u00fa\u00f0a\u00f0ri einangrunarfilmu til a\u00f0 au\u00f0velda me\u00f0h\u00f6ndlun og notkun.<\/p>\n<p dir=\"auto\">Helstu forskriftir eru me\u00f0al annars \u00feykkt upp \u00e1 1,5 mm e\u00f0a 2,0 mm, sta\u00f0la\u00f0 lengd upp \u00e1 20 metra og breidd upp \u00e1 1,0 metra. Efri yfirbor\u00f0i\u00f0 er merkt sem PF (p\u00f3l\u00fdet\u00fdlenfilma) og undirlagi\u00f0 er me\u00f0 a\u00f0skilna\u00f0arlagi til a\u00f0 koma \u00ed veg fyrir \u00f3t\u00edmab\u00e6ra vi\u00f0lo\u00f0un vi\u00f0 geymslu og flutning.<\/p>\n<p dir=\"auto\">\u00deessi himna veitir \u00e1rei\u00f0anlega vatnsheldingu me\u00f0 sj\u00e1lfl\u00edmandi eiginleikum s\u00ednum, sem gerir hana hentuga fyrir fleti sem \u00fearfnast verndar gegn raka. Fyrir \u00fe\u00e1 sem leita a\u00f0 valkostum eins og sj\u00e1lfl\u00edmandi vatnsheldandi himnu til s\u00f6lu, b\u00fd\u00f0ur JY-ZSE ger\u00f0in upp \u00e1 samh\u00e6fni vi\u00f0 venjulegar uppsetningara\u00f0fer\u00f0ir \u00ed byggingarverkefnum. A\u00f0 auki samr\u00e6mast h\u00fan kerfum eins og <a href=\"https:\/\/great-ocean-waterproof.com\/is\/product\/tpo-thermoplastic-polyolefin-waterproofing-membrane\/\">TPO \u00feak sj\u00e1lfl\u00edmandi vatnsheldandi himna<\/a> hva\u00f0 var\u00f0ar teygju og vi\u00f0lo\u00f0unargetu, \u00fe\u00f3 a\u00f0 \u00fea\u00f0 noti breytt asfalt sem grunnefni.<\/p>\n<p dir=\"auto\">Common uses, based on similar products in the industry, include basements, rooftops, and areas exposed to water, where the material’s elongation helps accommodate structural movements without compromising the seal. Installation typically involves peeling the separator and applying directly to prepared substrates for a continuous barrier.<\/p>\n<p><img loading=\"lazy\" decoding=\"async\" class=\"wp-image-1241 aligncenter\" src=\"https:\/\/great-ocean-waterproof.com\/wp-content\/uploads\/2025\/12\/JY-ZSE-High-Elongation-Self-Adhesive-Waterproofing-Membrane-e1_1.webp\" alt=\"JY-ZSE Sj\u00e1lfl\u00edmandi vatnsheldandi himna me\u00f0 mikilli teygju [e]\" width=\"1367\" height=\"585\" srcset=\"https:\/\/great-ocean-waterproof.com\/wp-content\/uploads\/2025\/12\/JY-ZSE-High-Elongation-Self-Adhesive-Waterproofing-Membrane-e1_1.webp 1367w, https:\/\/great-ocean-waterproof.com\/wp-content\/uploads\/2025\/12\/JY-ZSE-High-Elongation-Self-Adhesive-Waterproofing-Membrane-e1_1-1280x548.webp 1280w, https:\/\/great-ocean-waterproof.com\/wp-content\/uploads\/2025\/12\/JY-ZSE-High-Elongation-Self-Adhesive-Waterproofing-Membrane-e1_1-980x419.webp 980w, https:\/\/great-ocean-waterproof.com\/wp-content\/uploads\/2025\/12\/JY-ZSE-High-Elongation-Self-Adhesive-Waterproofing-Membrane-e1_1-480x205.webp 480w\" sizes=\"(min-width: 0px) and (max-width: 480px) 480px, (min-width: 481px) and (max-width: 980px) 980px, (min-width: 981px) and (max-width: 1280px) 1280px, (min-width: 1281px) 1367px, 100vw\" \/><\/p>\n<h3 dir=\"auto\">Afk\u00f6st<\/h3>\n<ul>\n<li>\u00deverlaga\u00f0 p\u00f3l\u00fdet\u00fdlenfilma me\u00f0 mikilli teygju b\u00fd\u00f0ur upp \u00e1 sterka gata\u00feol, mikla rifu\u00feol gegn n\u00f6glum, fram\u00farskarandi rif\u00feol, mikla teygju, g\u00f3\u00f0an v\u00edddarst\u00f6\u00f0ugleika, sterka \u00fatfj\u00f3lubl\u00e1a geislunar\u00feol og fram\u00farskarandi l\u00e1ghita\u00feol.<\/li>\n<li>Samverkandi \u00e1hrif efnislegrar tengingar og tappa \u00e1samt efnahv\u00f6rfum gera himnunni kleift a\u00f0 samlagast byggingarmannvirkinu, veita vi\u00f0n\u00e1m gegn utana\u00f0komandi umhverfis\u00e1hrifum en vi\u00f0halda jafnframt traustri og varanlegri tengingu.<\/li>\n<li>Fyrir blautlag\u00f0a byggingar er engin s\u00e9rst\u00f6k me\u00f0fer\u00f0 nau\u00f0synleg fyrir \u00f3j\u00f6fn undirl\u00f6g e\u00f0a botnh\u00fa\u00f0un; sementsm\u00far e\u00f0a sementsl\u00edm tryggir fulla bindingu vi\u00f0 undirlagi\u00f0, veitir sterka skemmda\u00feol og virka vatnsheldingu sem kemur \u00ed veg fyrir a\u00f0 flj\u00f3tandi vatn og vatnsgufa komist inn \u00ed mannvirki\u00f0.<\/li>\n<li>Sj\u00e1lfl\u00edmandi asfalts\u00fe\u00e1tturinn s\u00fdnir mikla skri\u00f0\u00feol, a\u00f0l\u00f6gunarh\u00e6fni a\u00f0 afl\u00f6gun undirlags og hentar fyrir \u00fdmis byggingarumhverfi.<\/li>\n<\/ul>\n<h3>\u00c1rangursv\u00edsitala<\/h3>\n<table style=\"width: 100%;\" border=\"1\" width=\"100%\" cellspacing=\"0\" cellpadding=\"0\">\n<thead>\n<tr>\n<th style=\"width: 2.17195%;\">Nei.<\/th>\n<th style=\"width: 40%;\" colspan=\"2\">Vara<\/th>\n<th style=\"width: 57.6471%;\">V\u00edsir<\/th>\n<\/tr>\n<tr>\n<th style=\"width: 2.17195%;\"><\/th>\n<th style=\"width: 40%;\" colspan=\"2\"><\/th>\n<th style=\"width: 57.6471%;\">E<\/th>\n<\/tr>\n<\/thead>\n<tbody>\n<tr>\n<td style=\"width: 2.17195%;\">1<\/td>\n<td style=\"width: 40%;\" colspan=\"2\">Leysanlegt innihald\/(g\/m\u00b2)<\/td>\n<td style=\"width: 57.6471%;\">–<\/td>\n<\/tr>\n<tr>\n<td style=\"width: 2.17195%;\" rowspan=\"3\">2<\/td>\n<td style=\"width: 21.991%;\" rowspan=\"3\">Tog\u00feol<\/td>\n<td style=\"width: 18.009%;\">Rifkraftur \/(N\/50 mm) \u2265<\/td>\n<td style=\"width: 57.6471%;\">200<\/td>\n<\/tr>\n<tr>\n<td style=\"width: 18.009%;\">Teygjanleiki vi\u00f0 h\u00e1marks tog\u00feol \u2265<\/td>\n<td style=\"width: 57.6471%;\">180<\/td>\n<\/tr>\n<tr>\n<td style=\"width: 18.009%;\">Fyrirb\u00e6ri vi\u00f0 teygju<\/td>\n<td style=\"width: 57.6471%;\">L\u00edmlagi\u00f0 er ekki a\u00f0skili\u00f0 fr\u00e1 fj\u00f6lli\u00f0ufilmunni e\u00f0a dekkgrunninum<\/td>\n<\/tr>\n<tr>\n<td style=\"width: 2.17195%;\">3<\/td>\n<td style=\"width: 40%;\" colspan=\"2\">Rifkraftur\/N \u2265<\/td>\n<td style=\"width: 57.6471%;\">25<\/td>\n<\/tr>\n<tr>\n<td style=\"width: 2.17195%;\">4<\/td>\n<td style=\"width: 40%;\" colspan=\"2\">Hita\u00feol (70\u2103, 2 klst.)<\/td>\n<td style=\"width: 57.6471%;\">Enginn fl\u00e6\u00f0i, leki, rennsli \u2264 2 mm<\/td>\n<\/tr>\n<tr>\n<td style=\"width: 2.17195%;\">5<\/td>\n<td style=\"width: 40%;\" colspan=\"2\">Sveigjanleiki vi\u00f0 l\u00e1gt hitastig (-20 \u2103)<\/td>\n<td style=\"width: 57.6471%;\">Engar sprungur<\/td>\n<\/tr>\n<tr>\n<td style=\"width: 2.17195%;\">6<\/td>\n<td style=\"width: 40%;\" colspan=\"2\">\u00d3gegndr\u00e6pi<\/td>\n<td style=\"width: 57.6471%;\">vatnsheldur<\/td>\n<\/tr>\n<tr>\n<td style=\"width: 2.17195%;\" rowspan=\"3\">7<\/td>\n<td style=\"width: 21.991%;\" rowspan=\"3\">R\u00falla og r\u00fallafl\u00f6gnunarstyrkur \/ (N \/ mm<\/td>\n<td style=\"width: 18.009%;\">Engin vinnsla<\/td>\n<td style=\"width: 57.6471%;\">1.0<\/td>\n<\/tr>\n<tr>\n<td style=\"width: 18.009%;\">\u00cdd\u00fdfingarme\u00f0fer\u00f0<\/td>\n<td style=\"width: 57.6471%;\">0.8<\/td>\n<\/tr>\n<tr>\n<td style=\"width: 18.009%;\">Hitame\u00f0fer\u00f0<\/td>\n<td style=\"width: 57.6471%;\">0.8<\/td>\n<\/tr>\n<tr>\n<td style=\"width: 2.17195%;\">8<\/td>\n<td style=\"width: 40%;\" colspan=\"2\">Ol\u00eduleki\/fj\u00f6ldi bla\u00f0a \u2264<\/td>\n<td style=\"width: 57.6471%;\">2<\/td>\n<\/tr>\n<tr>\n<td style=\"width: 2.17195%;\">9<\/td>\n<td style=\"width: 40%;\" colspan=\"2\">Seigja\/m\u00edn. \u2265<\/td>\n<td style=\"width: 57.6471%;\">30<\/td>\n<\/tr>\n<tr>\n<td style=\"width: 2.17195%;\" rowspan=\"2\">10<\/td>\n<td style=\"width: 21.991%;\" rowspan=\"2\">Fl\u00f6gnunarstyrkur me\u00f0 sementsm\u00far\/(N\/mm)<\/td>\n<td style=\"width: 18.009%;\">Engin vinnsla \u2265<\/td>\n<td style=\"width: 57.6471%;\">1.5<\/td>\n<\/tr>\n<tr>\n<td style=\"width: 18.009%;\">Hitame\u00f0fer\u00f0 \u2265<\/td>\n<td style=\"width: 57.6471%;\">1.0<\/td>\n<\/tr>\n<tr>\n<td style=\"width: 2.17195%;\">11<\/td>\n<td style=\"width: 40%;\" colspan=\"2\">Fl\u00f6gnunarstyrkur eftir a\u00f0 hafa veri\u00f0 d\u00fdft \u00ed sementsm\u00far (N\/mm) \u2265<\/td>\n<td style=\"width: 57.6471%;\">1.5<\/td>\n<\/tr>\n<tr>\n<td style=\"width: 2.17195%;\" rowspan=\"3\">12<\/td>\n<td style=\"width: 21.991%;\" rowspan=\"3\">Hita\u00feol (70\u2103, 168 klst.)<\/td>\n<td style=\"width: 18.009%;\">Tog\u00feolshra\u00f0i\/%<\/td>\n<td style=\"width: 57.6471%;\">90<\/td>\n<\/tr>\n<tr>\n<td style=\"width: 18.009%;\">Lengingart\u00ed\u00f0ni\/%<\/td>\n<td style=\"width: 57.6471%;\">80<\/td>\n<\/tr>\n<tr>\n<td style=\"width: 18.009%;\">Sveigjanleiki vi\u00f0 l\u00e1gt hitastig (-18 \u2103)<\/td>\n<td style=\"width: 57.6471%;\">Engar sprungur<\/td>\n<\/tr>\n<tr>\n<td style=\"width: 2.17195%;\">13<\/td>\n<td style=\"width: 40%;\" colspan=\"2\">St\u00e6r\u00f0arbreyting \/ %<\/td>\n<td style=\"width: 57.6471%;\">\u00b11,5<\/td>\n<\/tr>\n<tr>\n<td style=\"width: 2.17195%;\">14<\/td>\n<td style=\"width: 40%;\" colspan=\"2\">Hitast\u00f6\u00f0ugleiki<\/td>\n<td style=\"width: 57.6471%;\">Engin \u00fatb\u00f3lga, sl\u00e9tt, me\u00f0 h\u00e1marks krullu \u00e1 fj\u00f6lli\u00f0ufilmu e\u00f0a br\u00fan dekksins sem fer ekki yfir 1\/4 af hli\u00f0arlengdinni<\/td>\n<\/tr>\n<\/tbody>\n<\/table>\n<h2 dir=\"auto\">D\u00e6mis\u00f6gur<\/h2>\n<p><strong>D\u00e6mi 1: \u00de\u00e9ttingarefni fyrir \u00f3berandi \u00feak \u00ed atvinnuh\u00fasn\u00e6\u00f0i<\/strong><br \/>\n\u00cd me\u00f0alst\u00f3ru atvinnuh\u00fasn\u00e6\u00f0isverkefni \u00ed Shanghai var JY-ZSE himnan sett \u00e1 \u00f3berandi flatt \u00feak sem spanna\u00f0i 5.000 fermetra. Uppsetningin f\u00f3lst \u00ed \u00fev\u00ed a\u00f0 fjarl\u00e6gja skiljuna og festa himnuna beint \u00e1 steypta undirlagi\u00f0, sem myndar samfellda \u00fe\u00e9ttingu gegn leka regnvatns. \u00deessi sj\u00e1lfl\u00edmandi bitumen vatnsheldandi himna var valin vegna eindr\u00e6gni hennar vi\u00f0 blautlagningara\u00f0fer\u00f0ir og sveigjanleika vi\u00f0 l\u00e1gt hitastig, sem tryggir endingu \u00ed mismunandi ve\u00f0urskilyr\u00f0um. Verkefninu lauk \u00e1ri\u00f0 2023, \u00e1n \u00feess a\u00f0 tilkynnt v\u00e6ri um leka eftir tveggja \u00e1ra \u00fatsetningu fyrir \u00e1rst\u00ed\u00f0abundinni rigningu.<\/p>\n<p><img loading=\"lazy\" decoding=\"async\" class=\"size-full wp-image-1242 aligncenter\" src=\"https:\/\/great-ocean-waterproof.com\/wp-content\/uploads\/2025\/12\/self-adhesive-waterproofing_1.webp\" alt=\"sj\u00e1lfl\u00edmandi vatnshelding\" width=\"1537\" height=\"803\" srcset=\"https:\/\/great-ocean-waterproof.com\/wp-content\/uploads\/2025\/12\/self-adhesive-waterproofing_1.webp 1537w, https:\/\/great-ocean-waterproof.com\/wp-content\/uploads\/2025\/12\/self-adhesive-waterproofing_1-1280x669.webp 1280w, https:\/\/great-ocean-waterproof.com\/wp-content\/uploads\/2025\/12\/self-adhesive-waterproofing_1-980x512.webp 980w, https:\/\/great-ocean-waterproof.com\/wp-content\/uploads\/2025\/12\/self-adhesive-waterproofing_1-480x251.webp 480w\" sizes=\"(min-width: 0px) and (max-width: 480px) 480px, (min-width: 481px) and (max-width: 980px) 980px, (min-width: 981px) and (max-width: 1280px) 1280px, (min-width: 1281px) 1537px, 100vw\" \/><\/p>\n<p><strong>D\u00e6mi 2: Vatnshelding kjallara \u00ed \u00edb\u00fa\u00f0arh\u00fasn\u00e6\u00f0i<\/strong><br \/>\n\u00cdb\u00faabygg\u00f0 \u00ed Peking nota\u00f0i JY-ZSE himnuna til a\u00f0 vatnshelda kjallara \u00ed b\u00edlast\u00e6\u00f0um sem voru samtals 10.000 fermetrar a\u00f0 st\u00e6r\u00f0. Himnan festist vel vi\u00f0 \u00f3jafna steinsteypuveggi og g\u00f3lf me\u00f0 sementsl\u00edmi, sem veitir \u00feol gegn grunnvatns\u00fer\u00fdstingi. L\u00edkt og kerfi eins og sj\u00e1lfl\u00edmandi hdpe vatnshelduhimna, a\u00f0laga\u00f0i h\u00fan sig a\u00f0 afl\u00f6gun grunnsins \u00e1n \u00feess a\u00f0 \u00feurfa s\u00e9rstaka yfirbor\u00f0sme\u00f0h\u00f6ndlun, sem leiddi til \u00e1rangursr\u00edkrar rakastj\u00f3rnunar. Sko\u00f0anir eftir uppsetningu \u00e1ri\u00f0 2024 sta\u00f0festu virkni hennar vi\u00f0 a\u00f0 koma \u00ed veg fyrir innkomu vatnsgufu.<\/p>\n<p><img loading=\"lazy\" decoding=\"async\" class=\"wp-image-1243 aligncenter\" src=\"https:\/\/great-ocean-waterproof.com\/wp-content\/uploads\/2025\/12\/sub-seal-foundation-water-barrier_1.webp\" alt=\"undir\u00fe\u00e9ttiefni-grunnvatnshindrun\" width=\"1242\" height=\"743\" srcset=\"https:\/\/great-ocean-waterproof.com\/wp-content\/uploads\/2025\/12\/sub-seal-foundation-water-barrier_1.webp 1242w, https:\/\/great-ocean-waterproof.com\/wp-content\/uploads\/2025\/12\/sub-seal-foundation-water-barrier_1-480x287.webp 480w\" sizes=\"(min-width: 0px) and (max-width: 480px) 480px, (min-width: 481px) 1242px, 100vw\" \/><\/p>\n<p><strong>D\u00e6mi 3: Vatnshelding jar\u00f0ganga \u00ed innvi\u00f0averkefni<\/strong><br \/>\nFyrir tveggja k\u00edl\u00f3metra langa framlengingu \u00e1 \u00fej\u00f3\u00f0vegi \u00ed Guangdong h\u00e9ra\u00f0i var JY-ZSE himnan sett upp \u00e1 innveggi og loft til a\u00f0 koma \u00ed veg fyrir a\u00f0 vatn leki \u00far jar\u00f0vegi \u00ed kring. Sj\u00e1lfl\u00edmandi eiginleikar hennar ger\u00f0u kleift a\u00f0 nota hana \u00e1n eldsvo\u00f0a \u00ed loku\u00f0um r\u00fdmum og uppfylla \u00f6ryggiskr\u00f6fur. H\u00fan er samb\u00e6rileg vi\u00f0 sj\u00e1lfl\u00edmandi vatnsheldandi PVC \u00feakhimnu hva\u00f0 var\u00f0ar lengingu og \u00fatfj\u00f3lubl\u00e1a geislun og fellur vel a\u00f0 mannvirkinu til a\u00f0 takast \u00e1 vi\u00f0 umhverfis\u00e1lag. G\u00f6ngin, sem hafa veri\u00f0 starfr\u00e6kt s\u00ed\u00f0an 2022, hafa haldist \u00feurr \u00ed miklum mons\u00fanrigningum.<\/p>\n<p><strong>D\u00e6mi 4: Vatnshelding ne\u00f0anjar\u00f0arlestarst\u00f6\u00f0va \u00ed \u00fe\u00e9ttb\u00fdlis\u00fer\u00f3un<\/strong><br \/>\nIn a new subway station construction in Chengdu, the JY-ZSE membrane covered open-cut sections and platforms over 3,000 square meters. Applied to concrete channels and walls, it prevented liquid water entry in a high-humidity environment. The material’s creep resistance ensured long-term adhesion despite vibrations from train operations. Completed in 2024, the station has shown no signs of dampness, supporting efficient urban transit.<\/p>\n<p><img loading=\"lazy\" decoding=\"async\" class=\"wp-image-1244 aligncenter\" src=\"https:\/\/great-ocean-waterproof.com\/wp-content\/uploads\/2025\/12\/Tunnels_membranes_1.webp\" alt=\"G\u00f6nghimnur\" width=\"1176\" height=\"663\" srcset=\"https:\/\/great-ocean-waterproof.com\/wp-content\/uploads\/2025\/12\/Tunnels_membranes_1.webp 1176w, https:\/\/great-ocean-waterproof.com\/wp-content\/uploads\/2025\/12\/Tunnels_membranes_1-480x270.webp 480w\" sizes=\"(min-width: 0px) and (max-width: 480px) 480px, (min-width: 481px) 1176px, 100vw\" \/><\/p>\n<h2 dir=\"auto\">Umsagnir vi\u00f0skiptavina<\/h2>\n<p dir=\"auto\"><strong>John D. fr\u00e1 Bandar\u00edkjunum\u00a0 \u00a0 <\/strong>“I’ve used this membrane on my home’s foundation in a rainy Pacific Northwest area, and it held up well against constant moisture. As a self adhesive foundation waterproofing membrane, it bonded tightly to the concrete without needing extra primers, and after a year, there’s no sign of leaks or peeling. Installation was straightforward for a DIY project.”<\/p>\n<p dir=\"auto\"><strong>Marie L. fr\u00e1 Kanada\u00a0 <\/strong>“In our cold winters here in Toronto, finding a reliable roofing solution is key. This product performed like an <a href=\"https:\/\/great-ocean-waterproof.com\/is\/product\/epdm-waterproofing-membrane\/\">EPDM \u00feak sj\u00e1lfl\u00edmandi vatnsheldandi himna<\/a>, with good flexibility at low temperatures and strong UV resistance on our flat roof. It sealed gaps effectively and has prevented ice dam issues so far.”<\/p>\n<p dir=\"auto\"><strong>Ahmed K. fr\u00e1 \u00c1stral\u00edu <\/strong>“Working on a budget for a tunnel waterproofing job in Sydney, I went with this as the cheapest self adhesive waterproofing membrane available that didn’t skimp on quality. It adapted to uneven surfaces without wrinkling, and the creep resistance has kept it in place during heavy rains. Good value for infrastructure work.”<\/p>\n<p dir=\"auto\"><strong>Elena S. fr\u00e1 Bretlandi <\/strong>“For my basement renovation in London, this membrane provided solid protection against damp walls. It was easy to apply without flames, much like other self-adhesive options I’ve tried, and the high elongation handled minor settling cracks. No water ingress after six months, even in our wet climate.”<\/p>\n<p dir=\"auto\"><img loading=\"lazy\" decoding=\"async\" class=\"size-full wp-image-962 aligncenter\" src=\"https:\/\/great-ocean-waterproof.com\/wp-content\/uploads\/2025\/12\/customer-feedback_1.webp\" alt=\"vi\u00f0br\u00f6g\u00f0 vi\u00f0skiptavina\" width=\"2245\" height=\"1587\" srcset=\"https:\/\/great-ocean-waterproof.com\/wp-content\/uploads\/2025\/12\/customer-feedback_1.webp 2245w, https:\/\/great-ocean-waterproof.com\/wp-content\/uploads\/2025\/12\/customer-feedback_1-1280x905.webp 1280w, https:\/\/great-ocean-waterproof.com\/wp-content\/uploads\/2025\/12\/customer-feedback_1-980x693.webp 980w, https:\/\/great-ocean-waterproof.com\/wp-content\/uploads\/2025\/12\/customer-feedback_1-480x339.webp 480w\" sizes=\"(min-width: 0px) and (max-width: 480px) 480px, (min-width: 481px) and (max-width: 980px) 980px, (min-width: 981px) and (max-width: 1280px) 1280px, (min-width: 1281px) 2245px, 100vw\" \/><\/p>\n<div>\n<div>\n<div>\n<h2 dir=\"auto\">Um Shandong Great Ocean Waterproof Technology Co., Ltd.<\/h2>\n<p dir=\"auto\">Shandong Great Ocean Waterproof Technology Co., Ltd. (\u00e1\u00f0ur Weifang Juyang New Waterproof Materials Co., Ltd.) er sta\u00f0sett \u00ed stj\u00f3rnarsetu Taitou-b\u00e6jarins \u00ed Shouguang-borg, sem er st\u00e6rsta vatnsheldaefnisst\u00f6\u00f0 K\u00edna. Fyrirt\u00e6ki\u00f0 var stofna\u00f0 \u00e1ri\u00f0 1999 og er h\u00e1t\u00e6kniframlei\u00f0andi \u00e1 svi\u00f0i vatnsheldra efna sem sam\u00fe\u00e6ttir ranns\u00f3knir, framlei\u00f0slu og s\u00f6lu.<\/p>\n<p dir=\"auto\">Fyrirt\u00e6ki\u00f0 n\u00e6r yfir 26.000 fermetra verksmi\u00f0jusv\u00e6\u00f0i. Eftir \u00e1ra \u00fer\u00f3un og n\u00fdsk\u00f6pun \u00e1 \u00fea\u00f0 n\u00fa margar h\u00e1\u00fer\u00f3a\u00f0ar framlei\u00f0slul\u00ednur fyrir himnur, pl\u00f6tur og h\u00fa\u00f0anir. Helstu v\u00f6rur eru me\u00f0al annars vatnsheldar himnur \u00far p\u00f3l\u00fdet\u00fdleni, p\u00f3l\u00fdv\u00edn\u00fdlkl\u00f3r\u00ed\u00f0 (PVC) fyrir vatnsheldingar \u00e1 PVC himnum, vatnsheldar himnur \u00far hitaplasti, kl\u00f3ru\u00f0 p\u00f3l\u00fdet\u00fdlen (CPE) fyrir h\u00e1hra\u00f0alestar, sj\u00e1lfl\u00edmandi vatnsheldar himnur \u00far p\u00f3l\u00fdet\u00fdleni, sj\u00e1lfl\u00edmandi vatnsheldar himnur \u00far p\u00f3l\u00fdet\u00fdleni sem ekki eru \u00far malbiki, sterkar \u00feverlag\u00f0ar vatnsheldar himnur \u00far p\u00f3l\u00fdet\u00fdleni, verndandi fr\u00e1rennslispl\u00f6tur, vatnsheldar himnur \u00far breyttum malbiki \u00far teygjanlegu\/plast\u00f3mer\u00edsku efni, sj\u00e1lfl\u00edmandi vatnsheldar himnur \u00far malbiki, vatnsheldar himnur \u00far p\u00f3l\u00fdet\u00fdleni sem eru \u00far p\u00f3l\u00fdet\u00fdleni og eru \u00far r\u00f3tarstungum sem ger\u00f0 \u00feak\u00fe\u00e9ttingarhimnu, vatnsheldar himnur \u00far m\u00e1lmbl\u00f6ndu\u00f0um p\u00f3l\u00fdet\u00fdleni sem eru \u00f3n\u00e6mar fyrir r\u00f3tarstungum, vatnsheldar himnur \u00far p\u00f3l\u00fdet\u00fdleni, p\u00f3l\u00fdv\u00edn\u00fdlkl\u00f3r\u00ed\u00f0 PVC vatnsheldar himnur, ein\u00fe\u00e1tta p\u00f3l\u00fd\u00faretan vatnsheld h\u00fa\u00f0un, tveggja \u00fe\u00e1tta p\u00f3l\u00fd\u00faretan vatnsheld h\u00fa\u00f0un til notkunar sem... <a href=\"https:\/\/great-ocean-waterproof.com\/is\/polyurethane-waterproof-coating-for-roof\/\">vatnsheld h\u00fa\u00f0un \u00e1 \u00feaki<\/a>, vatnsheldar h\u00fa\u00f0anir \u00far p\u00f3l\u00fdmersementi (JS) \u00fear \u00e1 me\u00f0al <a href=\"https:\/\/great-ocean-waterproof.com\/is\/product\/jy-spa-k11-waterproofing-slurry-k11-waterproof-coating\/\">K11 vatnsheld h\u00fa\u00f0un<\/a>, vatnsleysanlegt (951) <a href=\"https:\/\/great-ocean-waterproof.com\/is\/polyurethane-waterproof-coating\/\">Vatnsheld h\u00fa\u00f0un \u00far p\u00f3l\u00fd\u00faretani<\/a>, p\u00f3l\u00fdet\u00fdlen p\u00f3l\u00fdpr\u00f3p\u00fdlen (p\u00f3l\u00fdester) s\u00e9rstakt \u00feurrt duftl\u00edm, sementsbundin gegndr\u00e6p kristalla\u00f0 vatnsheld h\u00fa\u00f0un, \u00fa\u00f0ahra\u00f0\u00feornandi g\u00famm\u00edmalbik vatnsheld h\u00fa\u00f0un, \u00f3her\u00f0andi g\u00famm\u00edmalbik vatnsheld h\u00fa\u00f0un, gegns\u00e6tt vatnsheld gel fyrir \u00fatveggi, mj\u00f6g teygjanleg flj\u00f3tandi himnu vatnsheld h\u00fa\u00f0un, sj\u00e1lfl\u00edmandi malbik vatnsheld bor\u00f0i, b\u00fat\u00fdl g\u00famm\u00ed sj\u00e1lfl\u00edmandi bor\u00f0i og tugir annarra afbrig\u00f0a.<\/p>\n<p dir=\"auto\">The company boasts strong technical capabilities, with a team of professional technicians, advanced equipment, complete testing instruments, and stable, reliable quality, certified by national authoritative testing institutions. It has obtained the National Ministry of Agriculture’s “Comprehensive Quality Management Standard” title and passed quality assurance system certification. Additionally, it has been recognized as a “National Authoritative Testing Qualified Product” unit by the China Quality Inspection Association, holds Shandong Province’s “Industrial Construction Product Filing Certificate,” “Industrial Product Production License,” and more. The company emphasizes honoring contracts and maintaining credit, with products sold in over 20 provinces and districts across China and exported to multiple countries and regions overseas, earning widespread user acclaim.<\/p>\n<p dir=\"auto\">Shandong Great Ocean Waterproof Technology Co., Ltd. adopts a modern operation and management mechanism, upholding “integrity, pragmatism, innovation” as its enterprise spirit and “win-win sharing” as its purpose. With high cost-performance ratios and quality services, it collaborates with customers to expand markets and continually create new achievements.<\/p>\n<p><iframe loading=\"lazy\" title=\"Uppg\u00f6tva\u00f0u Great Ocean Waterproof: Lei\u00f0andi n\u00fdjungar \u00ed vatnsheldingarlausnum fr\u00e1 \u00e1rinu 1999\" width=\"1080\" height=\"608\" src=\"https:\/\/www.youtube.com\/embed\/IKMWgr-NHKU?feature=oembed\"  allow=\"accelerometer; autoplay; clipboard-write; encrypted-media; gyroscope; picture-in-picture; web-share\" referrerpolicy=\"strict-origin-when-cross-origin\" allowfullscreen><\/iframe><\/p>\n<\/div>\n<section><\/section>\n<section><\/section>\n<\/div>\n<section><\/section>\n<section><\/section>\n<\/div>","protected":false},"excerpt":{"rendered":"<p dir=\"auto\">Hj\u00e1 Shandong Great Ocean Waterproof Technology Co., Ltd. framlei\u00f0um vi\u00f0 JY-ZSE sj\u00e1lfl\u00edmandi vatnsheldandi himnu me\u00f0 mikilli teygju sem hluta af \u00farvali okkar af byggingarefnum. \u00deessi vara er me\u00f0 breyttu asfaltl\u00edmi sem er \u00feaki\u00f0 krosslaga\u00f0ri p\u00f3l\u00fdet\u00fdlenfilmu \u00e1 efri hli\u00f0inni og afh\u00fd\u00f0anlegar s\u00edlikonh\u00fa\u00f0a\u00f0ar einangrunarfilmur \u00e1 b\u00e1\u00f0um hli\u00f0um. H\u00fan er f\u00e1anleg \u00ed 1,5 mm e\u00f0a 2,0 mm \u00feykkt, me\u00f0 r\u00fallum sem eru 20 metrar a\u00f0 lengd og 1,0 metrar a\u00f0 breidd, og er h\u00f6nnu\u00f0 fyrir notkun eins og \u00f3berandi \u00fe\u00f6k, ne\u00f0anjar\u00f0armannvirki og sv\u00e6\u00f0i sem krefjast raka\u00fer\u00f6skulda. Vi\u00f0 framlei\u00f0um hana \u00ed verksmi\u00f0ju okkar \u00ed Shouguang borg \u00ed K\u00edna og notum vi\u00f0urkenndar framlei\u00f0slul\u00ednur til a\u00f0 uppfylla sta\u00f0la\u00f0ar \u00fearfir i\u00f0na\u00f0arins. Fyrir n\u00e1nari uppl\u00fdsingar um ver\u00f0 e\u00f0a pantanir, hafi\u00f0 samband vi\u00f0 s\u00f6luteymi okkar beint.<\/p>","protected":false},"featured_media":1245,"template":"","meta":{"_et_pb_use_builder":"","_et_pb_old_content":"","_et_gb_content_width":""},"product_brand":[],"product_cat":[23],"product_tag":[],"class_list":{"0":"post-1240","1":"product","2":"type-product","3":"status-publish","4":"has-post-thumbnail","6":"product_cat-waterproofing-membrane","8":"first","9":"instock","10":"shipping-taxable","11":"product-type-simple"},"_links":{"self":[{"href":"https:\/\/great-ocean-waterproof.com\/is\/wp-json\/wp\/v2\/product\/1240","targetHints":{"allow":["GET"]}}],"collection":[{"href":"https:\/\/great-ocean-waterproof.com\/is\/wp-json\/wp\/v2\/product"}],"about":[{"href":"https:\/\/great-ocean-waterproof.com\/is\/wp-json\/wp\/v2\/types\/product"}],"wp:featuredmedia":[{"embeddable":true,"href":"https:\/\/great-ocean-waterproof.com\/is\/wp-json\/wp\/v2\/media\/1245"}],"wp:attachment":[{"href":"https:\/\/great-ocean-waterproof.com\/is\/wp-json\/wp\/v2\/media?parent=1240"}],"wp:term":[{"taxonomy":"product_brand","embeddable":true,"href":"https:\/\/great-ocean-waterproof.com\/is\/wp-json\/wp\/v2\/product_brand?post=1240"},{"taxonomy":"product_cat","embeddable":true,"href":"https:\/\/great-ocean-waterproof.com\/is\/wp-json\/wp\/v2\/product_cat?post=1240"},{"taxonomy":"product_tag","embeddable":true,"href":"https:\/\/great-ocean-waterproof.com\/is\/wp-json\/wp\/v2\/product_tag?post=1240"}],"curies":[{"name":"wp","href":"https:\/\/api.w.org\/{rel}","templated":true}]}}