{"id":1418,"date":"2026-01-16T00:04:31","date_gmt":"2026-01-16T00:04:31","guid":{"rendered":"https:\/\/great-ocean-waterproof.com\/?post_type=product&#038;p=1418"},"modified":"2026-01-16T00:04:31","modified_gmt":"2026-01-16T00:04:31","slug":"butyl-rubber-waterproof-tape","status":"publish","type":"product","link":"https:\/\/great-ocean-waterproof.com\/is\/product\/butyl-rubber-waterproof-tape\/","title":{"rendered":"Vatnsheldur bor\u00f0i \u00far b\u00fat\u00fdlg\u00famm\u00edi"},"content":{"rendered":"<p><iframe loading=\"lazy\" title=\"Vatnsheldur teipi \u00far b\u00fat\u00fdlg\u00famm\u00edi: Fullkomin \u00fe\u00e9ttilausn fyrir leka | Great Ocean Waterproof\" width=\"563\" height=\"1000\" src=\"https:\/\/www.youtube.com\/embed\/7EvY8xNFWeI?feature=oembed\"  allow=\"accelerometer; autoplay; clipboard-write; encrypted-media; gyroscope; picture-in-picture; web-share\" referrerpolicy=\"strict-origin-when-cross-origin\" allowfullscreen><\/iframe><\/p>\n<h2 dir=\"auto\">Kynning \u00e1 v\u00f6ru<\/h2>\n<p dir=\"auto\">Vatnsheldur teipur \u00far b\u00fat\u00fdlg\u00famm\u00edi er sj\u00e1lfl\u00edmandi \u00fe\u00e9ttiefni sem a\u00f0allega er samsett \u00far b\u00fat\u00fdlg\u00famm\u00edi, blanda\u00f0 me\u00f0 aukefnum og unni\u00f0 me\u00f0 hef\u00f0bundnum framlei\u00f0slua\u00f0fer\u00f0um. \u00dea\u00f0 har\u00f0nar ekki me\u00f0 t\u00edmanum og gerir \u00fev\u00ed kleift a\u00f0 a\u00f0lagast hreyfingum \u00e1 yfirbor\u00f0i af v\u00f6ldum hitastigsbreytinga e\u00f0a v\u00e9lr\u00e6ns \u00e1lags \u00e1n \u00feess a\u00f0 missa \u00fe\u00e9ttiefni\u00f0.<\/p>\n<p dir=\"auto\">\u00deessi teip festist vel vi\u00f0 fj\u00f6lbreytt yfirbor\u00f0, \u00fear \u00e1 me\u00f0al m\u00e1lma, plast, tr\u00e9 og steypu, og b\u00fd\u00f0ur upp \u00e1 ve\u00f0ur\u00feol, \u00fatfj\u00f3lubl\u00e1a geislun og \u00f6ldrun. H\u00fan veitir einnig vatnsheldni, \u00e1samt \u00fev\u00ed a\u00f0 vera h\u00f6ggdeyfandi og verndar gegn raka og umhverfis\u00fe\u00e1ttum.<\/p>\n<p dir=\"auto\">Algeng notkun er me\u00f0al annars \u00fe\u00e9tting \u00fe\u00f6ka, glugga, p\u00edpa, h\u00fasb\u00edla og b\u00e1ta til a\u00f0 koma \u00ed veg fyrir leka, sem og notkun \u00ed byggingari\u00f0na\u00f0i fyrir samskeyti og vi\u00f0ger\u00f0ir. \u00dea\u00f0 virkar \u00ed hitastigi fr\u00e1 um \u00fea\u00f0 bil -40\u00b0F til 248\u00b0F og er f\u00e1anlegt \u00ed \u00fdmsum breiddum og lengdum, oft me\u00f0 \u00e1lpapp\u00edr \u00e1 bakhli\u00f0 fyrir aukna endingu utandyra.<\/p>\n<p dir=\"auto\">For installation, clean the surface before applying the tape to ensure proper bonding. It’s a practical option for both DIY and professional waterproofing tasks where flexibility and long-term adhesion are needed.<\/p>\n<h3>Lykilatri\u00f0i<\/h3>\n<ul>\n<li>Her\u00f0ist ekki allan l\u00edft\u00edma sinn, sem gerir \u00fev\u00ed kleift a\u00f0 vera sveigjanlegt og laga sig a\u00f0 yfirbor\u00f0shreyfingum vegna varma\u00feenslu e\u00f0a v\u00e9lr\u00e6nna breytinga.<\/li>\n<li>Veitir skilvirka vatnshelda \u00fe\u00e9ttingu \u00e1samt \u00fev\u00ed a\u00f0 vera \u00f3n\u00e6m fyrir efnat\u00e6ringu og \u00fatfj\u00f3lubl\u00e1um geislum, sem stu\u00f0lar a\u00f0 endingart\u00edma sem er yfir 20 \u00e1r vi\u00f0 venjulegar a\u00f0st\u00e6\u00f0ur.<\/li>\n<li>L\u00edmir vel vi\u00f0 \u00fdmis efnisyfirbor\u00f0, svo sem m\u00e1lma, plast og steypu, og b\u00fd\u00f0ur upp \u00e1 \u00fe\u00e9ttingu, titringsdeyfingu og verndandi virkni.<\/li>\n<li>Au\u00f0velt \u00ed notkun \u00e1n \u00feess a\u00f0 \u00feurfa s\u00e9rst\u00f6k verkf\u00e6ri e\u00f0a her\u00f0ingart\u00edma, sem gerir \u00fea\u00f0 hentugt fyrir flj\u00f3tlegar vi\u00f0ger\u00f0ir og uppsetningar.<\/li>\n<\/ul>\n<p><img loading=\"lazy\" decoding=\"async\" class=\"size-full wp-image-1421 aligncenter\" src=\"https:\/\/great-ocean-waterproof.com\/wp-content\/uploads\/2026\/01\/Butyl-Rubber-Waterproof-Tape-features_1.webp\" alt=\"Eiginleikar vatnshelds bor\u00f0i \u00far b\u00fat\u00fdlg\u00famm\u00edi\" width=\"920\" height=\"1444\" srcset=\"https:\/\/great-ocean-waterproof.com\/wp-content\/uploads\/2026\/01\/Butyl-Rubber-Waterproof-Tape-features_1.webp 920w, https:\/\/great-ocean-waterproof.com\/wp-content\/uploads\/2026\/01\/Butyl-Rubber-Waterproof-Tape-features_1-480x753.webp 480w\" sizes=\"(min-width: 0px) and (max-width: 480px) 480px, (min-width: 481px) 920px, 100vw\" \/><\/p>\n<h3>Notkun \u00ed byggingari\u00f0na\u00f0i<\/h3>\n<p>Vatnsheldur teip \u00far b\u00fat\u00fdlg\u00famm\u00edi er almennt nota\u00f0ur \u00ed \u00fdmsum byggingartilfellum til a\u00f0 \u00fe\u00e9tta og vatnshelda verkefni. H\u00e9r eru nokkur d\u00e6miger\u00f0 notkunarsvi\u00f0:<\/p>\n<ul>\n<li><b>\u00deakkl\u00e6\u00f0ning og blikklj\u00f3s:<\/b> Nota\u00f0 til a\u00f0 \u00fe\u00e9tta samskeyti \u00ed kringum reykh\u00e1fa, \u00feakglugga og \u00feakpl\u00f6tur til a\u00f0 koma \u00ed veg fyrir vatnsleka. \u00dea\u00f0 er einnig nota\u00f0 \u00ed \u00feakfilmur og til vi\u00f0ger\u00f0a \u00e1 g\u00famm\u00ed\u00fe\u00f6kum.<\/li>\n<li><b>Glugga- og hur\u00f0a\u00fe\u00e9tting:<\/b> Nota\u00f0 til a\u00f0 b\u00faa til loft\u00fe\u00e9ttar og vatnsheldar \u00fe\u00e9ttingar \u00ed kringum gluggakarma og hur\u00f0ir vi\u00f0 uppsetningu e\u00f0a vi\u00f0ger\u00f0ir.<\/li>\n<li><b>Vi\u00f0ger\u00f0ir \u00e1 rennum og p\u00edpum:<\/b> Nota\u00f0 til a\u00f0 laga sprungur \u00ed rennum og \u00fe\u00e9tta p\u00edpul\u00f6gn til a\u00f0 laga leka.<\/li>\n<li><b>Loftr\u00e6stikerfi og loftstokkar:<\/b> \u00de\u00e9ttir samskeyti \u00ed loftstokkum \u00ed hitunar-, loftr\u00e6sti- og loftk\u00e6lingarkerfum til a\u00f0 koma \u00ed veg fyrir loftleka.<\/li>\n<li><b>Vatnshelding grunna og kjallara:<\/b> Nota\u00f0 \u00e1 grunna, kjallara og veggi til a\u00f0 veita rakav\u00f6rn.<\/li>\n<li><b>Samskeyti og saum\u00fe\u00e9tting: <\/b>\u00de\u00e9ttir sprungur \u00ed byggingarefnum eins og m\u00e1lmpl\u00f6tum, sprungum \u00ed steypu og einangrunarfestingum.<\/li>\n<li><b>Undirbygging \u00feilfars: <\/b>Verndar vi\u00f0arbj\u00e1lka gegn raka \u00ed \u00feilfarsbyggingu me\u00f0 \u00fev\u00ed a\u00f0 mynda hindrun undir \u00feilfarsbor\u00f0um.<\/li>\n<li><b>M\u00e1lmbygging og kl\u00e6\u00f0ning:<\/b> Nota\u00f0 \u00ed m\u00e1lm\u00fe\u00f6k og kl\u00e6\u00f0ningu til a\u00f0 tryggja vatns\u00fe\u00e9ttar tengingar og bur\u00f0ar\u00feol.<\/li>\n<\/ul>\n<h3 dir=\"auto\">Samanbur\u00f0ur: Vatnsheldur teipi \u00far b\u00fat\u00fdlg\u00famm\u00edi samanbori\u00f0 vi\u00f0 sj\u00e1lfl\u00edmandi vatnsheldan teip \u00far asfalti<\/h3>\n<p dir=\"auto\">B\u00e6\u00f0i b\u00fat\u00fdlg\u00famm\u00ed og sj\u00e1lfl\u00edmandi vatnsheldar l\u00edmb\u00f6nd \u00far asfalti (bitumen) eru notu\u00f0 til \u00fe\u00e9ttingar og vatnsheldingar \u00ed byggingari\u00f0na\u00f0i, \u00fe\u00f6kum og vi\u00f0ger\u00f0um. \u00deau skarast a\u00f0 einhverju leyti \u00ed notkun en eru mismunandi hva\u00f0 var\u00f0ar efniseiginleika, afk\u00f6st og hentugleika vi\u00f0 tilteknar a\u00f0st\u00e6\u00f0ur.<\/p>\n<table style=\"width: 100%;\" border=\"1\" width=\"100%\" cellspacing=\"0\" cellpadding=\"0\">\n<thead>\n<tr>\n<th data-col-size=\"sm\">\u00de\u00e1ttur<\/th>\n<th data-col-size=\"lg\">Vatnsheldur bor\u00f0i \u00far b\u00fat\u00fdlg\u00famm\u00edi<\/th>\n<th data-col-size=\"lg\">Sj\u00e1lfl\u00edmandi vatnsheldur bor\u00f0i \u00far malbiki<\/th>\n<\/tr>\n<\/thead>\n<tbody>\n<tr>\n<td data-col-size=\"sm\"><strong>Grunnefni<\/strong><\/td>\n<td data-col-size=\"lg\">Tilb\u00fat\u00fdlg\u00famm\u00ed (p\u00f3l\u00fd\u00eds\u00f3b\u00fat\u00fdlen-byggt)<\/td>\n<td data-col-size=\"lg\">Asfalt unni\u00f0 \u00far jar\u00f0ol\u00edu (bitumen), oft me\u00f0 breytiefnum<\/td>\n<\/tr>\n<tr>\n<td data-col-size=\"sm\"><strong>Sveigjanleiki og samr\u00e6mi<\/strong><\/td>\n<td data-col-size=\"lg\">Her\u00f0ir ekki og er mj\u00f6g sveigjanlegt me\u00f0 t\u00edmanum; a\u00f0lagast vel hreyfingum yfirbor\u00f0s, hitaupp\u00feenslu og \u00f3reglulegum l\u00f6gun.<\/td>\n<td data-col-size=\"lg\">G\u00f3\u00f0 byrjunarteygjanleiki en getur or\u00f0i\u00f0 broth\u00e6ttur \u00ed kulda e\u00f0a m\u00fdkst\/fl\u00e6\u00f0st \u00ed miklum hita<\/td>\n<\/tr>\n<tr>\n<td data-col-size=\"sm\"><strong>Vi\u00f0lo\u00f0un<\/strong><\/td>\n<td data-col-size=\"lg\">Sterk og langt\u00edma tenging vi\u00f0 \u00fdmis yfirbor\u00f0 (m\u00e1lm, plast, steypu, tr\u00e9); l\u00edtil h\u00e6tta \u00e1 blettum e\u00f0a fl\u00e6\u00f0i<\/td>\n<td data-col-size=\"lg\">Mj\u00f6g \u00e1geng upphafleg kl\u00edstrun; virkar vel \u00e1 gegndr\u00e6pum yfirbor\u00f0um eins og steypu e\u00f0a malbiki<\/td>\n<\/tr>\n<tr>\n<td data-col-size=\"sm\"><strong>Hita\u00feol<\/strong><\/td>\n<td data-col-size=\"lg\">Breitt hitastigssvi\u00f0 (venjulega fr\u00e1 -40\u00b0F til yfir 200\u00b0F); st\u00f6\u00f0ugt b\u00e6\u00f0i \u00ed miklum kulda og hita \u00e1n \u00feess a\u00f0 leka<\/td>\n<td data-col-size=\"lg\">Getur m\u00fdkst e\u00f0a bl\u00e6tt \u00fat vi\u00f0 h\u00e1an hita; getur sprungi\u00f0 vi\u00f0 mj\u00f6g l\u00e1gan hita<\/td>\n<\/tr>\n<tr>\n<td data-col-size=\"sm\"><strong>Ending og l\u00edft\u00edmi<\/strong><\/td>\n<td data-col-size=\"lg\">Almennt 20+ \u00e1r; fram\u00farskarandi UV-\u00feol, ve\u00f0ur\u00feol og efna\u00feol<\/td>\n<td data-col-size=\"lg\">G\u00f3\u00f0 afk\u00f6st en styttri endingart\u00edmi vi\u00f0 \u00f3var\u00f0ar a\u00f0st\u00e6\u00f0ur vegna hugsanlegrar hnignunar<\/td>\n<\/tr>\n<tr>\n<td data-col-size=\"sm\"><strong>Vatnshelding<\/strong><\/td>\n<td data-col-size=\"lg\">L\u00edtil vatnsgufugegndr\u00e6pi; myndar \u00e1rei\u00f0anlega, loft\u00fe\u00e9tta innsigli<\/td>\n<td data-col-size=\"lg\">\u00c1hrifar\u00edk \u00fe\u00e9tting, s\u00e9rstaklega fyrir almennar vi\u00f0ger\u00f0ir \u00e1 \u00fe\u00f6kum og sprungum<\/td>\n<\/tr>\n<tr>\n<td data-col-size=\"sm\"><strong>Umhverfis- og \u00f6ryggism\u00e1l<\/strong><\/td>\n<td data-col-size=\"lg\">Venjulega leysiefnalaust, lyktarl\u00edti\u00f0, umhverfisv\u00e6nna<\/td>\n<td data-col-size=\"lg\">Getur haft lykt af asfalti; sumar efnasamsetningar innihalda leysiefni<\/td>\n<\/tr>\n<tr>\n<td data-col-size=\"sm\"><strong>Kostna\u00f0ur<\/strong><\/td>\n<td data-col-size=\"lg\">H\u00e6rra vegna samsetningar gervig\u00famm\u00ed<\/td>\n<td data-col-size=\"lg\">Almennt l\u00e6gra og hagkv\u00e6mara<\/td>\n<\/tr>\n<tr>\n<td data-col-size=\"sm\"><strong>Algengar ums\u00f3knir<\/strong><\/td>\n<td data-col-size=\"lg\">\u00deaksamskeyti, glugga-\/hur\u00f0ablikk, \u00fe\u00e9ttiefni fyrir h\u00fasb\u00edla\/b\u00e1ta, p\u00edpur, loftr\u00e6stikerfi, langt\u00edma\u00fatsetning utandyra<\/td>\n<td data-col-size=\"lg\">Vi\u00f0ger\u00f0ir \u00e1 \u00feaki, \u00fe\u00e9tting renna, sprungur \u00ed innkeyrslum, vatnshelding \u00e1 grunnum, almennar byggingarframkv\u00e6mdir<\/td>\n<\/tr>\n<tr>\n<td data-col-size=\"sm\"><strong>Takmarkanir<\/strong><\/td>\n<td data-col-size=\"lg\">H\u00e6rri kostna\u00f0ur; uppsetning g\u00e6ti \u00feurft hreinni yfirbor\u00f0 til a\u00f0 tryggja bestu m\u00f6gulegu l\u00edmingu<\/td>\n<td data-col-size=\"lg\">M\u00f6guleiki \u00e1 h\u00e1um hitafl\u00e6\u00f0i, minnku\u00f0 UV-\u00feol \u00e1n verndandi bakhli\u00f0ar, hugsanlegar blettir<\/td>\n<\/tr>\n<\/tbody>\n<\/table>\n<div><\/div>\n<p dir=\"auto\">\u00cd reynd er b\u00fat\u00fdlband oft vali\u00f0 fyrir verkefni sem krefjast langt\u00edma sveigjanleika og \u00feols gegn \u00f6fgafullum a\u00f0st\u00e6\u00f0um, en asfaltband er hagn\u00fdtur kostur fyrir hagkv\u00e6mar, \u00feungar vi\u00f0ger\u00f0ir \u00ed minna krefjandi umhverfi. Vali\u00f0 fer eftir kr\u00f6fum verkefnisins, \u00fatsetningu og fj\u00e1rhags\u00e1\u00e6tlun.<\/p>\n<h2 dir=\"auto\">Umsagnir vi\u00f0skiptavina<\/h2>\n<p dir=\"auto\"><strong>Michael T., Bandar\u00edkin<\/strong> 4 stars I used this butyl tape to repair a leaking gutter on my house. Cleaned the area first, applied it, and it sealed the crack right away. It’s been six months with heavy rain, and no more leaks. Sticks well to metal, though it takes some pressure to get it to conform.<\/p>\n<p dir=\"auto\"><strong>Sara L., Kanada<\/strong> 5 stj\u00f6rnur \u00c9g setti \u00feetta \u00e1 \u00ed kringum loftr\u00e6stiopin \u00e1 h\u00fasb\u00edlnum m\u00ednum fyrir langa fer\u00f0. \u00dea\u00f0 var sveigjanlegt \u00ed k\u00f6ldu ve\u00f0ri og h\u00e9lt s\u00e9r vi\u00f0 akstur \u00e1 \u00fej\u00f3\u00f0vegi me\u00f0 titringi. Ekkert vatn komst inn \u00ed tjald\u00fatilegu \u00ed rigningu. Au\u00f0velt a\u00f0 skera og setja \u00e1, vertu bara viss um a\u00f0 yfirbor\u00f0i\u00f0 s\u00e9 \u00feurrt.<\/p>\n<p dir=\"auto\"><strong>Dav\u00ed\u00f0 R., Bretlandi<\/strong> 4 stars Used it for flashing around new windows in a renovation project. Bonds solidly to brick and aluminum frames. After a wet winter, everything is still dry inside. It’s not the cheapest option, but it does the job without needing extra sealants.<\/p>\n<p dir=\"auto\"><strong>Emma K., \u00c1stral\u00eda<\/strong> 5 stars Fixed a small leak in my corrugated iron shed roof with this tape. Handles the heat here without softening or peeling off. Applied it over a year ago, and it’s still holding through summer sun and storms. Good width coverage for larger seams.<\/p>\n<p dir=\"auto\"><strong>Thomas B., \u00de\u00fdskalandi<\/strong> 4 stars Sealed joints on a metal garden shed and some outdoor pipes. Adheres well to painted surfaces after cleaning. Withstood frost and rain over several months. It’s thick enough to bridge small gaps, and removal of the backing was straightforward.<\/p>\n<p dir=\"auto\"><strong>Liam H., N\u00fdja-Sj\u00e1landi<\/strong> 5 stars Patched a crack in my boat’s deck fitting. Stays put even with saltwater exposure and movement. Applied it underwater temporarily in an emergency, and it held until proper repair. Reliable for marine use in wet conditions.<\/p>\n<p dir=\"auto\"><strong>Anna S., Japan<\/strong> 4 stj\u00f6rnur Nota\u00f0 \u00e1 svalablikkana \u00ed fj\u00f6lb\u00fdlish\u00fasinu m\u00ednu. G\u00f3\u00f0 vi\u00f0lo\u00f0un vi\u00f0 steypu og m\u00e1lm. Eftir fellibyljat\u00edmabili\u00f0 me\u00f0 sterkum vindi og rigningu, engin vandam\u00e1l me\u00f0 vatn sem kemur inn. Au\u00f0velt a\u00f0 vinna me\u00f0 \u00ed r\u00f6ku ve\u00f0ri, \u00fer\u00fdsti\u00f0 bara fast.<\/p>\n<p dir=\"auto\"><img loading=\"lazy\" decoding=\"async\" class=\"size-full wp-image-1419 aligncenter\" src=\"https:\/\/great-ocean-waterproof.com\/wp-content\/uploads\/2026\/01\/Butyl-Rubber-Waterproof-Tape_1.webp\" alt=\"Vatnsheldur bor\u00f0i \u00far b\u00fat\u00fdlg\u00famm\u00edi\" width=\"1382\" height=\"575\" srcset=\"https:\/\/great-ocean-waterproof.com\/wp-content\/uploads\/2026\/01\/Butyl-Rubber-Waterproof-Tape_1.webp 1382w, https:\/\/great-ocean-waterproof.com\/wp-content\/uploads\/2026\/01\/Butyl-Rubber-Waterproof-Tape_1-1280x533.webp 1280w, https:\/\/great-ocean-waterproof.com\/wp-content\/uploads\/2026\/01\/Butyl-Rubber-Waterproof-Tape_1-980x408.webp 980w, https:\/\/great-ocean-waterproof.com\/wp-content\/uploads\/2026\/01\/Butyl-Rubber-Waterproof-Tape_1-480x200.webp 480w\" sizes=\"(min-width: 0px) and (max-width: 480px) 480px, (min-width: 481px) and (max-width: 980px) 980px, (min-width: 981px) and (max-width: 1280px) 1280px, (min-width: 1281px) 1382px, 100vw\" \/><\/p>\n<h2 dir=\"auto\">Algengar spurningar (FAQ)<\/h2>\n<p dir=\"auto\"><strong>Sp.: \u00c1 hva\u00f0a fleti getur \u00feessi l\u00edmband fest sig?<\/strong> A: \u00dea\u00f0 festist vel vi\u00f0 hreina, \u00feurra fleti, \u00fear \u00e1 me\u00f0al m\u00e1lma (\u00e1l, st\u00e1l), steypu, tr\u00e9, plast, g\u00famm\u00ed og gler. Fyrir bestu ni\u00f0urst\u00f6\u00f0ur skal fjarl\u00e6gja \u00f3hreinindi, ol\u00edu e\u00f0a laust efni \u00e1\u00f0ur en \u00fea\u00f0 er bori\u00f0 \u00e1. Vi\u00f0lo\u00f0un getur minnka\u00f0 \u00e1 mj\u00f6g gegndr\u00e6pum e\u00f0a rykugum fleti.<\/p>\n<p dir=\"auto\"><strong>Sp.: Hvernig set \u00e9g l\u00edmbandi\u00f0 r\u00e9tt \u00e1?<\/strong> A: Hreinsi\u00f0 og \u00feerri\u00f0 sv\u00e6\u00f0i\u00f0 vandlega. Fjarl\u00e6gi\u00f0 l\u00edmmi\u00f0ann, \u00fer\u00fdsti\u00f0 l\u00edmbandinu fast \u00e1 yfirbor\u00f0i\u00f0 og sl\u00e9tti\u00f0 \u00fea\u00f0 \u00fat me\u00f0 r\u00fallu e\u00f0a hand\u00fer\u00fdstingi til a\u00f0 fjarl\u00e6gja loftb\u00f3lur. L\u00e1ti\u00f0 saumana skarast um a\u00f0 minnsta kosti 5 cm til a\u00f0 tryggja betri \u00fe\u00e9ttingu. \u00dea\u00f0 \u00fearf engan her\u00f0ingart\u00edma \u2014 \u00fea\u00f0 \u00fe\u00e9ttist strax.<\/p>\n<p dir=\"auto\"><strong>Sp.: Hva\u00f0a hitastig \u00feolir \u00fea\u00f0?<\/strong> A: L\u00edmbandi\u00f0 virkar venjulega vi\u00f0 hitastig fr\u00e1 -40\u00b0F (-40\u00b0C) upp \u00ed yfir 90\u00b0C (200\u00b0F). \u00dea\u00f0 helst sveigjanlegt \u00ed k\u00f6ldu og m\u00fdkist ekki of miki\u00f0 \u00ed hita.<\/p>\n<p dir=\"auto\"><strong>Sp.: Hversu lengi endist innsigli\u00f0?<\/strong> A: Vi\u00f0 e\u00f0lilegar a\u00f0st\u00e6\u00f0ur og r\u00e9tta notkun getur \u00fea\u00f0 veitt \u00e1rangursr\u00edka \u00fe\u00e9ttingu \u00ed 20 \u00e1r e\u00f0a lengur, allt eftir \u00fatfj\u00f3lubl\u00e1um geislum, ve\u00f0ri og v\u00e9lr\u00e6num \u00e1lagi.<\/p>\n<p dir=\"auto\"><strong>Sp.: Hentar \u00fea\u00f0 til notkunar utandyra?<\/strong> A: J\u00e1, \u00fea\u00f0 b\u00fd\u00f0ur upp \u00e1 g\u00f3\u00f0a \u00feol gegn \u00fatfj\u00f3lubl\u00e1u lj\u00f3si, ve\u00f0run og raka, sem gerir \u00fea\u00f0 hentugt fyrir \u00f3var\u00f0ar a\u00f0st\u00e6\u00f0ur eins og \u00fe\u00f6k, blikkl\u00f6gn og rennur.<\/p>\n<p dir=\"auto\"><strong>Sp.: Er h\u00e6gt a\u00f0 m\u00e1la yfir l\u00edmbandi\u00f0?<\/strong> A: Some versions can be painted after application, but check the specific product details. Paint adhesion varies, and it’s often used without painting for full performance.<\/p>\n<p dir=\"auto\"><strong>Sp.: Hvernig er \u00feetta fr\u00e1brug\u00f0i\u00f0 vatnsheldu l\u00edmbandi sem byggir \u00e1 asfalti?<\/strong> A: B\u00fat\u00fdlteip helst sveigjanlegt lengur og \u00feolir brei\u00f0ari hitastigsbil \u00e1n \u00feess a\u00f0 fl\u00e6\u00f0a \u00ed hita e\u00f0a springa \u00ed kulda. Asfaltteip er yfirleitt \u00f3d\u00fdrara og festist vel vi\u00f0 gegndr\u00e6p yfirbor\u00f0 en getur brotna\u00f0 hra\u00f0ar ni\u00f0ur \u00ed beinu s\u00f3larlj\u00f3si.<\/p>\n<p dir=\"auto\"><strong>Sp.: Er au\u00f0velt a\u00f0 fjarl\u00e6gja \u00fea\u00f0 ef \u00fe\u00f6rf krefur?<\/strong> A: It forms a strong permanent bond, so removal can be difficult. Use a putty knife or heat gun to soften it, then clean residue with solvent if necessary. It’s designed for long-term installation, not frequent removal.<\/p>\n<p dir=\"auto\"><strong>Sp.: Hvernig \u00e6tti \u00e9g a\u00f0 geyma teipi\u00f0?<\/strong> A: Geymi\u00f0 r\u00fallurnar \u00e1 k\u00f6ldum, \u00feurrum sta\u00f0 fjarri beinu s\u00f3larlj\u00f3si. Geymi\u00f0 vi\u00f0 stofuhita til a\u00f0 tryggja bestu me\u00f0h\u00f6ndlun vi\u00f0 notkun.<\/p>\n<p dir=\"auto\"><strong>Sp.: Er h\u00e6gt a\u00f0 nota \u00fea\u00f0 undir vatni e\u00f0a \u00e1 blautum fleti?<\/strong> A: It’s best applied to dry surfaces for optimal adhesion. While it resists water once applied, initial bonding on wet areas may be weaker. For emergency leaks, it can provide temporary sealing.<\/p>\n<p dir=\"auto\"><img loading=\"lazy\" decoding=\"async\" class=\"size-full wp-image-1423 aligncenter\" src=\"https:\/\/great-ocean-waterproof.com\/wp-content\/uploads\/2026\/01\/Butyl-Rubber-Waterproof-Tape2_1.webp\" alt=\"Vatnsheldur bor\u00f0i \u00far b\u00fat\u00fdlg\u00famm\u00edi\" width=\"1930\" height=\"686\" srcset=\"https:\/\/great-ocean-waterproof.com\/wp-content\/uploads\/2026\/01\/Butyl-Rubber-Waterproof-Tape2_1.webp 1930w, https:\/\/great-ocean-waterproof.com\/wp-content\/uploads\/2026\/01\/Butyl-Rubber-Waterproof-Tape2_1-1280x455.webp 1280w, https:\/\/great-ocean-waterproof.com\/wp-content\/uploads\/2026\/01\/Butyl-Rubber-Waterproof-Tape2_1-980x348.webp 980w, https:\/\/great-ocean-waterproof.com\/wp-content\/uploads\/2026\/01\/Butyl-Rubber-Waterproof-Tape2_1-480x171.webp 480w\" sizes=\"(min-width: 0px) and (max-width: 480px) 480px, (min-width: 481px) and (max-width: 980px) 980px, (min-width: 981px) and (max-width: 1280px) 1280px, (min-width: 1281px) 1930px, 100vw\" \/><\/p>\n<h2 dir=\"auto\">Um verksmi\u00f0ju okkar<\/h2>\n<p dir=\"auto\">Great Ocean Waterproof Technology Co., Ltd. (\u00e1\u00f0ur Weifang Great Ocean New Waterproof Materials Co., Ltd.) er sta\u00f0sett \u00ed Taitou Town \u00ed Shouguang borg \u2014 st\u00e6rsta framlei\u00f0slust\u00f6\u00f0 vatnsheldra efna \u00ed K\u00edna. Fyrirt\u00e6ki\u00f0 var stofna\u00f0 \u00e1ri\u00f0 1999 og er h\u00e1t\u00e6knifyrirt\u00e6ki sem s\u00e9rh\u00e6fir sig \u00ed vatnsheldingari\u00f0na\u00f0inum og sameinar ranns\u00f3knir, framlei\u00f0slu og s\u00f6lu.<\/p>\n<p dir=\"auto\">Verksmi\u00f0jan n\u00e6r yfir 26.000 fermetra sv\u00e6\u00f0i. Eftir \u00e1ra \u00fer\u00f3un og n\u00fdsk\u00f6pun hefur h\u00fan eignast margar framlei\u00f0slul\u00ednur \u00e1 h\u00e1\u00fer\u00f3a\u00f0ri innlendri framlei\u00f0slugetu fyrir vatnsheldar sp\u00f3lur, pl\u00f6tur og... <a href=\"https:\/\/great-ocean-waterproof.com\/is\/waterproof-coating\/\">h\u00fa\u00f0un<\/a>Helstu v\u00f6rur eru me\u00f0al annars vatnsheldar himnur \u00far p\u00f3l\u00fdet\u00fdleni og p\u00f3l\u00fdesteri, <a href=\"https:\/\/great-ocean-waterproof.com\/is\/product\/pvc-polyvinyl-chloride-waterproofing-membrane-pvc-membrane-waterproofing\/\">Vatnsheldar himnur \u00far p\u00f3l\u00fdv\u00edn\u00fdlkl\u00f3r\u00ed\u00f0i (PVC)<\/a>, <a href=\"https:\/\/great-ocean-waterproof.com\/is\/product\/tpo-thermoplastic-polyolefin-waterproofing-membrane\/\">Vatnsheldar himnur \u00far hitaplast\u00edsku p\u00f3l\u00fd\u00f3lef\u00edni (TPO)<\/a>, vatnsheldar himnur \u00far kl\u00f3ru\u00f0u p\u00f3l\u00fdet\u00fdleni (CPE) fyrir hra\u00f0lestar, sj\u00e1lfl\u00edmandi vatnsheldar himnur \u00far p\u00f3l\u00fdmerp\u00f3l\u00fdpr\u00f3p\u00fdleni, vatnsheldar himnur \u00far hvarfgj\u00f6rnum, sj\u00e1lfl\u00edmandi, vatnsheldar himnur \u00far p\u00f3l\u00fdmerp\u00f3l\u00fdper\u00fdleni sem ekki eru \u00far malbiki, sterkar \u00feverlaga\u00f0ar vatnsheldar himnur \u00far p\u00f3l\u00fdmer ... <a href=\"https:\/\/great-ocean-waterproof.com\/is\/product\/jy-spu-single-componacent-polyurethane-waterproof-coating\/\">ein\u00fe\u00e1tta p\u00f3l\u00fd\u00faretan vatnsheld h\u00fa\u00f0un<\/a>, <a href=\"https:\/\/great-ocean-waterproof.com\/is\/product\/jy-dpu-double-components-polyurethane-waterproof-coating\/\">Tv\u00f6f\u00f6ld vatnsheld h\u00fa\u00f0un \u00far p\u00f3l\u00fd\u00faretani<\/a>, <a href=\"https:\/\/great-ocean-waterproof.com\/is\/product\/jy-jss-polymer-cement-waterproof-coating\/\">Vatnsheld h\u00fa\u00f0un \u00far samsettum p\u00f3l\u00fdmersementi (JS)<\/a>, <a href=\"https:\/\/great-ocean-waterproof.com\/is\/product\/jy-951-waterborne-polyurethane-waterproof-coating\/\">Vatnsleysanlegar (951) p\u00f3l\u00fd\u00faretan vatnsheldar h\u00fa\u00f0anir<\/a>, p\u00f3l\u00fdet\u00fdlen pr\u00f3p\u00fdlen (p\u00f3l\u00fdester) \u00feurrt duftl\u00edm, sementsbundin, krist\u00f6llu\u00f0 vatnsheld h\u00fa\u00f0un, \u00fa\u00f0ahra\u00f0\u00feornandi vatnsheld h\u00fa\u00f0un fyrir g\u00famm\u00edmalbik, \u00f3her\u00f0andi vatnsheld h\u00fa\u00f0un fyrir g\u00famm\u00edmalbik, gegns\u00e6tt vatnsheld l\u00edm fyrir \u00fatveggi, mj\u00f6g teygjanleg flj\u00f3tandi sp\u00f3lu vatnsheld h\u00fa\u00f0un, sj\u00e1lfl\u00edmandi vatnsheld l\u00edmband fyrir malbik, sj\u00e1lfl\u00edmandi l\u00edmband \u00far b\u00fat\u00fdlg\u00famm\u00edi og tugir annarra afbrig\u00f0a.<\/p>\n<p dir=\"auto\">The company has strong technical capabilities, with a team of professional technicians, advanced equipment, complete testing instruments, and stable, reliable quality certified by national authoritative testing institutions. It has received the Ministry of Agriculture’s “Comprehensive Quality Management Compliance” title and passed quality assurance system certification. Additionally, it has been recognized as a “National Authoritative Testing Qualified Product” unit by the China Quality Inspection Association, holds Shandong Province “Industrial Construction Product Filing Certificate,” “Industrial Product Production License,” “CE Certification,” and more. The company honors contracts and maintains credibility, with products sold in over 20 provinces and regions domestically and exported to multiple countries and regions overseas, earning positive user feedback.<\/p>\n<p dir=\"auto\">Great Ocean Waterproof Technology Co., Ltd. employs a modern operational management system, guided by the corporate spirit of “integrity, pragmatism, innovation” and the purpose of “win-win sharing.” It collaborates with customers to expand the market through high cost-performance ratios and quality services, continuously creating new achievements.<\/p>\n<p><iframe loading=\"lazy\" title=\"Uppg\u00f6tva\u00f0u Great Ocean Waterproof: Lei\u00f0andi n\u00fdjungar \u00ed vatnsheldingarlausnum fr\u00e1 \u00e1rinu 1999\" width=\"1080\" height=\"608\" src=\"https:\/\/www.youtube.com\/embed\/IKMWgr-NHKU?feature=oembed\"  allow=\"accelerometer; autoplay; clipboard-write; encrypted-media; gyroscope; picture-in-picture; web-share\" referrerpolicy=\"strict-origin-when-cross-origin\" allowfullscreen><\/iframe><\/p>","protected":false},"excerpt":{"rendered":"<p dir=\"auto\">Vatnsheldur l\u00edmband \u00far b\u00fat\u00fdlg\u00famm\u00edi er a\u00f0allega \u00far b\u00fat\u00fdlg\u00famm\u00edi me\u00f0 vi\u00f0b\u00e6ttum hj\u00e1lparefnum, unni\u00f0 me\u00f0 s\u00e9rh\u00e6f\u00f0um a\u00f0fer\u00f0um \u00ed sj\u00e1lfl\u00edmandi \u00fe\u00e9ttiband sem ekki har\u00f0nar. \u00deetta l\u00edmband veitir sterka tengingu vi\u00f0 fj\u00f6lbreytt efnisyfirbor\u00f0, \u00e1samt ve\u00f0ur\u00feoli, \u00f6ldrunar\u00feoli og vatnsheldni. \u00dea\u00f0 \u00fe\u00e9ttir, dempar titring og verndar vi\u00f0lo\u00f0u\u00f0 sv\u00e6\u00f0i \u00e1n leysiefna, r\u00fdrnunar e\u00f0a eiturefna. Vegna \u00feess a\u00f0 \u00fea\u00f0 har\u00f0nar ekki varanlega a\u00f0lagast \u00fea\u00f0 vel varma\u00feenslu, samdr\u00e6tti og v\u00e9lr\u00e6num breytingum \u00e1 yfirbor\u00f0um. Sem framlei\u00f0andi \u00ed K\u00edna b\u00fd\u00f0ur verksmi\u00f0jan okkar upp \u00e1 \u00feessa v\u00f6ru \u00e1 samkeppnish\u00e6fu ver\u00f0i.<\/p>","protected":false},"featured_media":1422,"template":"","meta":{"_et_pb_use_builder":"","_et_pb_old_content":"","_et_gb_content_width":""},"product_brand":[],"product_cat":[24],"product_tag":[],"class_list":{"0":"post-1418","1":"product","2":"type-product","3":"status-publish","4":"has-post-thumbnail","6":"product_cat-waterproof-tape","8":"first","9":"instock","10":"shipping-taxable","11":"product-type-simple"},"_links":{"self":[{"href":"https:\/\/great-ocean-waterproof.com\/is\/wp-json\/wp\/v2\/product\/1418","targetHints":{"allow":["GET"]}}],"collection":[{"href":"https:\/\/great-ocean-waterproof.com\/is\/wp-json\/wp\/v2\/product"}],"about":[{"href":"https:\/\/great-ocean-waterproof.com\/is\/wp-json\/wp\/v2\/types\/product"}],"wp:featuredmedia":[{"embeddable":true,"href":"https:\/\/great-ocean-waterproof.com\/is\/wp-json\/wp\/v2\/media\/1422"}],"wp:attachment":[{"href":"https:\/\/great-ocean-waterproof.com\/is\/wp-json\/wp\/v2\/media?parent=1418"}],"wp:term":[{"taxonomy":"product_brand","embeddable":true,"href":"https:\/\/great-ocean-waterproof.com\/is\/wp-json\/wp\/v2\/product_brand?post=1418"},{"taxonomy":"product_cat","embeddable":true,"href":"https:\/\/great-ocean-waterproof.com\/is\/wp-json\/wp\/v2\/product_cat?post=1418"},{"taxonomy":"product_tag","embeddable":true,"href":"https:\/\/great-ocean-waterproof.com\/is\/wp-json\/wp\/v2\/product_tag?post=1418"}],"curies":[{"name":"wp","href":"https:\/\/api.w.org\/{rel}","templated":true}]}}