{"id":898,"date":"2025-12-01T00:15:48","date_gmt":"2025-12-01T00:15:48","guid":{"rendered":"https:\/\/great-ocean-waterproof.com\/?post_type=product&#038;p=898"},"modified":"2025-12-01T00:32:18","modified_gmt":"2025-12-01T00:32:18","slug":"jy-tos-organic-silicone-rubber-waterproof-coating","status":"publish","type":"product","link":"https:\/\/great-ocean-waterproof.com\/is\/product\/jy-tos-organic-silicone-rubber-waterproof-coating\/","title":{"rendered":"JY-TOS l\u00edfr\u00e6nt k\u00edsillg\u00famm\u00ed vatnsheld h\u00fa\u00f0un"},"content":{"rendered":"<h2 class=\"auto-hide-last-sibling-br paragraph-pP9ZLC paragraph-element br-paragraph-space\">Yfirlit yfir v\u00f6ru<\/h2>\n<p dir=\"auto\">JY-TOS l\u00edfr\u00e6nt s\u00edlikong\u00famm\u00ed vatnsheld h\u00fa\u00f0un er eins\u00fe\u00e1tta, vatnsleysanlegt efni sem notar l\u00edfr\u00e6nt s\u00edlikong\u00famm\u00ed sem a\u00f0al filmumyndandi efni. \u00dea\u00f0 er a\u00f0allega nota\u00f0 til vatnsheldingar og varnar gegn leka \u00e1 \u00fe\u00f6kum, kj\u00f6llurum, sundlaugum, br\u00fam og \u00fdmsum steinsteypuvirkjum, me\u00f0 d\u00e6miger\u00f0um endingart\u00edma allt a\u00f0 20 \u00e1r.<\/p>\n<p dir=\"auto\">H\u00fa\u00f0unin sm\u00fdgur um \u00fea\u00f0 bil 0,3 mm inn \u00ed steypugrunninn og myndar \u00fe\u00e9tt vatnsheldandi lag. H\u00fan helst vi\u00f0 mikinn hita \u00e1 brei\u00f0u hitastigi fr\u00e1 \u201320\u00b0C til 100\u00b0C, b\u00fd\u00f0ur upp \u00e1 mikla teygjanleika, g\u00f3\u00f0a vi\u00f0lo\u00f0un og er andar vel en heldur flj\u00f3tandi vatni \u00ed skefjum. Efni\u00f0 \u00feolir \u00fatfj\u00f3lubl\u00e1a geislun, er eiturefnalaust, inniheldur l\u00edti\u00f0 af VOC og uppfyllir umhverfiskr\u00f6fur. \u00dea\u00f0 er f\u00e1anlegt \u00ed nokkrum litum sem henta grunn\u00fe\u00f6rfum \u00ed skreytingum.<\/p>\n<p dir=\"auto\">\u00dea\u00f0 er einfalt a\u00f0 bera \u00e1 me\u00f0 pensli, r\u00fallu e\u00f0a \u00fa\u00f0a \u00e1 hreint steypu- e\u00f0a m\u00farsteinsyfirbor\u00f0. H\u00fa\u00f0unin har\u00f0nar vi\u00f0 stofuhita og \u00fearfnast ekki s\u00e9rstakrar upphitunar e\u00f0a grunnunar \u00ed flestum tilfellum.<\/p>\n<p dir=\"auto\"><img loading=\"lazy\" decoding=\"async\" class=\"size-full wp-image-901 aligncenter\" src=\"https:\/\/great-ocean-waterproof.com\/wp-content\/uploads\/2025\/12\/JY-TOS-Organic-Silicone-Rubber-Waterproof-Coating2_1.jpg\" alt=\"JY-TOS l\u00edfr\u00e6nt k\u00edsillg\u00famm\u00ed vatnsheld h\u00fa\u00f0un\" width=\"1200\" height=\"1200\" srcset=\"https:\/\/great-ocean-waterproof.com\/wp-content\/uploads\/2025\/12\/JY-TOS-Organic-Silicone-Rubber-Waterproof-Coating2_1.jpg 1200w, https:\/\/great-ocean-waterproof.com\/wp-content\/uploads\/2025\/12\/JY-TOS-Organic-Silicone-Rubber-Waterproof-Coating2_1-980x980.jpg 980w, https:\/\/great-ocean-waterproof.com\/wp-content\/uploads\/2025\/12\/JY-TOS-Organic-Silicone-Rubber-Waterproof-Coating2_1-480x480.jpg 480w\" sizes=\"(min-width: 0px) and (max-width: 480px) 480px, (min-width: 481px) and (max-width: 980px) 980px, (min-width: 981px) 1200px, 100vw\" \/><\/p>\n<h3 dir=\"auto\">Afk\u00f6st<\/h3>\n<ul>\n<li>Ein\u00fe\u00e1tta, vatnsbundin h\u00fa\u00f0un me\u00f0 l\u00edfr\u00e6nu s\u00edlikong\u00famm\u00edkremi sem a\u00f0al filmumyndandi efni<\/li>\n<li>Veitir langvarandi vatnsheldingu og v\u00f6rn gegn leka fyrir \u00fe\u00f6k, kjallara, sundlaugar, br\u00fdr og steinsteypubyggingar.<\/li>\n<li>\u00c1\u00e6tla\u00f0ur endingart\u00edmi allt a\u00f0 20 \u00e1r vi\u00f0 venjulegar a\u00f0st\u00e6\u00f0ur<\/li>\n<li>Sm\u00fdgur \u22480,3 mm inn \u00ed steypu og myndar \u00fe\u00e9tta, samfellda vatnshelda hindrun<\/li>\n<li>Mikil teygjanleiki me\u00f0 fram\u00farskarandi filmuheilleika og sprungubr\u00faarh\u00e6fni<\/li>\n<li>Breitt hitastigs\u00feol: \u201320 \u00b0C til +100 \u00b0C<\/li>\n<li>G\u00f3\u00f0 \u00feol gegn h\u00e1um\/l\u00e1gum hita, \u00fatfj\u00f3lubl\u00e1um geislum og langt\u00edma \u00f6ldrun<\/li>\n<li>Sterk vi\u00f0lo\u00f0un og andar vel \u00e1 me\u00f0an \u00fea\u00f0 blokkar flj\u00f3tandi vatn<\/li>\n<li>Eiturefnalaust, lyktarlaust, me\u00f0 l\u00e1gt VOC innihald og umhverfisv\u00e6nt<\/li>\n<li>Einf\u00f6ld og \u00f6rugg uppsetning: pensla, r\u00falla e\u00f0a \u00fa\u00f0a\u00e1fer\u00f0; har\u00f0nar vi\u00f0 stofuhita<\/li>\n<li>F\u00e1anlegt \u00ed m\u00f6rgum litum og h\u00e6gt a\u00f0 a\u00f0laga \u00fea\u00f0 a\u00f0 grunn skreytingum<\/li>\n<\/ul>\n<h3 dir=\"auto\">Notkunarsvi\u00f0<\/h3>\n<ul dir=\"auto\">\n<li>N\u00fd og g\u00f6mul \u00fe\u00f6k, fl\u00f6t \u00fe\u00f6k, \u00fer\u00edsveig\u00f0 fl\u00edsa\u00fe\u00f6k og glj\u00e1\u00f0 fl\u00edsal\u00f6gn.<\/li>\n<li>Sundlaugar, l\u00f3n, fiskitjarnir og sk\u00f3lphreinsitankar<\/li>\n<li>M\u00e1lm\u00fe\u00f6k og st\u00e1lmannvirki<\/li>\n<li>Eldh\u00fas, ba\u00f0herbergi, kjallarar og b\u00edlsk\u00farar<\/li>\n<li>St\u00f3rfelld vatnsheldingarverkefni, \u00fear \u00e1 me\u00f0al br\u00fdr, jar\u00f0g\u00f6ng og loftvarnamannvirki<\/li>\n<li>Almennt steypu- og m\u00farsteinsyfirbor\u00f0 sem \u00fearfnast langt\u00edma vatnsverndar<\/li>\n<\/ul>\n<p><img loading=\"lazy\" decoding=\"async\" class=\"size-full wp-image-902 aligncenter\" src=\"https:\/\/great-ocean-waterproof.com\/wp-content\/uploads\/2025\/12\/JY-TOS-Organic-Silicone-Rubber-Waterproof-Coating3_1.webp\" alt=\"JY-TOS l\u00edfr\u00e6nt k\u00edsillg\u00famm\u00ed vatnsheld h\u00fa\u00f0un\" width=\"1800\" height=\"1200\" srcset=\"https:\/\/great-ocean-waterproof.com\/wp-content\/uploads\/2025\/12\/JY-TOS-Organic-Silicone-Rubber-Waterproof-Coating3_1.webp 1800w, https:\/\/great-ocean-waterproof.com\/wp-content\/uploads\/2025\/12\/JY-TOS-Organic-Silicone-Rubber-Waterproof-Coating3_1-1280x853.webp 1280w, https:\/\/great-ocean-waterproof.com\/wp-content\/uploads\/2025\/12\/JY-TOS-Organic-Silicone-Rubber-Waterproof-Coating3_1-980x653.webp 980w, https:\/\/great-ocean-waterproof.com\/wp-content\/uploads\/2025\/12\/JY-TOS-Organic-Silicone-Rubber-Waterproof-Coating3_1-480x320.webp 480w\" sizes=\"(min-width: 0px) and (max-width: 480px) 480px, (min-width: 481px) and (max-width: 980px) 980px, (min-width: 981px) and (max-width: 1280px) 1280px, (min-width: 1281px) 1800px, 100vw\" \/><\/p>\n<h3 dir=\"auto\">Lei\u00f0beiningar um byggingarframkv\u00e6mdir<\/h3>\n<p dir=\"auto\"><strong>Grunnbyggingarferli<\/strong> Sko\u00f0un og \u00ferif \u00e1 grunni \u2192 Me\u00f0h\u00f6ndlunarefni fyrir grunn (ef \u00fe\u00f6rf krefur) \u2192 Vi\u00f0b\u00f3tarlag \u00ed sm\u00e1atri\u00f0um \u2192 Helstu vatnsheldu h\u00fa\u00f0unarl\u00f6g \u2192 \u00de\u00e9tting vatnshelds lags \u2192 Verndarlag (valfrj\u00e1lst) \u2192 Vatnsgeymslu- e\u00f0a fl\u00f3\u00f0apr\u00f3f.<\/p>\n<p dir=\"auto\"><strong>Lykilatri\u00f0i \u00ed notkun<\/strong><\/p>\n<ol dir=\"auto\">\n<li>Hr\u00e6ri\u00f0 h\u00fa\u00f0unina vel fyrir notkun. Ekki b\u00e6ta vatni vi\u00f0 e\u00f0a \u00feynna efni\u00f0 handah\u00f3fskennt.<\/li>\n<li>Beri\u00f0 \u00e1 me\u00f0 pensli e\u00f0a r\u00fallu. Haldi\u00f0 s\u00f6mu penslu\u00e1tt og strokulengd. Beri\u00f0 hvert lag \u00e1 til skiptis til a\u00f0 f\u00e1 jafna \u00feekju. Byggi\u00f0 upp vatnshelda lagi\u00f0 lag fyrir lag.<\/li>\n<li>Beri\u00f0 n\u00e6sta lag a\u00f0eins \u00e1 eftir a\u00f0 \u00fea\u00f0 fyrra er \u00feurrt vi\u00f0komu (snerting me\u00f0 fingri \u00e6tti ekki a\u00f0 vera kl\u00edstra\u00f0).<\/li>\n<li>\u00deegar styrkt er me\u00f0 p\u00f3l\u00fdesterefni (dekkkl\u00e6\u00f0i) e\u00f0a trefjaplasti:\n<ul dir=\"auto\">\n<li>Samskeytin \u00e1 efninu skulu skarast um a\u00f0 minnsta kosti 5 cm.<\/li>\n<li>Leggi\u00f0 styrkingarefni\u00f0 \u00e1 me\u00f0an h\u00fa\u00f0unin er enn blaut.<\/li>\n<li>\u00der\u00fdsti\u00f0 og skafi\u00f0 efni\u00f0 flatt til a\u00f0 fjarl\u00e6gja loftb\u00f3lur og g\u00e6ti\u00f0 \u00feess a\u00f0 h\u00fa\u00f0in smj\u00fagi alveg inn \u00ed efni\u00f0 og hylji \u00fea\u00f0 alveg \u00e1n \u00feess a\u00f0 trefjar berist.<\/li>\n<\/ul>\n<\/li>\n<\/ol>\n<p dir=\"auto\">Fylgi\u00f0 st\u00f6\u00f0lu\u00f0um undirb\u00fanings- og her\u00f0ingarskilyr\u00f0um yfirbor\u00f0s til a\u00f0 n\u00e1 sem bestum \u00e1rangri.<\/p>\n<div>\n<div>\n<h2 dir=\"auto\">Augnabliksl\u00edmduft fyrir byggingar<\/h2>\n<p dir=\"auto\"><img loading=\"lazy\" decoding=\"async\" class=\"wp-image-899 alignleft\" src=\"https:\/\/great-ocean-waterproof.com\/wp-content\/uploads\/2025\/12\/Instant-Adhesive-Powder-For-Construction_1.webp\" alt=\"Augnabliksl\u00edmduft fyrir byggingar\" width=\"124\" height=\"172\" \/>Framlei\u00f0sluferli\u00f0 notar j\u00e1kv\u00e6\u00f0an \u00fer\u00fdstif\u00f3\u00f0runarkerfi og sj\u00e1lfvirkan bl\u00f6ndunarb\u00fana\u00f0 til a\u00f0 tryggja einsleitni agna og st\u00f6\u00f0uga v\u00f6rug\u00e6\u00f0i me\u00f0 n\u00e1kv\u00e6mri stj\u00f3rnun \u00e1 hlutfalli a\u00f0al- og hj\u00e1lparefna. Helstu e\u00f0liseiginleikar eru me\u00f0al annars mikill bindistyrkur, ve\u00f0ur\u00feol og sprungu\u00feol, sem gerir kleift a\u00f0 sam\u00fe\u00e6tta efni\u00f0 a\u00f0 fullu vi\u00f0 sementsbundin efni til a\u00f0 mynda mj\u00f6g sterkt bindilag.<\/p>\n<ul dir=\"auto\">\n<li><strong>E\u00f0lisfr\u00e6\u00f0ilegir eiginleikar<\/strong>Seigjan n\u00e6r 3,2 MPa; ve\u00f0ur\u00feolspr\u00f3f stenst 2000 klukkustundir af \u00fatfj\u00f3lubl\u00e1um geislun<\/li>\n<li><strong>Upplausnareiginleikar<\/strong>Leysist alveg upp \u00ed k\u00f6ldu vatni innan 3 m\u00edn\u00fatna og myndar kolloid me\u00f0 seigju upp \u00e1 8000 CPS<\/li>\n<li><strong>L\u00edmstyrkur<\/strong>Eftir bl\u00f6ndun vi\u00f0 sement eykst l\u00edmstyrkurinn verulega; hentar \u00ed umhverfi fr\u00e1 -20\u00b0C til 80\u00b0C<\/li>\n<li><strong>St\u00f6\u00f0ugleiki<\/strong>: kolloidi\u00f0 helst st\u00f6\u00f0ugt \u00ed 72 klukkustundir \u00e1n lagskiptingar; pH gildi\u00f0 helst \u00e1 milli 8,5\u20139,5<\/li>\n<\/ul>\n<h2 dir=\"auto\">Umsagnir vi\u00f0skiptavina<\/h2>\n<p dir=\"auto\"><strong>Ahmed Al-Mansoori \u2013 D\u00faba\u00ed, Sameinu\u00f0u arab\u00edsku furstad\u00e6munum (\u00deakverktaki)<\/strong> Vi\u00f0 notu\u00f0um JY-TOS \u00e1 nokkur fl\u00f6t steinsteypt \u00fe\u00f6k s\u00ed\u00f0asta sumar \u00feegar hitinn var yfir 45\u00b0C. \u00deaki\u00f0 var vandr\u00e6\u00f0alaust, lyktin var ekki sterk og \u00feorna\u00f0i hratt, jafnvel \u00ed hitanum. Eftir eitt \u00e1r og tv\u00e6r rigningart\u00edmabil hefur enginn leki veri\u00f0 tilkynntur hinga\u00f0 til. Lj\u00f3sgr\u00e1r liturinn hj\u00e1lpa\u00f0i til vi\u00f0 a\u00f0 l\u00e6kka yfirbor\u00f0shitastigi\u00f0 a\u00f0eins. G\u00f3\u00f0 frammista\u00f0a mi\u00f0a\u00f0 vi\u00f0 ver\u00f0i\u00f0.<\/p>\n<p dir=\"auto\"><strong>Maria Costa \u2013 Lissabon, Port\u00fagal (h\u00faseigandi)<\/strong> \u00c9g bar sj\u00e1lfur \u00e1 mig tv\u00f6 l\u00f6g \u00e1 gamla steinsteypta svalir fr\u00e1 \u00e1ttunda \u00e1ratugnum sem lak alltaf inn \u00ed svefnherbergi\u00f0. Yfirbor\u00f0i\u00f0 var hreinsa\u00f0 og \u00f6rl\u00edti\u00f0 rakt \u2013 efni\u00f0 festist enn vel. \u00dea\u00f0 eru li\u00f0nir 14 m\u00e1nu\u00f0ir, \u00fear \u00e1 me\u00f0al mj\u00f6g blautur vetur, og svalirnar haldast \u00feurrar. \u00c1fer\u00f0in er matt og l\u00edtur ekki \u00fat fyrir a\u00f0 vera glansandi e\u00f0a plastkennd, sem \u00e9g k\u00fds frekar.<\/p>\n<p dir=\"auto\"><strong>Tan Wei Jie \u2013 Singap\u00far (endurn\u00fdjunarfyrirt\u00e6ki)<\/strong> Vi\u00f0 notum JY-TOS fyrir b\u00edlakjallaraveggi og sv\u00e6\u00f0i \u00ed kringum sundlaugar. Myndin \u00feykknar vel inn \u00ed steypuna og helst teygjanleg eftir her\u00f0ingu. Starfsf\u00f3lki l\u00edkar a\u00f0 h\u00fan s\u00e9 ein\u00fe\u00e1tta og lyktarl\u00edtil \u2013 sem er mikilv\u00e6gt \u00feegar unni\u00f0 er \u00ed mannhaldsh\u00fasum. Hinga\u00f0 til hafa \u00f6ll verkefni sta\u00f0ist 24 t\u00edma vatnspr\u00f3f \u00e1n vandr\u00e6\u00f0a.<\/p>\n<p dir=\"auto\"><strong>John Davies \u2013 Manchester, Bretlandi (Byggingarfr\u00e6\u00f0ingur)<\/strong> M\u00e6li me\u00f0 \u00feessari vatnsheldu h\u00fa\u00f0un \u00far l\u00edfr\u00e6nu s\u00edlikong\u00famm\u00edi fyrir \u00edb\u00fa\u00f0arblokk fr\u00e1 t\u00edunda \u00e1ratugnum me\u00f0 vi\u00f0varandi leka \u00ed \u00feakinu. Verktakinn bar \u00e1 \u00ferj\u00e1r umfer\u00f0ir yfir n\u00faverandi malbik. Sko\u00f0un 18 m\u00e1nu\u00f0um s\u00ed\u00f0ar s\u00fdndi a\u00f0 h\u00fa\u00f0unin var enn \u00f3skemmd, engar bl\u00f6\u00f0rur jafnvel eftir d\u00e6miger\u00f0an blautan breskan vetur. G\u00f3\u00f0 \u00f6ndun vir\u00f0ist koma \u00ed veg fyrir a\u00f0 raki safnist fyrir ne\u00f0an.<\/p>\n<p dir=\"auto\"><strong>Carlos Ram\u00edrez \u2013 Bogot\u00e1, K\u00f3lumb\u00edu (byggingaverkfr\u00e6\u00f0ingur)<\/strong> Nota\u00f0i \u00fea\u00f0 \u00e1 opnum gangst\u00e9tt \u00e1 g\u00f6ngubr\u00fa. Yfirbor\u00f0i\u00f0 fr\u00fds stundum \u00e1 n\u00f3ttunni (um \u20132\u00b0C) og f\u00e6r beint s\u00f3larlj\u00f3s \u00e1 daginn. Eftir tv\u00f6 \u00e1r er vatnshelda lagi\u00f0 enn sveigjanlegt og engar sprungur myndu\u00f0ust \u00ed hreyfipunktunum. Liturinn hefur dofna\u00f0 l\u00edtillega en v\u00f6rnin er enn virk.<\/p>\n<h2 dir=\"auto\">Algengar spurningar<\/h2>\n<p dir=\"auto\"><strong>Spurning 1: Hentar JY-TOS til beinnar snertingar vi\u00f0 drykkjarvatn?<\/strong> Nei, \u00fea\u00f0 er hanna\u00f0 fyrir almenna vatnsheldingu \u00ed byggingari\u00f0na\u00f0i (\u00fe\u00f6k, kjallara, sundlaugar o.s.frv.). \u00dea\u00f0 er eiturefnalaust eftir a\u00f0 \u00fea\u00f0 hefur har\u00f0na\u00f0 a\u00f0 fullu, en \u00fea\u00f0 er ekki votta\u00f0 fyrir drykkjarvatnstanka.<\/p>\n<p dir=\"auto\"><strong>Spurning 2: Er h\u00e6gt a\u00f0 bera \u00fea\u00f0 \u00e1 rakt yfirbor\u00f0?<\/strong> J\u00e1, \u00fea\u00f0 \u00feolir \u00f6rl\u00edti\u00f0 raka (ekki blauta) steypu. Fjarl\u00e6gja \u00fearf kyrrst\u00e6tt vatn og yfirbor\u00f0i\u00f0 \u00e6tti a\u00f0 vera laust vi\u00f0 lausar agnir.<\/p>\n<p dir=\"auto\"><strong>Spurning 3: \u00dearfnast \u00fea\u00f0 grunnunar?<\/strong> \u00cd flestum tilfellum er ekki \u00fe\u00f6rf \u00e1 grunni \u00e1 hreinum steypu- e\u00f0a sementsbundnum undirl\u00f6gum. \u00c1 mj\u00f6g sl\u00e9ttum e\u00f0a rykugum fleti m\u00e1 nota \u00feynnt lag af JY-TOS (1:1 me\u00f0 vatni) sem grunn.<\/p>\n<p dir=\"auto\"><strong>Q4: Hver er r\u00e1\u00f0lag\u00f0ur \u00feykkt\/skammtur?<\/strong> Algeng heildarnotkun er 1,6\u20132,2 kg\/m\u00b2 fyrir 1,0\u20131,2 mm \u00feurrfilmu\u00feykkt (venjulega 2\u20133 umfer\u00f0ir). H\u00e6rri skammtur (2,5\u20133,0 kg\/m\u00b2) er r\u00e1\u00f0lag\u00f0ur fyrir berar \u00fe\u00f6k e\u00f0a vatnsheldar mannvirki.<\/p>\n<p dir=\"auto\"><strong>Q5: Er h\u00e6gt a\u00f0 nota \u00fea\u00f0 \u00e1 m\u00e1lm\u00fe\u00f6kum?<\/strong> J\u00e1, en m\u00e1lmyfirbor\u00f0i\u00f0 ver\u00f0ur a\u00f0 vera hreint, ry\u00f0fr\u00edtt og st\u00f6\u00f0ugt. M\u00e6lt er me\u00f0 \u00fev\u00ed a\u00f0 nota vi\u00f0eigandi ry\u00f0varnargrunn \u00e1\u00f0ur en JY-TOS er bori\u00f0 \u00e1.<\/p>\n<p dir=\"auto\"><strong>Q6: Hversu langan t\u00edma tekur \u00fea\u00f0 a\u00f0 gr\u00f3a?<\/strong> \u00deurrt vi\u00f0 snertingu eftir 2\u20134 klukkustundir, h\u00e6gt a\u00f0 m\u00e1la yfir eftir 4\u20138 klukkustundir (fer eftir hitastigi og raka). Full\u00feurrkun og h\u00e1marks vatnsheldni n\u00e6st eftir 5\u20137 daga.<\/p>\n<p dir=\"auto\"><strong>Q7: Mun liturinn dofna \u00ed s\u00f3larlj\u00f3si?<\/strong> Lj\u00f3sir litir (gr\u00e1ir, beisir) dofna l\u00edtillega. D\u00f6kkir litir geta dofna\u00f0 \u00f6rl\u00edti\u00f0 \u00e1 2\u20133 \u00e1rum en vatnsheldni hefur ekki \u00e1hrif.<\/p>\n<p dir=\"auto\"><strong>Spurning 8: Er h\u00e6gt a\u00f0 ganga \u00e1 \u00fev\u00ed eftir a\u00f0 \u00fea\u00f0 hefur veri\u00f0 bori\u00f0 \u00e1 (t.d. \u00e1 \u00feak)?<\/strong> J\u00e1, eftir a\u00f0 \u00fea\u00f0 hefur har\u00f0na\u00f0 a\u00f0 fullu \u00feolir \u00fea\u00f0 umfer\u00f0 f\u00f3tgangandi. Fyrir reglulegt vi\u00f0hald er m\u00e6lt me\u00f0 verndandi sement-sand j\u00f6fnunarefni e\u00f0a g\u00f6ngup\u00fa\u00f0um.<\/p>\n<p dir=\"auto\"><strong>Q9: Hver er geymslu\u00feoli\u00f0?<\/strong> 24 m\u00e1nu\u00f0ir fr\u00e1 framlei\u00f0sludegi ef geymt \u00ed upprunalegum, loku\u00f0um f\u00f6tum \u00e1 k\u00f6ldum, \u00feurrum sta\u00f0 (5\u201335\u00b0C).<\/p>\n<p dir=\"auto\"><strong>Q10: Getur \u00fea\u00f0 br\u00faa\u00f0 sprungur?<\/strong> \u00dea\u00f0 getur br\u00faa\u00f0 sprungur \u00ed kyrrst\u00f6\u00f0u allt a\u00f0 um \u00fea\u00f0 bil 0,4 mm. Til a\u00f0 f\u00e6ra sprungur e\u00f0a samskeyti sem eru brei\u00f0ari en 1 mm \u00fearf vi\u00f0b\u00f3tarstyrkingu (p\u00f3l\u00fdesterefni + auka l\u00f6g).<\/p>\n<\/div>\n<h2 dir=\"auto\">Um Great Ocean Waterproof Technology Co., Ltd.<\/h2>\n<p dir=\"auto\">Great Ocean Waterproof Technology Co., Ltd. (\u00e1\u00f0ur Weifang Great Ocean New Waterproof Materials Co., Ltd.) var stofna\u00f0 \u00e1ri\u00f0 1999 og er sta\u00f0sett \u00ed Taitou Town, Shouguang City \u2013 st\u00e6rsta framlei\u00f0slust\u00f6\u00f0 vatnsheldra efna \u00ed K\u00edna.<\/p>\n<p dir=\"auto\">Fyrirt\u00e6ki\u00f0 er \u00e1 26.000 fermetra verksmi\u00f0jul\u00f3\u00f0 og hefur \u00fer\u00f3ast \u00ed h\u00e1t\u00e6knifyrirt\u00e6ki \u00e1 landsv\u00edsu sem sam\u00fe\u00e6ttir ranns\u00f3knir og \u00fer\u00f3un, framlei\u00f0slu og s\u00f6lu \u00e1 vatnsheldandi efnum. Vi\u00f0 rekum margar h\u00e1\u00fer\u00f3a\u00f0ar framlei\u00f0slul\u00ednur fyrir vatnsheldar himnur, pl\u00f6tur og h\u00fa\u00f0anir sem uppfylla gildandi innlenda sta\u00f0la.<\/p>\n<p dir=\"auto\">Helstu v\u00f6ru\u00farval okkar inniheldur:<\/p>\n<ul dir=\"auto\">\n<li>Vatnsheldandi himnur \u00far fj\u00f6lli\u00f0um (PE\/p\u00f3l\u00fdester, PVC, TPO, CPE fyrir hra\u00f0lestar, sj\u00e1lfl\u00edmandi fj\u00f6lli\u00f0a, forlag\u00f0ar fj\u00f6lli\u00f0ur, krosslaga\u00f0ar hvarfgjarnar l\u00edmandi himnur)<\/li>\n<li>Vatnsheldandi himnur \u00far breyttu bitumeni (SBS\/APP, sj\u00e1lfl\u00edmandi bitumen, r\u00f3tar\u00feolin ser\u00eda)<\/li>\n<li>Verndunar- og fr\u00e1rennslispl\u00f6tur<\/li>\n<li>Vatnsheld h\u00fa\u00f0un (eins-\/tv\u00ed\u00fe\u00e1tta p\u00f3l\u00fd\u00faretan, JS fj\u00f6lli\u00f0usement, vatnsleysanlegt p\u00f3l\u00fd\u00faretan, sementkennt kristalla\u00f0, \u00fa\u00f0abr\u00fasa\u00f0 g\u00famm\u00edasfalt, \u00f3her\u00f0andi g\u00famm\u00edasfalt, gegns\u00e6tt vatnsheldandi l\u00edm fyrir \u00fatveggi, mj\u00f6g teygjanleg flj\u00f3tandi himna o.s.frv.)<\/li>\n<li>Hj\u00e1lparv\u00f6rur (s\u00e9rst\u00f6k \u00feurrduftl\u00edm, b\u00fat\u00fdlteip o.s.frv.)<\/li>\n<\/ul>\n<p dir=\"auto\">Fyrirt\u00e6ki\u00f0 b\u00fdr yfir sterkri t\u00e6knilegri getu me\u00f0 s\u00e9rstakt ranns\u00f3knar- og \u00fer\u00f3unarteymi, h\u00e1\u00fer\u00f3a\u00f0ri framlei\u00f0slub\u00fana\u00f0i og fullkomnum pr\u00f3funara\u00f0st\u00f6\u00f0um til a\u00f0 tryggja st\u00f6\u00f0uga og \u00e1rei\u00f0anlega v\u00f6rug\u00e6\u00f0i. Vi\u00f0 h\u00f6fum sta\u00f0ist ISO g\u00e6\u00f0astj\u00f3rnunarkerfisvottun, h\u00f6fum innlend framlei\u00f0sluleyfi fyrir i\u00f0na\u00f0arv\u00f6rur og v\u00f6rur okkar hafa hloti\u00f0 vi\u00f0urkenningu sem \u201eNational Authoritative Testing Qualified Product\u201c fr\u00e1 China Quality Inspection Association.<\/p>\n<p dir=\"auto\">V\u00f6rur fr\u00e1 Great Ocean eru miki\u00f0 nota\u00f0ar \u00ed meira en 20 h\u00e9ru\u00f0um K\u00edna og fluttar \u00fat til nokkurra erlendra landa og sv\u00e6\u00f0a. Vi\u00f0 st\u00f6rfum samkv\u00e6mt n\u00fat\u00edmalegu stj\u00f3rnunarkerfi sem byggir \u00e1 meginreglum hei\u00f0arleika, rauns\u00e6is og n\u00fdsk\u00f6punar, me\u00f0 \u00fea\u00f0 a\u00f0 markmi\u00f0i a\u00f0 vinna alla a\u00f0 samstarfi og langt\u00edmasamstarfi vi\u00f0 vi\u00f0skiptavini um allan heim.<\/p>\n<table style=\"width: 100%; height: 24px;\" border=\"0\" width=\"100%\" cellspacing=\"0\" cellpadding=\"0\">\n<tbody>\n<tr style=\"height: 14.00pt;\">\n<td style=\"height: 10px; width: 177pt;\" width=\"354\" height=\"28\"><img loading=\"lazy\" decoding=\"async\" class=\"size-full wp-image-649 aligncenter\" src=\"https:\/\/great-ocean-waterproof.com\/wp-content\/uploads\/2025\/11\/Great-Ocean-Waterproof-Factory-47_1-scaled.webp\" alt=\"Great Ocean Waterproof verksmi\u00f0jan\" width=\"2560\" height=\"1920\" srcset=\"https:\/\/great-ocean-waterproof.com\/wp-content\/uploads\/2025\/11\/Great-Ocean-Waterproof-Factory-47_1-scaled.webp 2560w, https:\/\/great-ocean-waterproof.com\/wp-content\/uploads\/2025\/11\/Great-Ocean-Waterproof-Factory-47_1-1280x960.webp 1280w, https:\/\/great-ocean-waterproof.com\/wp-content\/uploads\/2025\/11\/Great-Ocean-Waterproof-Factory-47_1-980x735.webp 980w, https:\/\/great-ocean-waterproof.com\/wp-content\/uploads\/2025\/11\/Great-Ocean-Waterproof-Factory-47_1-480x360.webp 480w\" sizes=\"(min-width: 0px) and (max-width: 480px) 480px, (min-width: 481px) and (max-width: 980px) 980px, (min-width: 981px) and (max-width: 1280px) 1280px, (min-width: 1281px) 2560px, 100vw\" \/><\/td>\n<td style=\"width: 235pt; height: 10px;\" width=\"470\"><img loading=\"lazy\" decoding=\"async\" class=\"size-full wp-image-608 aligncenter\" src=\"https:\/\/great-ocean-waterproof.com\/wp-content\/uploads\/2025\/11\/Great-Ocean-Waterproof-Factory-6_1-scaled.webp\" alt=\"Great Ocean Waterproof verksmi\u00f0jan\" width=\"2560\" height=\"1439\" srcset=\"https:\/\/great-ocean-waterproof.com\/wp-content\/uploads\/2025\/11\/Great-Ocean-Waterproof-Factory-6_1-scaled.webp 2560w, https:\/\/great-ocean-waterproof.com\/wp-content\/uploads\/2025\/11\/Great-Ocean-Waterproof-Factory-6_1-1280x720.webp 1280w, https:\/\/great-ocean-waterproof.com\/wp-content\/uploads\/2025\/11\/Great-Ocean-Waterproof-Factory-6_1-980x551.webp 980w, https:\/\/great-ocean-waterproof.com\/wp-content\/uploads\/2025\/11\/Great-Ocean-Waterproof-Factory-6_1-480x270.webp 480w\" sizes=\"(min-width: 0px) and (max-width: 480px) 480px, (min-width: 481px) and (max-width: 980px) 980px, (min-width: 981px) and (max-width: 1280px) 1280px, (min-width: 1281px) 2560px, 100vw\" \/><\/td>\n<\/tr>\n<tr style=\"height: 14.00pt;\">\n<td style=\"height: 14px;\" height=\"28\"><img loading=\"lazy\" decoding=\"async\" class=\"size-full wp-image-641 aligncenter\" src=\"https:\/\/great-ocean-waterproof.com\/wp-content\/uploads\/2025\/11\/Great-Ocean-Waterproof-Factory-39_1-scaled.webp\" alt=\"Great Ocean Waterproof verksmi\u00f0jan\" width=\"2560\" height=\"2560\" srcset=\"https:\/\/great-ocean-waterproof.com\/wp-content\/uploads\/2025\/11\/Great-Ocean-Waterproof-Factory-39_1-scaled.webp 2560w, https:\/\/great-ocean-waterproof.com\/wp-content\/uploads\/2025\/11\/Great-Ocean-Waterproof-Factory-39_1-1280x1280.webp 1280w, https:\/\/great-ocean-waterproof.com\/wp-content\/uploads\/2025\/11\/Great-Ocean-Waterproof-Factory-39_1-980x980.webp 980w, https:\/\/great-ocean-waterproof.com\/wp-content\/uploads\/2025\/11\/Great-Ocean-Waterproof-Factory-39_1-480x480.webp 480w\" sizes=\"(min-width: 0px) and (max-width: 480px) 480px, (min-width: 481px) and (max-width: 980px) 980px, (min-width: 981px) and (max-width: 1280px) 1280px, (min-width: 1281px) 2560px, 100vw\" \/><\/td>\n<td style=\"height: 14px;\"><img loading=\"lazy\" decoding=\"async\" class=\"size-full wp-image-627 aligncenter\" src=\"https:\/\/great-ocean-waterproof.com\/wp-content\/uploads\/2025\/11\/Great-Ocean-Waterproof-Factory-25_1-scaled.webp\" alt=\"Great Ocean Waterproof verksmi\u00f0jan\" width=\"2560\" height=\"1920\" srcset=\"https:\/\/great-ocean-waterproof.com\/wp-content\/uploads\/2025\/11\/Great-Ocean-Waterproof-Factory-25_1-scaled.webp 2560w, https:\/\/great-ocean-waterproof.com\/wp-content\/uploads\/2025\/11\/Great-Ocean-Waterproof-Factory-25_1-1280x960.webp 1280w, https:\/\/great-ocean-waterproof.com\/wp-content\/uploads\/2025\/11\/Great-Ocean-Waterproof-Factory-25_1-980x735.webp 980w, https:\/\/great-ocean-waterproof.com\/wp-content\/uploads\/2025\/11\/Great-Ocean-Waterproof-Factory-25_1-480x360.webp 480w\" sizes=\"(min-width: 0px) and (max-width: 480px) 480px, (min-width: 481px) and (max-width: 980px) 980px, (min-width: 981px) and (max-width: 1280px) 1280px, (min-width: 1281px) 2560px, 100vw\" \/><\/td>\n<\/tr>\n<\/tbody>\n<\/table>\n<section><\/section>\n<section><\/section>\n<\/div>","protected":false},"excerpt":{"rendered":"<p dir=\"auto\">JY-TOS l\u00edfr\u00e6nt s\u00edlikong\u00famm\u00ed vatnsheld efni er vatnsleysanlegt, gegndr\u00e6pt vatnsheld efni sem er framleitt \u00ed verksmi\u00f0ju okkar \u00ed K\u00edna, me\u00f0 l\u00edfr\u00e6nu s\u00edlikong\u00famm\u00edkremi sem a\u00f0alefni. Sem beinn framlei\u00f0andi bj\u00f3\u00f0um vi\u00f0 upp \u00e1 \u00feessa h\u00fa\u00f0un fyrir \u00fe\u00f6k, kjallara, sundlaugar, br\u00fdr og a\u00f0rar steinsteypumannvirki. H\u00fan b\u00fd\u00f0ur upp \u00e1 allt a\u00f0 20 \u00e1ra endingart\u00edma, g\u00f3\u00f0a teygjanleika, hita\u00feol fr\u00e1 -20\u00b0C til 100\u00b0C, \u00f6ldrunarvarnareiginleika og er eiturefnalaus. Varan f\u00e6st \u00ed m\u00f6rgum litum, s\u00fdnir sterka vi\u00f0lo\u00f0un og sm\u00fdgur um \u00fea\u00f0 bil 0,3 mm inn \u00ed steinsteypuundirlagi\u00f0 til a\u00f0 mynda \u00fe\u00e9tt vatnsheld lag. Samkeppnish\u00e6f verksmi\u00f0juver\u00f0 er \u00ed bo\u00f0i fyrir magnpantanir og verkefnapantanir.<\/p>","protected":false},"featured_media":900,"template":"","meta":{"_et_pb_use_builder":"","_et_pb_old_content":"","_et_gb_content_width":""},"product_brand":[],"product_cat":[22],"product_tag":[],"class_list":{"0":"post-898","1":"product","2":"type-product","3":"status-publish","4":"has-post-thumbnail","6":"product_cat-waterproof-coating","8":"first","9":"instock","10":"shipping-taxable","11":"product-type-simple"},"_links":{"self":[{"href":"https:\/\/great-ocean-waterproof.com\/is\/wp-json\/wp\/v2\/product\/898","targetHints":{"allow":["GET"]}}],"collection":[{"href":"https:\/\/great-ocean-waterproof.com\/is\/wp-json\/wp\/v2\/product"}],"about":[{"href":"https:\/\/great-ocean-waterproof.com\/is\/wp-json\/wp\/v2\/types\/product"}],"wp:featuredmedia":[{"embeddable":true,"href":"https:\/\/great-ocean-waterproof.com\/is\/wp-json\/wp\/v2\/media\/900"}],"wp:attachment":[{"href":"https:\/\/great-ocean-waterproof.com\/is\/wp-json\/wp\/v2\/media?parent=898"}],"wp:term":[{"taxonomy":"product_brand","embeddable":true,"href":"https:\/\/great-ocean-waterproof.com\/is\/wp-json\/wp\/v2\/product_brand?post=898"},{"taxonomy":"product_cat","embeddable":true,"href":"https:\/\/great-ocean-waterproof.com\/is\/wp-json\/wp\/v2\/product_cat?post=898"},{"taxonomy":"product_tag","embeddable":true,"href":"https:\/\/great-ocean-waterproof.com\/is\/wp-json\/wp\/v2\/product_tag?post=898"}],"curies":[{"name":"wp","href":"https:\/\/api.w.org\/{rel}","templated":true}]}}